{"id":157216,"date":"2018-07-08T00:00:00","date_gmt":"2018-07-07T22:00:00","guid":{"rendered":"https:\/\/melvx.my-eliquid.de\/shop\/my-eliquid-sortiment\/ezigaretten-zubehoer\/flaschen-aufbewahrung\/twist-off-liquid-flasche-120-ml\/"},"modified":"2025-11-25T13:54:01","modified_gmt":"2025-11-25T12:54:01","slug":"twist-off-liquid-flasche-120-ml","status":"publish","type":"product","link":"https:\/\/my-eliquid.de\/en_gb\/shop\/twist-off-liquid-flasche-120-ml\/","title":{"rendered":"Twist Off | Liquid bottle | 120 ml"},"content":{"rendered":"<p><strong>120ml Liquidflasche<\/strong> PET &#8211; twist off Deckel<\/p>\n<p>Diese praktische <strong>Liquid Flasche<\/strong> hat einen Deckel mit Twist-off Mechanismus.<\/p>\n<p>Die Flaschen haben eine extra grossen Flaschenhals f\u00fcr problemloses Bef\u00fcllen.<\/p>\n<p>Nach dem bef\u00fcllen einfach den Deckel fest verschlie\u00dfen und dann durch drehen des oberen teils die Spitze \u00f6ffenen.<\/p>\n<p>Schon kann der Dampf Spa\u00df beginnen!<\/p>\n<p>Perfekt zum bef\u00fcllen Ihres Tr\u00f6pflers oder f\u00fcr die <strong>Squonkler Flasche<\/strong>. Durch einen gr\u00f6\u00dferen durchfluss der \u00f6ffnung,<br \/>\nf\u00e4llt dies nun leichter als bei den, f\u00fcr die normalen kleinen \u00f6ffnungen besser geeigneten, dicken Einh\u00f6rner Flaschen.<\/p>","protected":false},"excerpt":{"rendered":"<p>Enough <strong>Liquid<\/strong>\u00a0<strong>Bottles<\/strong> crushed. Now we do it to the <strong>Drippers<\/strong> easier among you again. With this <strong>Twist Off bottle<\/strong> makes the t<strong>dribble<\/strong> fun again!<\/p>","protected":false},"featured_media":319413,"comment_status":"open","ping_status":"closed","template":"","meta":{"_acf_changed":false,"_relevanssi_hide_post":"","_relevanssi_hide_content":"","_relevanssi_pin_for_all":"","_relevanssi_pin_keywords":"","_relevanssi_unpin_keywords":"","_relevanssi_related_keywords":"","_relevanssi_related_include_ids":"","_relevanssi_related_exclude_ids":"","_relevanssi_related_no_append":"","_relevanssi_related_not_related":"","_relevanssi_related_posts":"","_relevanssi_noindex_reason":""},"product_brand":[4564],"product_cat":[4717,4699],"product_tag":[],"class_list":{"0":"post-157216","1":"product","2":"type-product","3":"status-publish","4":"has-post-thumbnail","6":"product_brand-my-eliquid","7":"product_cat-flaschen-aufbewahrung","8":"product_cat-ezigaretten-zubehoer","9":"product_shipping_class-standard","10":"pa_ageverification-nein","11":"pa_country_of_manufacture-de","12":"pa_faq-product_hardware_faq","13":"pa_filling_quantity-120ml","14":"pa_generate_meta-nein","15":"pa_insi-product_hardware_insi","16":"pa_manufacturer-my_eliquid","17":"pa_product_suggestion-nein","18":"pa_product_type-8_zubehor","19":"pa_product_weight-4218","20":"pa_weight-0_02","22":"first","23":"outofstock","24":"taxable","25":"shipping-taxable","26":"purchasable","27":"product-type-simple"},"acf":[],"_links":{"self":[{"href":"https:\/\/my-eliquid.de\/en_gb\/wp-json\/wp\/v2\/product\/157216","targetHints":{"allow":["GET"]}}],"collection":[{"href":"https:\/\/my-eliquid.de\/en_gb\/wp-json\/wp\/v2\/product"}],"about":[{"href":"https:\/\/my-eliquid.de\/en_gb\/wp-json\/wp\/v2\/types\/product"}],"replies":[{"embeddable":true,"href":"https:\/\/my-eliquid.de\/en_gb\/wp-json\/wp\/v2\/comments?post=157216"}],"wp:featuredmedia":[{"embeddable":true,"href":"https:\/\/my-eliquid.de\/en_gb\/wp-json\/wp\/v2\/media\/319413"}],"wp:attachment":[{"href":"https:\/\/my-eliquid.de\/en_gb\/wp-json\/wp\/v2\/media?parent=157216"}],"wp:term":[{"taxonomy":"product_brand","embeddable":true,"href":"https:\/\/my-eliquid.de\/en_gb\/wp-json\/wp\/v2\/product_brand?post=157216"},{"taxonomy":"product_cat","embeddable":true,"href":"https:\/\/my-eliquid.de\/en_gb\/wp-json\/wp\/v2\/product_cat?post=157216"},{"taxonomy":"product_tag","embeddable":true,"href":"https:\/\/my-eliquid.de\/en_gb\/wp-json\/wp\/v2\/product_tag?post=157216"}],"curies":[{"name":"wp","href":"https:\/\/api.w.org\/{rel}","templated":true}]}}