{"id":157383,"date":"2018-10-08T00:00:00","date_gmt":"2018-10-07T22:00:00","guid":{"rendered":"https:\/\/melvx.my-eliquid.de\/aroma-shop\/aromen\/on-rop-mf-bear-grumpy-fruits-aroma-fill-up\/"},"modified":"2025-11-25T13:51:57","modified_gmt":"2025-11-25T12:51:57","slug":"on-rop-mf-bear-grumpy-fruits-aroma-fill-up","status":"publish","type":"product","link":"https:\/\/my-eliquid.de\/en_gb\/shop\/on-rop-mf-bear-grumpy-fruits-aroma-fill-up\/","title":{"rendered":"ON-ROP | MF-BEAR | Grumpy Fruits"},"content":{"rendered":"<p>Er sieht s\u00fc\u00df aus und er wei\u00df, was er will!<\/p>\n<p>Nichts anderes als die perfekte Kombi aus vollreifer Mango,<\/p>\n<p>sonnengek\u00fcssten Orangen und seidig weichem Joghurt.\u00a0<\/p>\n<p>Grumpy Fruits ist der Luxus, der dir zusteht.\u00a0<\/p>\n<p>Mach keine Kompromisse, sei wie MF-Bear und nimm es dir!<\/p>\n<p><span style=\"color: #ff0000;\"><strong>Achtung Aroma : nicht Pure Dampfen\u00a0<\/strong><\/span><\/p>\n<p><span style=\"color: #ff0000;\"><strong>\u00a0<\/strong><\/span><\/p>","protected":false},"excerpt":{"rendered":"<p><strong>On-Rop Grumpy Fruits MF-Bear \u00a0<\/strong>Nothing other than the perfect combination of fully ripe <strong>Mango<\/strong>sun-kissed <strong>Oranges\u00a0<\/strong>and silky soft <strong>Yoghurt<\/strong>.\u00a0<\/p>","protected":false},"featured_media":319299,"comment_status":"open","ping_status":"closed","template":"","meta":{"_acf_changed":false,"_relevanssi_hide_post":"","_relevanssi_hide_content":"","_relevanssi_pin_for_all":"","_relevanssi_pin_keywords":"","_relevanssi_unpin_keywords":"","_relevanssi_related_keywords":"","_relevanssi_related_include_ids":"","_relevanssi_related_exclude_ids":"","_relevanssi_related_no_append":"","_relevanssi_related_not_related":"","_relevanssi_related_posts":"","_relevanssi_noindex_reason":""},"product_brand":[4564],"product_cat":[4701,4845,4792,4843],"product_tag":[7586,7585,7587,5809,5768],"class_list":{"0":"post-157383","1":"product","2":"type-product","3":"status-publish","4":"has-post-thumbnail","6":"product_brand-my-eliquid","7":"product_cat-aromen","8":"product_cat-fill-up-aroma","9":"product_cat-neue-aromen","10":"product_cat-on-rop","11":"product_tag-fruits","12":"product_tag-grumpy","13":"product_tag-mf-bear","14":"product_tag-on-rop","15":"product_tag-onrop","16":"product_shipping_class-standard","17":"pa_ageverification-ja","18":"pa_country_of_manufacture-de","19":"pa_faq-product_aroma_faq","20":"pa_filling_quantity-10ml","21":"pa_flavour_art-cooling","22":"pa_generate_meta-nein","23":"pa_ghs_gefahrenbezeichnung-achtung","24":"pa_ghs_hsatz-ba-h302gesundheitsschadlichbe","25":"pa_ghs_hsatz-34-h319verursachtschwereaugen","26":"pa_ghs_hsatz-h335kanndieatemwegereizen_","27":"pa_ghs_signalwort-achtung","28":"pa_herkunftsland-21-diegesamtefertigungunserer","29":"pa_info1-e7-product_aroma_kurzbeschrei","30":"pa_info2-product_aroma_beschreibung","31":"pa_insi-product_aroma_insi","32":"pa_manufacturer-my_eliquid","33":"pa_mindesthaltbarkeit-24monate","34":"pa_mixture_ratio-keineangabe","35":"pa_nicotin-n_a","36":"pa_product_suggestion-nein","37":"pa_product_type-11_fillup_eigenprodukte","38":"pa_product_weight-4217","39":"pa_weight-0_03","41":"first","42":"outofstock","43":"taxable","44":"shipping-taxable","45":"purchasable","46":"product-type-simple"},"acf":[],"_links":{"self":[{"href":"https:\/\/my-eliquid.de\/en_gb\/wp-json\/wp\/v2\/product\/157383","targetHints":{"allow":["GET"]}}],"collection":[{"href":"https:\/\/my-eliquid.de\/en_gb\/wp-json\/wp\/v2\/product"}],"about":[{"href":"https:\/\/my-eliquid.de\/en_gb\/wp-json\/wp\/v2\/types\/product"}],"replies":[{"embeddable":true,"href":"https:\/\/my-eliquid.de\/en_gb\/wp-json\/wp\/v2\/comments?post=157383"}],"wp:featuredmedia":[{"embeddable":true,"href":"https:\/\/my-eliquid.de\/en_gb\/wp-json\/wp\/v2\/media\/319299"}],"wp:attachment":[{"href":"https:\/\/my-eliquid.de\/en_gb\/wp-json\/wp\/v2\/media?parent=157383"}],"wp:term":[{"taxonomy":"product_brand","embeddable":true,"href":"https:\/\/my-eliquid.de\/en_gb\/wp-json\/wp\/v2\/product_brand?post=157383"},{"taxonomy":"product_cat","embeddable":true,"href":"https:\/\/my-eliquid.de\/en_gb\/wp-json\/wp\/v2\/product_cat?post=157383"},{"taxonomy":"product_tag","embeddable":true,"href":"https:\/\/my-eliquid.de\/en_gb\/wp-json\/wp\/v2\/product_tag?post=157383"}],"curies":[{"name":"wp","href":"https:\/\/api.w.org\/{rel}","templated":true}]}}