{"id":157840,"date":"2019-05-24T00:00:00","date_gmt":"2019-05-23T22:00:00","guid":{"rendered":"https:\/\/melvx.my-eliquid.de\/aroma-shop\/aromen\/mel-fillup-senses-12ml-aroma\/"},"modified":"2025-11-25T13:52:56","modified_gmt":"2025-11-25T12:52:56","slug":"mel-fillup-senses-12ml-aroma","status":"publish","type":"product","link":"https:\/\/my-eliquid.de\/en_gb\/shop\/mel-fillup-senses-12ml-aroma\/","title":{"rendered":"Senses Ice Tea Flavour | 10 ml | Fill Up"},"content":{"rendered":"<p>Eine neues Aroma das eure Sinne ber\u00fchrt!<\/p>\n<p>Now to the <strong>Senses Ice Tea Fill Up Aroma:<\/strong><\/p>\n<p>Sweetness <strong>Cherry<\/strong> meets <strong>Green tea<\/strong> and is rounded off with a fruity <strong>Blackcurrant<\/strong>!\u00a0<\/p>\n<p>Fruchtig, s\u00fc\u00df mit einer erfrischend leichten Cooling Note.\u00a0<\/p>\n<p>You have never had more pleasure <strong>steamed!<\/strong><\/p>\n<p><strong>If you haven't found YOUR ALL DAY LIQUID yet, we've mixed it for you!<\/strong><\/p>\n<p><strong>A marvellous composition In the best alternative.<\/strong><\/p>\n<p><strong>Als Fill up ist es Ihnen \u00fcberlassen welche Base Sie einf\u00fcllten. 48 ml werden an Base ben\u00f6tig.<\/strong><\/p>\n<p>Either 1x our bundle offer or simply buy a zero base, top up, shake and you're done <strong>60 ml ready-made<\/strong> delicious <strong>Liquid!<\/strong><\/p>\n<p><strong>Scope of delivery:<\/strong><\/p>\n<p><strong>1x 12 ml Senses Ice Tea Aroma in 60 ml Chubby Flasche<\/strong><\/p>","protected":false},"excerpt":{"rendered":"<p>Sweetness\u00a0<strong>Cherry<\/strong>\u00a0meets\u00a0<strong>Green tea<\/strong>\u00a0and is rounded off with a fruity\u00a0<strong>Blackcurrant<\/strong>!  Fruity, sweet with a refreshingly light cooling note.\u00a0<\/p>","protected":false},"featured_media":319538,"comment_status":"open","ping_status":"closed","template":"","meta":{"_acf_changed":false,"_relevanssi_hide_post":"","_relevanssi_hide_content":"","_relevanssi_pin_for_all":"","_relevanssi_pin_keywords":"","_relevanssi_unpin_keywords":"","_relevanssi_related_keywords":"","_relevanssi_related_include_ids":"","_relevanssi_related_exclude_ids":"","_relevanssi_related_no_append":"","_relevanssi_related_not_related":"","_relevanssi_related_posts":"","_relevanssi_noindex_reason":""},"product_brand":[4564],"product_cat":[4733,4701,4702,4845,4792,4722,4712,4793],"product_tag":[1399,6892,4949,7194,7252,6991,6895,7253,7752,5075,5805,7373,6584,5162,6992,7254],"class_list":{"0":"post-157840","1":"product","2":"type-product","3":"status-publish","4":"has-post-thumbnail","6":"product_brand-my-eliquid","7":"product_cat-alle-aromen","8":"product_cat-aromen","9":"product_cat-drinks-aromen-liquid-e-zigarette","10":"product_cat-fill-up-aroma","11":"product_cat-neue-aromen","12":"product_cat-neuheiten","13":"product_cat-special-aromen-liquid-e-zigarette","14":"product_cat-e-zigaretten-liquid-basen-aroma-vape-sale","15":"product_tag-aroma","16":"product_tag-black","17":"product_tag-cherry","18":"product_tag-currant","19":"product_tag-do","20":"product_tag-fill","21":"product_tag-gruener","22":"product_tag-it","23":"product_tag-johanisbeere","24":"product_tag-kirsche","25":"product_tag-liquid","26":"product_tag-schwarze","27":"product_tag-suesse","28":"product_tag-tee","29":"product_tag-up","30":"product_tag-yourself","31":"product_shipping_class-standard","32":"pa_ageverification-ja","33":"pa_country_of_manufacture-de","34":"pa_faq-product_aroma_faq","35":"pa_filling_quantity-10ml","36":"pa_flavour_art-frucht","37":"pa_generate_meta-nein","38":"pa_ghs_gefahrenbezeichnung-achtung","39":"pa_ghs_hsatz-ba-h302gesundheitsschadlichbe","40":"pa_ghs_hsatz-34-h319verursachtschwereaugen","41":"pa_ghs_hsatz-h335kanndieatemwegereizen_","42":"pa_ghs_signalwort-achtung","43":"pa_info1-e7-product_aroma_kurzbeschrei","44":"pa_info2-product_aroma_beschreibung","45":"pa_insi-product_aroma_insi","46":"pa_manufacturer-my_eliquid","47":"pa_mindesthaltbarkeit-24monate","48":"pa_product_suggestion-nein","49":"pa_product_type-11_fillup_eigenprodukte","50":"pa_product_weight-4217","51":"pa_special_products-neu","52":"pa_weight-0_04","54":"first","55":"outofstock","56":"taxable","57":"shipping-taxable","58":"purchasable","59":"product-type-simple"},"acf":[],"_links":{"self":[{"href":"https:\/\/my-eliquid.de\/en_gb\/wp-json\/wp\/v2\/product\/157840","targetHints":{"allow":["GET"]}}],"collection":[{"href":"https:\/\/my-eliquid.de\/en_gb\/wp-json\/wp\/v2\/product"}],"about":[{"href":"https:\/\/my-eliquid.de\/en_gb\/wp-json\/wp\/v2\/types\/product"}],"replies":[{"embeddable":true,"href":"https:\/\/my-eliquid.de\/en_gb\/wp-json\/wp\/v2\/comments?post=157840"}],"wp:featuredmedia":[{"embeddable":true,"href":"https:\/\/my-eliquid.de\/en_gb\/wp-json\/wp\/v2\/media\/319538"}],"wp:attachment":[{"href":"https:\/\/my-eliquid.de\/en_gb\/wp-json\/wp\/v2\/media?parent=157840"}],"wp:term":[{"taxonomy":"product_brand","embeddable":true,"href":"https:\/\/my-eliquid.de\/en_gb\/wp-json\/wp\/v2\/product_brand?post=157840"},{"taxonomy":"product_cat","embeddable":true,"href":"https:\/\/my-eliquid.de\/en_gb\/wp-json\/wp\/v2\/product_cat?post=157840"},{"taxonomy":"product_tag","embeddable":true,"href":"https:\/\/my-eliquid.de\/en_gb\/wp-json\/wp\/v2\/product_tag?post=157840"}],"curies":[{"name":"wp","href":"https:\/\/api.w.org\/{rel}","templated":true}]}}