{"id":159766,"date":"2024-02-06T00:00:00","date_gmt":"2024-02-05T23:00:00","guid":{"rendered":"https:\/\/melvx.my-eliquid.de\/shop\/my-eliquid-sortiment\/liquids\/frucht-liquids-e-zigarette\/apple-peach-nicsalz-liquid\/"},"modified":"2026-03-30T13:05:53","modified_gmt":"2026-03-30T11:05:53","slug":"apple-peach-nicsalz-liquid","status":"publish","type":"product","link":"https:\/\/my-eliquid.de\/en_gb\/shop\/apple-peach-nicsalz-liquid\/","title":{"rendered":"Apple Peach nicotine salt liquid"},"content":{"rendered":"<p>Das Apple Peach overdosed E-Liquid, ist eine erfrischende und k\u00f6stliche Kombination aus saftigen <strong>Apples<\/strong> und reifen <strong>Peaches<\/strong>, das speziell f\u00fcr Mehrweg-Vapes entwickelt wurde. Dieses E-Liquid ist ideal f\u00fcr diejenigen, die ein s\u00fc\u00dfes und fruchtiges Dampferlebnis suchen, das ihnen ein Gef\u00fchl von Frische und Leichtigkeit vermittelt.<\/p>\n<p><strong>Inhalt der e-Liquid Geschmacksrichtung &#8211; &#8220;Apple Peach &#8220;:<\/strong>\u00a0\u00a0 \u00a0Propylene glycol (<strong>PG<\/strong>) E1520 (Ph. Eur.), <strong>Pure vegetable glycerine<\/strong> (VG) E422 (<strong>DAB<\/strong>), flavours, order on request <strong>mit Nikotinsalz<\/strong> in various <strong>Strengths<\/strong>.<\/p>\n<p><strong><span>Nicotine salt e-liquids for refilling e-cigarettes. Nicotine salts are much more neutral in flavour and gentler when inhaled, so that the usual sharp, bitter note is eliminated and the coughing sensation is almost non-existent.<\/span><\/strong><\/p>","protected":false},"excerpt":{"rendered":"<p><span>Crisp, cool apple pieces combined with juicy peach.<\/span><\/p>","protected":false},"featured_media":319646,"comment_status":"open","ping_status":"closed","template":"","meta":{"_acf_changed":false,"_relevanssi_hide_post":"","_relevanssi_hide_content":"","_relevanssi_pin_for_all":"","_relevanssi_pin_keywords":"","_relevanssi_unpin_keywords":"","_relevanssi_related_keywords":"","_relevanssi_related_include_ids":"","_relevanssi_related_exclude_ids":"","_relevanssi_related_no_append":"","_relevanssi_related_not_related":"","_relevanssi_related_posts":"","_relevanssi_noindex_reason":""},"product_brand":[4564],"product_cat":[4731,4690,4880,4904,4791,4693],"product_tag":[4955,4999,4919,4915,4914,6508,6511,6509,6510,4993,6512,4920],"class_list":{"0":"post-159766","1":"product","2":"type-product","3":"status-publish","4":"has-post-thumbnail","6":"product_brand-my-eliquid","7":"product_cat-alle-liquids-fur-e-zigaretten","8":"product_cat-frucht-liquids-e-zigarette","9":"product_cat-liquids-ohne-sucralose","10":"product_cat-my-eliquid-nikotinsalz-liquid","11":"product_cat-neue-liquids","12":"product_cat-special-liquids-e-zigarette","13":"product_tag-apfel","14":"product_tag-cola","15":"product_tag-dampfer","16":"product_tag-e-liquid","17":"product_tag-eliquid","18":"product_tag-liquidsalz","19":"product_tag-nicsalt","20":"product_tag-nicsalz","21":"product_tag-nikotinsalz","22":"product_tag-pfirsich","23":"product_tag-salt","24":"product_tag-verdampfer","25":"product_shipping_class-standard","26":"pa_ageverification-ja","27":"pa_country_of_manufacture-de","28":"pa_faq-product_liquid_faq","29":"pa_filling_quantity-10ml","30":"pa_flasche-a8-tropferflaschemitsicherhei","31":"pa_flavour_art-frucht","32":"pa_generate_meta-nein","33":"pa_herkunftsland-16-unsererohstoffebeziehenwir","34":"pa_info1-49-product_liquid_kurzbeschre","35":"pa_info2-product_liquid_beschreibung","36":"pa_ingredients-a7-1_2_propandiol_propylengly","37":"pa_insi-product_liquid_insi","38":"pa_is_product_configurable-ja","39":"pa_manufacturer-my_eliquid","40":"pa_mindesthaltbarkeit-24monate","41":"pa_mixture_ratio-pg50_vg50","42":"pa_nicotin-10mg","43":"pa_nicotin-20mg","44":"pa_product_suggestion-nein","45":"pa_product_type-2_eliquid_eigenprodukt","46":"pa_product_weight-4218","47":"pa_special_products-neu","49":"first","50":"instock","51":"taxable","52":"shipping-taxable","53":"purchasable","54":"product-type-variable"},"acf":[],"_links":{"self":[{"href":"https:\/\/my-eliquid.de\/en_gb\/wp-json\/wp\/v2\/product\/159766","targetHints":{"allow":["GET"]}}],"collection":[{"href":"https:\/\/my-eliquid.de\/en_gb\/wp-json\/wp\/v2\/product"}],"about":[{"href":"https:\/\/my-eliquid.de\/en_gb\/wp-json\/wp\/v2\/types\/product"}],"replies":[{"embeddable":true,"href":"https:\/\/my-eliquid.de\/en_gb\/wp-json\/wp\/v2\/comments?post=159766"}],"wp:featuredmedia":[{"embeddable":true,"href":"https:\/\/my-eliquid.de\/en_gb\/wp-json\/wp\/v2\/media\/319646"}],"wp:attachment":[{"href":"https:\/\/my-eliquid.de\/en_gb\/wp-json\/wp\/v2\/media?parent=159766"}],"wp:term":[{"taxonomy":"product_brand","embeddable":true,"href":"https:\/\/my-eliquid.de\/en_gb\/wp-json\/wp\/v2\/product_brand?post=159766"},{"taxonomy":"product_cat","embeddable":true,"href":"https:\/\/my-eliquid.de\/en_gb\/wp-json\/wp\/v2\/product_cat?post=159766"},{"taxonomy":"product_tag","embeddable":true,"href":"https:\/\/my-eliquid.de\/en_gb\/wp-json\/wp\/v2\/product_tag?post=159766"}],"curies":[{"name":"wp","href":"https:\/\/api.w.org\/{rel}","templated":true}]}}