{"id":302078,"date":"2017-05-20T00:00:00","date_gmt":"2017-05-19T22:00:00","guid":{"rendered":"https:\/\/my-eliquid.de\/shop\/6mg-liquid-base-set-140ml\/"},"modified":"2026-04-03T11:20:29","modified_gmt":"2026-04-03T09:20:29","slug":"6mg-liquid-base-set-140ml","status":"publish","type":"product","link":"https:\/\/my-eliquid.de\/en_gb\/shop\/6mg-liquid-base-set-140ml\/","title":{"rendered":"6mg Liquid Base Set - 140ml"},"content":{"rendered":"<p>Hier bekommen Sie 140ml Base f\u00fcr Liquids!  <\/p>\n<p>Es wird nur der Umgang durch erfahrene und ge\u00fcbte Personen empfohlen.<br \/>Diese Artikel werden f\u00fcr <strong>Mischungen<\/strong> oder, um diese zu verd\u00fcnnen angeboten, nicht f\u00fcr den unmittelbaren Verbrauch.<\/p>\n<p><span style=\"color: #ff0000;\">Achtung !!! F\u00fcr Kindern unzug\u00e4nglich aufbewahren !!!<\/span><\/p>\n<p>Rechtliche Hinweise zur Verwendung<br \/>Bei diesen Artikeln handelt es sich rechtlich um Chemikalien. Diese Chemikalien werden zur Herstellung von<strong> Nachf\u00fcllfl\u00fcssigkeiten bzw. eLiquids<\/strong> verwendet. Nur f\u00fcr diesen Verwendungszweck werden diese Chemikalien f\u00fcr sachkundige K\u00e4ufer angeboten und an diese verkauft. Die sachgem\u00e4\u00dfe Verwendung liegt in der Verantwortung des K\u00e4ufers.<\/p>\n<p>Diese Chemikalien sind keine Arznei- oder Lebensmittel und sind in der von uns angebotenen Form noch nicht f\u00fcr die Einnahme durch einen Endverbraucher bestimmt. Wir geben auch keine verbindliche Zubereitungs- oder<strong> Dosierungsanleitung<\/strong>. Die Verwendung und Einnahme erfolgt auf Ihr eigenes Risiko.<\/p>\n<p>my-eLiquid haftet nicht f\u00fcr Gesundheitssch\u00e4den, z.B. durch eine unsachgem\u00e4\u00dfe Verwendung.<\/p>\n<p>Diese Artikel d\u00fcrfen nur bestellt werden, wenn der K\u00e4ufer \u00fcber die n\u00f6tige <strong>Erfahrung<\/strong> im Umgang mit diesen Chemikalien und Rohstoffen verf\u00fcgt.<\/p>","protected":false},"excerpt":{"rendered":"<p>This article consists of a nicotine-free base and the required number of 10ml nicotine shots with 20mg for self-mixing to obtain 140ml base with 6mg nicotine.<\/p>","protected":false},"featured_media":319277,"comment_status":"open","ping_status":"closed","template":"","meta":{"_acf_changed":false,"_relevanssi_hide_post":"","_relevanssi_hide_content":"","_relevanssi_pin_for_all":"","_relevanssi_pin_keywords":"","_relevanssi_unpin_keywords":"","_relevanssi_related_keywords":"","_relevanssi_related_include_ids":"","_relevanssi_related_exclude_ids":"","_relevanssi_related_no_append":"","_relevanssi_related_not_related":"","_relevanssi_related_posts":"","_relevanssi_noindex_reason":""},"product_brand":[],"product_cat":[4732,4695,4700],"product_tag":[6740,6737,6738,5124,1391,6717,5118,5805,6739],"class_list":{"0":"post-302078","1":"product","2":"type-product","3":"status-publish","4":"has-post-thumbnail","6":"product_cat-alle-basen-fur-liquids","7":"product_cat-diy-liquid-basen","8":"product_cat-liquid-basis-fertigmischung","9":"product_tag-140ml","10":"product_tag-6mg","11":"product_tag-base","12":"product_tag-basen","13":"product_tag-bitte","14":"product_tag-diy","15":"product_tag-fertigmischung","16":"product_tag-liquid","17":"product_tag-set","18":"product_shipping_class-standard","20":"first","21":"instock","22":"taxable","23":"shipping-taxable","24":"purchasable","25":"product-type-variable"},"acf":[],"_links":{"self":[{"href":"https:\/\/my-eliquid.de\/en_gb\/wp-json\/wp\/v2\/product\/302078","targetHints":{"allow":["GET"]}}],"collection":[{"href":"https:\/\/my-eliquid.de\/en_gb\/wp-json\/wp\/v2\/product"}],"about":[{"href":"https:\/\/my-eliquid.de\/en_gb\/wp-json\/wp\/v2\/types\/product"}],"replies":[{"embeddable":true,"href":"https:\/\/my-eliquid.de\/en_gb\/wp-json\/wp\/v2\/comments?post=302078"}],"wp:featuredmedia":[{"embeddable":true,"href":"https:\/\/my-eliquid.de\/en_gb\/wp-json\/wp\/v2\/media\/319277"}],"wp:attachment":[{"href":"https:\/\/my-eliquid.de\/en_gb\/wp-json\/wp\/v2\/media?parent=302078"}],"wp:term":[{"taxonomy":"product_brand","embeddable":true,"href":"https:\/\/my-eliquid.de\/en_gb\/wp-json\/wp\/v2\/product_brand?post=302078"},{"taxonomy":"product_cat","embeddable":true,"href":"https:\/\/my-eliquid.de\/en_gb\/wp-json\/wp\/v2\/product_cat?post=302078"},{"taxonomy":"product_tag","embeddable":true,"href":"https:\/\/my-eliquid.de\/en_gb\/wp-json\/wp\/v2\/product_tag?post=302078"}],"curies":[{"name":"wp","href":"https:\/\/api.w.org\/{rel}","templated":true}]}}