{"id":302465,"date":"2012-02-21T00:00:00","date_gmt":"2012-02-20T23:00:00","guid":{"rendered":"https:\/\/my-eliquid.de\/shop\/waldbeere-aroma\/"},"modified":"2026-04-03T20:12:13","modified_gmt":"2026-04-03T18:12:13","slug":"waldbeere-aroma","status":"publish","type":"product","link":"https:\/\/my-eliquid.de\/en_gb\/shop\/waldbeere-aroma\/","title":{"rendered":"Wild berry flavour"},"content":{"rendered":"<p>Eine Zusammenstellung verschiedenen <strong>Beeren des Waldes<\/strong>.<\/p>\n<p><b>DIY- Waldbeere Aroma<\/b>\u00a0to the <b>selbst aromatisieren<\/b> von individuellen <b>Liquids<\/b> with <b>s\u00fc\u00dfem Waldfrucht Geschmack<\/b> zum dampfen in <b>elektro. Zigaretten<\/b> and <b>elektronischen Verdampfern<\/b>.<\/p>\n<p>Attention<span style=\"color: #ff0000;\"><b> stark konzentriert<\/b><\/span>: <b>Flavours<\/b> to the <b>Herstellung von eLiquids<\/b> d\u00fcrfen unter keinen Umst\u00e4nden <b>unverd\u00fcnnt<\/b> verwendet werden und sollten immer mit einer <b>DIY-eLiquid Base<\/b> gemischt werden.<\/p>\n<div class=\"edit_box\"><span class=\"dpf_sent\">Zusatzstoffe: Triacetin<\/span>\u00a0E1518<\/div>\n<div class=\"edit_box\"><span style=\"color: #ff0000;\"><strong>Nicht f\u00fcr Makrolon-Tanks geeignet.<\/strong><\/span><\/div>","protected":false},"excerpt":{"rendered":"<p>Selected <strong>Flavours of the finest forest fruits<\/strong> are included in the <strong>Wild berry DIY aroma<\/strong> <strong>for e-liquids<\/strong> to a composition that inspires everyone who hears it <strong>fruity sweet<\/strong> like.<\/p>","protected":false},"featured_media":319187,"comment_status":"open","ping_status":"closed","template":"","meta":{"_acf_changed":false,"_relevanssi_hide_post":"","_relevanssi_hide_content":"","_relevanssi_pin_for_all":"","_relevanssi_pin_keywords":"","_relevanssi_unpin_keywords":"","_relevanssi_related_keywords":"","_relevanssi_related_include_ids":"","_relevanssi_related_exclude_ids":"","_relevanssi_related_no_append":"","_relevanssi_related_not_related":"","_relevanssi_related_posts":"","_relevanssi_noindex_reason":""},"product_brand":[],"product_cat":[4733,4882,4701,4705,4881],"product_tag":[1399,6826,5071,4919,4915,5166,4917,4914,4918,5004,5057,4920,5101,5102,6822],"class_list":{"0":"post-302465","1":"product","2":"type-product","3":"status-publish","4":"has-post-thumbnail","6":"product_cat-alle-aromen","7":"product_cat-aromen-ohne-sucralose","8":"product_cat-aromen","9":"product_cat-frucht-aromen-liquid-e-zigarette","10":"product_cat-my-eliquid-aromen","11":"product_tag-aroma","12":"product_tag-berry","13":"product_tag-bilberry","14":"product_tag-dampfer","15":"product_tag-e-liquid","16":"product_tag-e-zigarette","17":"product_tag-e-zigi","18":"product_tag-eliquid","19":"product_tag-ezigarette","20":"product_tag-nachfuellfluessigkeit","21":"product_tag-pomegranate","22":"product_tag-verdampfer","23":"product_tag-waldbeere","24":"product_tag-whortleberry","25":"product_tag-wild","26":"product_shipping_class-standard","28":"first","29":"instock","30":"taxable","31":"shipping-taxable","32":"purchasable","33":"product-type-variable"},"acf":[],"_links":{"self":[{"href":"https:\/\/my-eliquid.de\/en_gb\/wp-json\/wp\/v2\/product\/302465","targetHints":{"allow":["GET"]}}],"collection":[{"href":"https:\/\/my-eliquid.de\/en_gb\/wp-json\/wp\/v2\/product"}],"about":[{"href":"https:\/\/my-eliquid.de\/en_gb\/wp-json\/wp\/v2\/types\/product"}],"replies":[{"embeddable":true,"href":"https:\/\/my-eliquid.de\/en_gb\/wp-json\/wp\/v2\/comments?post=302465"}],"wp:featuredmedia":[{"embeddable":true,"href":"https:\/\/my-eliquid.de\/en_gb\/wp-json\/wp\/v2\/media\/319187"}],"wp:attachment":[{"href":"https:\/\/my-eliquid.de\/en_gb\/wp-json\/wp\/v2\/media?parent=302465"}],"wp:term":[{"taxonomy":"product_brand","embeddable":true,"href":"https:\/\/my-eliquid.de\/en_gb\/wp-json\/wp\/v2\/product_brand?post=302465"},{"taxonomy":"product_cat","embeddable":true,"href":"https:\/\/my-eliquid.de\/en_gb\/wp-json\/wp\/v2\/product_cat?post=302465"},{"taxonomy":"product_tag","embeddable":true,"href":"https:\/\/my-eliquid.de\/en_gb\/wp-json\/wp\/v2\/product_tag?post=302465"}],"curies":[{"name":"wp","href":"https:\/\/api.w.org\/{rel}","templated":true}]}}