{"id":302475,"date":"2015-02-21T00:00:00","date_gmt":"2015-02-20T23:00:00","guid":{"rendered":"https:\/\/my-eliquid.de\/shop\/wald-brause-aroma\/"},"modified":"2025-11-25T13:54:36","modified_gmt":"2025-11-25T12:54:36","slug":"wald-brause-aroma","status":"publish","type":"product","link":"https:\/\/my-eliquid.de\/en_gb\/shop\/wald-brause-aroma\/","title":{"rendered":"Forest Sprite flavour"},"content":{"rendered":"<p>Our <strong>Forest Sprite flavour<\/strong> mit seinem spritzig-s\u00fc\u00dfen Waldmeister-Brausegeschmack stammt aus der Linie der <strong>Sweet flavours<\/strong>. Die prickelnde Versuchung \u2013 ein Traum! Das <strong>Forest Sprite flavour<\/strong> is suitable for <strong>Flavouring and producing your own liquids<\/strong> and can <strong>Mixed with other flavours<\/strong> can be customised. In this way, you can create new, individualised liquids again and again! <strong>Flavours<\/strong> must not be used undiluted and must always be subjected to a <strong>Base<\/strong> can be added.<\/p>","protected":false},"excerpt":{"rendered":"<p>Spritzig, prickelnd, s\u00fc\u00df: In unserem k\u00f6stlichen <strong>Forest Sprite flavour<\/strong> treffen der vollmundige Geschmack von leckerer <strong>Brause<\/strong> and <strong>lieblichem Waldmeister<\/strong> aufeinander.<\/p>","protected":false},"featured_media":319206,"comment_status":"open","ping_status":"closed","template":"","meta":{"_acf_changed":false,"_relevanssi_hide_post":"","_relevanssi_hide_content":"","_relevanssi_pin_for_all":"","_relevanssi_pin_keywords":"","_relevanssi_unpin_keywords":"","_relevanssi_related_keywords":"","_relevanssi_related_include_ids":"","_relevanssi_related_exclude_ids":"","_relevanssi_related_no_append":"","_relevanssi_related_not_related":"","_relevanssi_related_posts":"","_relevanssi_noindex_reason":""},"product_brand":[],"product_cat":[4733,4882,4701,4881,4707],"product_tag":[1399,4914,5290,5215,6705],"class_list":{"0":"post-302475","1":"product","2":"type-product","3":"status-publish","4":"has-post-thumbnail","6":"product_cat-alle-aromen","7":"product_cat-aromen-ohne-sucralose","8":"product_cat-aromen","9":"product_cat-my-eliquid-aromen","10":"product_cat-suesse-aromen-liquid-e-zigarette","11":"product_tag-aroma","12":"product_tag-eliquid","13":"product_tag-my-eliquid-sortiment","14":"product_tag-suesses","15":"product_tag-wald-brause","16":"product_shipping_class-standard","18":"first","19":"outofstock","20":"taxable","21":"shipping-taxable","22":"purchasable","23":"product-type-variable"},"acf":[],"_links":{"self":[{"href":"https:\/\/my-eliquid.de\/en_gb\/wp-json\/wp\/v2\/product\/302475","targetHints":{"allow":["GET"]}}],"collection":[{"href":"https:\/\/my-eliquid.de\/en_gb\/wp-json\/wp\/v2\/product"}],"about":[{"href":"https:\/\/my-eliquid.de\/en_gb\/wp-json\/wp\/v2\/types\/product"}],"replies":[{"embeddable":true,"href":"https:\/\/my-eliquid.de\/en_gb\/wp-json\/wp\/v2\/comments?post=302475"}],"wp:featuredmedia":[{"embeddable":true,"href":"https:\/\/my-eliquid.de\/en_gb\/wp-json\/wp\/v2\/media\/319206"}],"wp:attachment":[{"href":"https:\/\/my-eliquid.de\/en_gb\/wp-json\/wp\/v2\/media?parent=302475"}],"wp:term":[{"taxonomy":"product_brand","embeddable":true,"href":"https:\/\/my-eliquid.de\/en_gb\/wp-json\/wp\/v2\/product_brand?post=302475"},{"taxonomy":"product_cat","embeddable":true,"href":"https:\/\/my-eliquid.de\/en_gb\/wp-json\/wp\/v2\/product_cat?post=302475"},{"taxonomy":"product_tag","embeddable":true,"href":"https:\/\/my-eliquid.de\/en_gb\/wp-json\/wp\/v2\/product_tag?post=302475"}],"curies":[{"name":"wp","href":"https:\/\/api.w.org\/{rel}","templated":true}]}}