{"id":302496,"date":"2018-07-08T00:00:00","date_gmt":"2018-07-07T22:00:00","guid":{"rendered":"https:\/\/my-eliquid.de\/shop\/sweetener-aroma\/"},"modified":"2026-03-30T22:23:41","modified_gmt":"2026-03-30T20:23:41","slug":"sweetener-aroma","status":"publish","type":"product","link":"https:\/\/my-eliquid.de\/en_gb\/shop\/sweetener-aroma\/","title":{"rendered":"Sweetener | Flavour"},"content":{"rendered":"<p>Sweet Sweet Sweet!!<\/p>\n<p>Jetzt ganz nach eurem <strong>Geschmack Liquid<\/strong> nach <strong>s\u00fc\u00dfen<\/strong> oder eine neue Mischung selber machen.<\/p>\n<p>Nur ein bis zwei tropfen reichen f\u00fcr eine angenehme s\u00fc\u00dfe!<\/p>\n<p>Um es nicht k\u00fcnstlich schmecken zu lassen, empfehlen wir nur 1-3 % zu verwenden! Wer es s\u00fc\u00dfer mag, nur zu!<\/p>\n<p>Euch sind keine Grenzen gesetzt! Mischt was das Zeug h\u00e4lt! Wir helfen euch bei den Zutaten!<\/p>\n<p>All our liquids are produced on site and meet the highest safety and quality standards.<\/p>\n<p><strong>KANN PRODUKTIONSBEDINGT ZU FARBLICHEN UNTERSCHIEDEN KOMMEN!<\/strong><\/p>","protected":false},"excerpt":{"rendered":"<p>Some people cannot <strong>sweet<\/strong> be enough! That's why you now get the <strong>Sugar shock<\/strong> for your self-mixing skills! <strong>Sweetener flavour<\/strong> for the sweet moments in life!<\/p>","protected":false},"featured_media":319298,"comment_status":"open","ping_status":"closed","template":"","meta":{"_acf_changed":false,"_relevanssi_hide_post":"","_relevanssi_hide_content":"","_relevanssi_pin_for_all":"","_relevanssi_pin_keywords":"","_relevanssi_unpin_keywords":"","_relevanssi_related_keywords":"","_relevanssi_related_include_ids":"","_relevanssi_related_exclude_ids":"","_relevanssi_related_no_append":"","_relevanssi_related_not_related":"","_relevanssi_related_posts":"","_relevanssi_noindex_reason":""},"product_brand":[],"product_cat":[4733,4701,4881,4792,4707],"product_tag":[1399,1391,6945],"class_list":{"0":"post-302496","1":"product","2":"type-product","3":"status-publish","4":"has-post-thumbnail","6":"product_cat-alle-aromen","7":"product_cat-aromen","8":"product_cat-my-eliquid-aromen","9":"product_cat-neue-aromen","10":"product_cat-suesse-aromen-liquid-e-zigarette","11":"product_tag-aroma","12":"product_tag-bitte","13":"product_tag-sweetener","14":"product_shipping_class-standard","16":"first","17":"instock","18":"taxable","19":"shipping-taxable","20":"purchasable","21":"product-type-variable"},"acf":[],"_links":{"self":[{"href":"https:\/\/my-eliquid.de\/en_gb\/wp-json\/wp\/v2\/product\/302496","targetHints":{"allow":["GET"]}}],"collection":[{"href":"https:\/\/my-eliquid.de\/en_gb\/wp-json\/wp\/v2\/product"}],"about":[{"href":"https:\/\/my-eliquid.de\/en_gb\/wp-json\/wp\/v2\/types\/product"}],"replies":[{"embeddable":true,"href":"https:\/\/my-eliquid.de\/en_gb\/wp-json\/wp\/v2\/comments?post=302496"}],"wp:featuredmedia":[{"embeddable":true,"href":"https:\/\/my-eliquid.de\/en_gb\/wp-json\/wp\/v2\/media\/319298"}],"wp:attachment":[{"href":"https:\/\/my-eliquid.de\/en_gb\/wp-json\/wp\/v2\/media?parent=302496"}],"wp:term":[{"taxonomy":"product_brand","embeddable":true,"href":"https:\/\/my-eliquid.de\/en_gb\/wp-json\/wp\/v2\/product_brand?post=302496"},{"taxonomy":"product_cat","embeddable":true,"href":"https:\/\/my-eliquid.de\/en_gb\/wp-json\/wp\/v2\/product_cat?post=302496"},{"taxonomy":"product_tag","embeddable":true,"href":"https:\/\/my-eliquid.de\/en_gb\/wp-json\/wp\/v2\/product_tag?post=302496"}],"curies":[{"name":"wp","href":"https:\/\/api.w.org\/{rel}","templated":true}]}}