{"id":302519,"date":"2012-02-21T00:00:00","date_gmt":"2012-02-20T23:00:00","guid":{"rendered":"https:\/\/my-eliquid.de\/?post_type=product&#038;p=302519"},"modified":"2026-04-02T14:02:08","modified_gmt":"2026-04-02T12:02:08","slug":"exotic-aroma","status":"publish","type":"product","link":"https:\/\/my-eliquid.de\/en_gb\/shop\/exotic-aroma\/","title":{"rendered":"Exotic Aroma"},"content":{"rendered":"<p>Our <strong>Exotic Aroma<\/strong> mischt den exotischen Geschmack verschiedenster, s\u00fc\u00df-saftiger <strong>Fr\u00fcchte<\/strong> and comes from the line of <strong>Fruit flavours<\/strong>. Das exotische Fruchtvergn\u00fcgen: h\u00e4lt lange an und schmeckt zu jeder <strong>Jahreszeit<\/strong>! The <strong>Exotic Aroma<\/strong> is suitable for flavouring and <strong>Produce your own liquids<\/strong> and can be combined with other <strong>Flavours mixed<\/strong> become. In this way, you can create new, individualised designs again and again. <strong>Liquids<\/strong>! Flavourings must not be used undiluted and must always be subjected to a <strong>Base<\/strong> can be added.<\/p>","protected":false},"excerpt":{"rendered":"<p>For all fruit fans who want more than just one flavour: our <strong>delicious exotic flavour<\/strong> blends the most delicious nuances of selected, <strong>sweet exotic fruits<\/strong>.<\/p>","protected":false},"featured_media":319394,"comment_status":"open","ping_status":"closed","template":"","meta":{"_acf_changed":false,"_relevanssi_hide_post":"","_relevanssi_hide_content":"","_relevanssi_pin_for_all":"","_relevanssi_pin_keywords":"","_relevanssi_unpin_keywords":"","_relevanssi_related_keywords":"","_relevanssi_related_include_ids":"","_relevanssi_related_exclude_ids":"","_relevanssi_related_no_append":"","_relevanssi_related_not_related":"","_relevanssi_related_posts":"","_relevanssi_noindex_reason":""},"product_brand":[],"product_cat":[4733,4882,4701,4705,4881],"product_tag":[1399,4919,4915,5166,4917,4914,5091,4918,5004,4920],"class_list":{"0":"post-302519","1":"product","2":"type-product","3":"status-publish","4":"has-post-thumbnail","6":"product_cat-alle-aromen","7":"product_cat-aromen-ohne-sucralose","8":"product_cat-aromen","9":"product_cat-frucht-aromen-liquid-e-zigarette","10":"product_cat-my-eliquid-aromen","11":"product_tag-aroma","12":"product_tag-dampfer","13":"product_tag-e-liquid","14":"product_tag-e-zigarette","15":"product_tag-e-zigi","16":"product_tag-eliquid","17":"product_tag-exotiv","18":"product_tag-ezigarette","19":"product_tag-nachfuellfluessigkeit","20":"product_tag-verdampfer","21":"product_shipping_class-standard","23":"first","24":"instock","25":"taxable","26":"shipping-taxable","27":"purchasable","28":"product-type-variable"},"acf":[],"_links":{"self":[{"href":"https:\/\/my-eliquid.de\/en_gb\/wp-json\/wp\/v2\/product\/302519","targetHints":{"allow":["GET"]}}],"collection":[{"href":"https:\/\/my-eliquid.de\/en_gb\/wp-json\/wp\/v2\/product"}],"about":[{"href":"https:\/\/my-eliquid.de\/en_gb\/wp-json\/wp\/v2\/types\/product"}],"replies":[{"embeddable":true,"href":"https:\/\/my-eliquid.de\/en_gb\/wp-json\/wp\/v2\/comments?post=302519"}],"wp:featuredmedia":[{"embeddable":true,"href":"https:\/\/my-eliquid.de\/en_gb\/wp-json\/wp\/v2\/media\/319394"}],"wp:attachment":[{"href":"https:\/\/my-eliquid.de\/en_gb\/wp-json\/wp\/v2\/media?parent=302519"}],"wp:term":[{"taxonomy":"product_brand","embeddable":true,"href":"https:\/\/my-eliquid.de\/en_gb\/wp-json\/wp\/v2\/product_brand?post=302519"},{"taxonomy":"product_cat","embeddable":true,"href":"https:\/\/my-eliquid.de\/en_gb\/wp-json\/wp\/v2\/product_cat?post=302519"},{"taxonomy":"product_tag","embeddable":true,"href":"https:\/\/my-eliquid.de\/en_gb\/wp-json\/wp\/v2\/product_tag?post=302519"}],"curies":[{"name":"wp","href":"https:\/\/api.w.org\/{rel}","templated":true}]}}