{"id":302546,"date":"2017-09-06T00:00:00","date_gmt":"2017-09-05T22:00:00","guid":{"rendered":"https:\/\/my-eliquid.de\/shop\/sweet-strawberry-aroma\/"},"modified":"2025-11-25T13:53:13","modified_gmt":"2025-11-25T12:53:13","slug":"sweet-strawberry-aroma","status":"publish","type":"product","link":"https:\/\/my-eliquid.de\/en_gb\/shop\/sweet-strawberry-aroma\/","title":{"rendered":"Sweet Strawberry (Strawberry 2) flavour"},"content":{"rendered":"<p style=\"line-height: 19px;\">Our\u00a0<strong>Sweet Strawberry flavour<\/strong>\u00a0mit seinem s\u00fc\u00dfen\u00a0<strong>Beerengeschmack<\/strong>\u00a0comes from the line of\u00a0<strong>Fruit flavours<\/strong>.<\/p>\n<p style=\"line-height: 19px;\">Diese Sorte schmeckt s\u00fc\u00dfer als die nat\u00fcrliche Erdbeere und h\u00e4lt die volle Ladung an Fruchtpower bereit.<\/p>\n<p style=\"line-height: 19px;\">The\u00a0<strong style=\"line-height: 19px;\">Sweet Strawberry flavour<\/strong>\u00a0is suitable for flavouring and\u00a0<strong>Produce your own liquids\u00a0<\/strong>und kann mit anderen Aromen gemischt werden.<\/p>\n<p style=\"line-height: 19px;\">This allows you to create new, individualised liquids time and time again!<\/p>\n<p style=\"line-height: 19px;\"><strong>Flavours<\/strong>\u00a0must not be used undiluted and must always be subjected to a\u00a0<strong>Base<\/strong>\u00a0can be added.<\/p>","protected":false},"excerpt":{"rendered":"<p>Niemand bekommt von Erdbeeren genug! Und aus diesem Grund haben wir ein weiteres <strong>Sweet Strawberry flavour<\/strong> geschaffen, noch fruchtiger und noch s\u00fc\u00dfer: wie ein Milchshake.<\/p>","protected":false},"featured_media":319493,"comment_status":"open","ping_status":"closed","template":"","meta":{"_acf_changed":false,"_relevanssi_hide_post":"","_relevanssi_hide_content":"","_relevanssi_pin_for_all":"","_relevanssi_pin_keywords":"","_relevanssi_unpin_keywords":"","_relevanssi_related_keywords":"","_relevanssi_related_include_ids":"","_relevanssi_related_exclude_ids":"","_relevanssi_related_no_append":"","_relevanssi_related_not_related":"","_relevanssi_related_posts":"","_relevanssi_noindex_reason":""},"product_brand":[],"product_cat":[4733,4882,4701,4705,4881],"product_tag":[6900,6716,1399,6847,6730,5803,4942,6712,5805,5792],"class_list":{"0":"post-302546","1":"product","2":"type-product","3":"status-publish","4":"has-post-thumbnail","6":"product_cat-alle-aromen","7":"product_cat-aromen-ohne-sucralose","8":"product_cat-aromen","9":"product_cat-frucht-aromen-liquid-e-zigarette","10":"product_cat-my-eliquid-aromen","11":"product_tag-6900","12":"product_tag-alle","13":"product_tag-aroma","14":"product_tag-aromen","15":"product_tag-eliquids","16":"product_tag-erdbeere","17":"product_tag-frucht","18":"product_tag-fuer","19":"product_tag-liquid","20":"product_tag-liquids","21":"product_shipping_class-standard","23":"first","24":"outofstock","25":"taxable","26":"shipping-taxable","27":"purchasable","28":"product-type-variable"},"acf":[],"_links":{"self":[{"href":"https:\/\/my-eliquid.de\/en_gb\/wp-json\/wp\/v2\/product\/302546","targetHints":{"allow":["GET"]}}],"collection":[{"href":"https:\/\/my-eliquid.de\/en_gb\/wp-json\/wp\/v2\/product"}],"about":[{"href":"https:\/\/my-eliquid.de\/en_gb\/wp-json\/wp\/v2\/types\/product"}],"replies":[{"embeddable":true,"href":"https:\/\/my-eliquid.de\/en_gb\/wp-json\/wp\/v2\/comments?post=302546"}],"wp:featuredmedia":[{"embeddable":true,"href":"https:\/\/my-eliquid.de\/en_gb\/wp-json\/wp\/v2\/media\/319493"}],"wp:attachment":[{"href":"https:\/\/my-eliquid.de\/en_gb\/wp-json\/wp\/v2\/media?parent=302546"}],"wp:term":[{"taxonomy":"product_brand","embeddable":true,"href":"https:\/\/my-eliquid.de\/en_gb\/wp-json\/wp\/v2\/product_brand?post=302546"},{"taxonomy":"product_cat","embeddable":true,"href":"https:\/\/my-eliquid.de\/en_gb\/wp-json\/wp\/v2\/product_cat?post=302546"},{"taxonomy":"product_tag","embeddable":true,"href":"https:\/\/my-eliquid.de\/en_gb\/wp-json\/wp\/v2\/product_tag?post=302546"}],"curies":[{"name":"wp","href":"https:\/\/api.w.org\/{rel}","templated":true}]}}