{"id":302550,"date":"2011-12-23T00:00:00","date_gmt":"2011-12-22T23:00:00","guid":{"rendered":"https:\/\/my-eliquid.de\/shop\/mandarine-aroma\/"},"modified":"2025-11-25T13:51:00","modified_gmt":"2025-11-25T12:51:00","slug":"mandarine-aroma","status":"publish","type":"product","link":"https:\/\/my-eliquid.de\/en_gb\/shop\/mandarine-aroma\/","title":{"rendered":"Mandarin flavour"},"content":{"rendered":"<p>Our <strong>Mandarin flavour<\/strong> mit seinem mild-k\u00f6stlichen, sanft-s\u00fc\u00dfen <strong>Mandarinengeschmack<\/strong> comes from the line of <strong>Fruit flavours<\/strong>. Sanft, mild und dennoch s\u00fc\u00df und vollmundig: Der <strong>Mandarinen-Volltreffer<\/strong>! The <strong>Mandarin flavour<\/strong> is suitable for flavouring and <strong>Produce your own liquids<\/strong> and can be combined with other <strong>Flavours mixed<\/strong> become. In this way, you can create new, individualised designs again and again. <strong>Liquids<\/strong>! Flavourings must not be used undiluted and must always be subjected to a <strong>Base<\/strong> can be added.<\/p>","protected":false},"excerpt":{"rendered":"<p>Die erfrischende <strong>Milde von reifen Mandarinen<\/strong> gepaart mit ihrer sanften, k\u00f6stlichen S\u00fc\u00dfe: Unser <strong>Mandarin flavour<\/strong> beschert Ihnen einen vollfruchtigen Hochgenuss!<\/p>","protected":false},"featured_media":319514,"comment_status":"open","ping_status":"closed","template":"","meta":{"_acf_changed":false,"_relevanssi_hide_post":"","_relevanssi_hide_content":"","_relevanssi_pin_for_all":"","_relevanssi_pin_keywords":"","_relevanssi_unpin_keywords":"","_relevanssi_related_keywords":"","_relevanssi_related_include_ids":"","_relevanssi_related_exclude_ids":"","_relevanssi_related_no_append":"","_relevanssi_related_not_related":"","_relevanssi_related_posts":"","_relevanssi_noindex_reason":""},"product_brand":[],"product_cat":[4733,4882,4701,4705,4881],"product_tag":[4919,4915,5166,4917,4914,4918,5025,5024,5004,4920],"class_list":{"0":"post-302550","1":"product","2":"type-product","3":"status-publish","4":"has-post-thumbnail","6":"product_cat-alle-aromen","7":"product_cat-aromen-ohne-sucralose","8":"product_cat-aromen","9":"product_cat-frucht-aromen-liquid-e-zigarette","10":"product_cat-my-eliquid-aromen","11":"product_tag-dampfer","12":"product_tag-e-liquid","13":"product_tag-e-zigarette","14":"product_tag-e-zigi","15":"product_tag-eliquid","16":"product_tag-ezigarette","17":"product_tag-mandarin","18":"product_tag-mandarine","19":"product_tag-nachfuellfluessigkeit","20":"product_tag-verdampfer","21":"product_shipping_class-standard","23":"first","24":"outofstock","25":"taxable","26":"shipping-taxable","27":"purchasable","28":"product-type-variable"},"acf":[],"_links":{"self":[{"href":"https:\/\/my-eliquid.de\/en_gb\/wp-json\/wp\/v2\/product\/302550","targetHints":{"allow":["GET"]}}],"collection":[{"href":"https:\/\/my-eliquid.de\/en_gb\/wp-json\/wp\/v2\/product"}],"about":[{"href":"https:\/\/my-eliquid.de\/en_gb\/wp-json\/wp\/v2\/types\/product"}],"replies":[{"embeddable":true,"href":"https:\/\/my-eliquid.de\/en_gb\/wp-json\/wp\/v2\/comments?post=302550"}],"wp:featuredmedia":[{"embeddable":true,"href":"https:\/\/my-eliquid.de\/en_gb\/wp-json\/wp\/v2\/media\/319514"}],"wp:attachment":[{"href":"https:\/\/my-eliquid.de\/en_gb\/wp-json\/wp\/v2\/media?parent=302550"}],"wp:term":[{"taxonomy":"product_brand","embeddable":true,"href":"https:\/\/my-eliquid.de\/en_gb\/wp-json\/wp\/v2\/product_brand?post=302550"},{"taxonomy":"product_cat","embeddable":true,"href":"https:\/\/my-eliquid.de\/en_gb\/wp-json\/wp\/v2\/product_cat?post=302550"},{"taxonomy":"product_tag","embeddable":true,"href":"https:\/\/my-eliquid.de\/en_gb\/wp-json\/wp\/v2\/product_tag?post=302550"}],"curies":[{"name":"wp","href":"https:\/\/api.w.org\/{rel}","templated":true}]}}