{"id":302561,"date":"2012-08-05T00:00:00","date_gmt":"2012-08-04T22:00:00","guid":{"rendered":"https:\/\/my-eliquid.de\/shop\/pina-colada-aroma\/"},"modified":"2025-11-25T13:52:09","modified_gmt":"2025-11-25T12:52:09","slug":"pina-colada-aroma","status":"publish","type":"product","link":"https:\/\/my-eliquid.de\/en_gb\/shop\/pina-colada-aroma\/","title":{"rendered":"Pina Colada flavour"},"content":{"rendered":"<p>Our <strong>Pina Colada flavour<\/strong> mit seinem fruchtig-s\u00fc\u00dfen <strong>Pina Colada-Geschmack<\/strong> comes from the line of <strong>Drinks Flavours<\/strong>. Die karibische Cocktail-K\u00f6stlichkeit, die einfach alles kann: Cremig, s\u00fc\u00df, fruchtig und lecker! Das <strong>Pina Colada flavour<\/strong> is suitable for flavouring and <strong>Produce your own liquids<\/strong> and can be combined with other <strong>flavours are mixed<\/strong>. This allows you to create new, individualised liquids time and time again! <strong>Flavours<\/strong> must not be used undiluted and must always be subjected to a <strong>Base<\/strong> can be added.<\/p>","protected":false},"excerpt":{"rendered":"<p>The sweet and creamy cocktail dream: our <strong>Pina Colada flavour<\/strong> refreshes with its Caribbean blend of fruity <strong>Pineapple, fine coconut cream &amp; aromatic rum<\/strong>!<\/p>","protected":false},"featured_media":319558,"comment_status":"open","ping_status":"closed","template":"","meta":{"_acf_changed":false,"_relevanssi_hide_post":"","_relevanssi_hide_content":"","_relevanssi_pin_for_all":"","_relevanssi_pin_keywords":"","_relevanssi_unpin_keywords":"","_relevanssi_related_keywords":"","_relevanssi_related_include_ids":"","_relevanssi_related_exclude_ids":"","_relevanssi_related_no_append":"","_relevanssi_related_not_related":"","_relevanssi_related_posts":"","_relevanssi_noindex_reason":""},"product_brand":[],"product_cat":[4733,4882,4701,4702,4881],"product_tag":[6852,6854,4919,4915,5166,4917,6818,4914,4918,5004,6853,5131,4929,4920,6819],"class_list":{"0":"post-302561","1":"product","2":"type-product","3":"status-publish","4":"has-post-thumbnail","6":"product_cat-alle-aromen","7":"product_cat-aromen-ohne-sucralose","8":"product_cat-aromen","9":"product_cat-drinks-aromen-liquid-e-zigarette","10":"product_cat-my-eliquid-aromen","11":"product_tag-cocos","12":"product_tag-colada","13":"product_tag-dampfer","14":"product_tag-e-liquid","15":"product_tag-e-zigarette","16":"product_tag-e-zigi","17":"product_tag-elektrische","18":"product_tag-eliquid","19":"product_tag-ezigarette","20":"product_tag-nachfuellfluessigkeit","21":"product_tag-pina","22":"product_tag-pinacolada","23":"product_tag-rum","24":"product_tag-verdampfer","25":"product_tag-zigarette","26":"product_shipping_class-standard","28":"first","29":"outofstock","30":"taxable","31":"shipping-taxable","32":"purchasable","33":"product-type-variable"},"acf":[],"_links":{"self":[{"href":"https:\/\/my-eliquid.de\/en_gb\/wp-json\/wp\/v2\/product\/302561","targetHints":{"allow":["GET"]}}],"collection":[{"href":"https:\/\/my-eliquid.de\/en_gb\/wp-json\/wp\/v2\/product"}],"about":[{"href":"https:\/\/my-eliquid.de\/en_gb\/wp-json\/wp\/v2\/types\/product"}],"replies":[{"embeddable":true,"href":"https:\/\/my-eliquid.de\/en_gb\/wp-json\/wp\/v2\/comments?post=302561"}],"wp:featuredmedia":[{"embeddable":true,"href":"https:\/\/my-eliquid.de\/en_gb\/wp-json\/wp\/v2\/media\/319558"}],"wp:attachment":[{"href":"https:\/\/my-eliquid.de\/en_gb\/wp-json\/wp\/v2\/media?parent=302561"}],"wp:term":[{"taxonomy":"product_brand","embeddable":true,"href":"https:\/\/my-eliquid.de\/en_gb\/wp-json\/wp\/v2\/product_brand?post=302561"},{"taxonomy":"product_cat","embeddable":true,"href":"https:\/\/my-eliquid.de\/en_gb\/wp-json\/wp\/v2\/product_cat?post=302561"},{"taxonomy":"product_tag","embeddable":true,"href":"https:\/\/my-eliquid.de\/en_gb\/wp-json\/wp\/v2\/product_tag?post=302561"}],"curies":[{"name":"wp","href":"https:\/\/api.w.org\/{rel}","templated":true}]}}