{"id":302592,"date":"2019-02-25T00:00:00","date_gmt":"2019-02-24T23:00:00","guid":{"rendered":"https:\/\/my-eliquid.de\/shop\/mel-aroma-waldmeister-menthol\/"},"modified":"2025-12-29T09:05:37","modified_gmt":"2025-12-29T08:05:37","slug":"mel-aroma-waldmeister-menthol","status":"publish","type":"product","link":"https:\/\/my-eliquid.de\/en_gb\/shop\/mel-aroma-waldmeister-menthol\/","title":{"rendered":"Woodruff menthol flavour"},"content":{"rendered":"<p>For\u00a0<strong>Steamer friends<\/strong>\u00a0Here, well-known\u00a0<strong>Woodruff flavours<\/strong>\u00a0with fresh\u00a0<strong>Menthol note<\/strong>\u00a0to a sweet\u00a0<strong>Woodruff menthol\u00a0<\/strong>Flavour experience.<\/p>\n<p><span class=\"dpf_sent\" id=\"dpfsent_0\">Our <strong>Waldmeister Menthol Aroma,<\/strong> wurden dem gewohnten\u00a0<strong>s\u00fc\u00dfen Kr\u00e4utergeschmack<\/strong>\u00a0nachempfunden und sind durch einen echten\u00a0<strong><span class=\"dpf_sent\" id=\"dpfsent_1\">Menthol-Kick<\/span><\/strong><br class=\"dpf_break\" \/><\/span><span class=\"dpf_sent\" id=\"dpfsent_1\">Fruchtig und einfach erfrischend anders.<\/span><\/p>\n<p>This allows you to create new, individualised liquids time and time again!<\/p>\n<p><strong>Flavourings must not be used undiluted and must always be added to a base.<\/strong><\/p>\n<p><span class=\"dpf_sent\">Zusatzstoffe: Triacetin<\/span>\u00a0E1518, Benzylalkohol E1519<\/p>\n<div class=\"edit_box\"><strong>\u00a0<\/strong><\/div>","protected":false},"excerpt":{"rendered":"<p>For\u00a0<strong>Steamer friends<\/strong>\u00a0Here, well-known\u00a0<strong>Woodruff flavours<\/strong>\u00a0with fresh\u00a0<strong>Menthol note<\/strong>\u00a0to a sweet\u00a0<strong>Woodruff menthol\u00a0<\/strong>Flavour experience.<\/p>","protected":false},"featured_media":319688,"comment_status":"open","ping_status":"closed","template":"","meta":{"_acf_changed":false,"_relevanssi_hide_post":"","_relevanssi_hide_content":"","_relevanssi_pin_for_all":"","_relevanssi_pin_keywords":"","_relevanssi_unpin_keywords":"","_relevanssi_related_keywords":"","_relevanssi_related_include_ids":"","_relevanssi_related_exclude_ids":"","_relevanssi_related_no_append":"","_relevanssi_related_not_related":"","_relevanssi_related_posts":"","_relevanssi_noindex_reason":""},"product_brand":[],"product_cat":[4733,4882,4704,4881,4712],"product_tag":[1399,4919,5166,4917,4918,4956,5004,4920,5045],"class_list":{"0":"post-302592","1":"product","2":"type-product","3":"status-publish","4":"has-post-thumbnail","6":"product_cat-alle-aromen","7":"product_cat-aromen-ohne-sucralose","8":"product_cat-menthol-aromen-liquid-e-zigarette","9":"product_cat-my-eliquid-aromen","10":"product_cat-special-aromen-liquid-e-zigarette","11":"product_tag-aroma","12":"product_tag-dampfer","13":"product_tag-e-zigarette","14":"product_tag-e-zigi","15":"product_tag-ezigarette","16":"product_tag-menthol","17":"product_tag-nachfuellfluessigkeit","18":"product_tag-verdampfer","19":"product_tag-waldmeister","20":"product_shipping_class-standard","22":"first","23":"instock","24":"taxable","25":"shipping-taxable","26":"purchasable","27":"product-type-variable"},"acf":[],"_links":{"self":[{"href":"https:\/\/my-eliquid.de\/en_gb\/wp-json\/wp\/v2\/product\/302592","targetHints":{"allow":["GET"]}}],"collection":[{"href":"https:\/\/my-eliquid.de\/en_gb\/wp-json\/wp\/v2\/product"}],"about":[{"href":"https:\/\/my-eliquid.de\/en_gb\/wp-json\/wp\/v2\/types\/product"}],"replies":[{"embeddable":true,"href":"https:\/\/my-eliquid.de\/en_gb\/wp-json\/wp\/v2\/comments?post=302592"}],"wp:featuredmedia":[{"embeddable":true,"href":"https:\/\/my-eliquid.de\/en_gb\/wp-json\/wp\/v2\/media\/319688"}],"wp:attachment":[{"href":"https:\/\/my-eliquid.de\/en_gb\/wp-json\/wp\/v2\/media?parent=302592"}],"wp:term":[{"taxonomy":"product_brand","embeddable":true,"href":"https:\/\/my-eliquid.de\/en_gb\/wp-json\/wp\/v2\/product_brand?post=302592"},{"taxonomy":"product_cat","embeddable":true,"href":"https:\/\/my-eliquid.de\/en_gb\/wp-json\/wp\/v2\/product_cat?post=302592"},{"taxonomy":"product_tag","embeddable":true,"href":"https:\/\/my-eliquid.de\/en_gb\/wp-json\/wp\/v2\/product_tag?post=302592"}],"curies":[{"name":"wp","href":"https:\/\/api.w.org\/{rel}","templated":true}]}}