{"id":302608,"date":"2012-12-12T00:00:00","date_gmt":"2012-12-11T23:00:00","guid":{"rendered":"https:\/\/my-eliquid.de\/shop\/marzipan-aroma\/"},"modified":"2025-11-25T13:51:02","modified_gmt":"2025-11-25T12:51:02","slug":"marzipan-aroma","status":"publish","type":"product","link":"https:\/\/my-eliquid.de\/en_gb\/shop\/marzipan-aroma\/","title":{"rendered":"Marzipan flavour"},"content":{"rendered":"<p>Our <strong>Marzipan flavour<\/strong> mit seinem lieblich-s\u00fc\u00dfen <strong>Marzipangeschmack<\/strong> comes from the line of <strong>Sweet flavours<\/strong>. Dieses s\u00fc\u00dfe, vollmundige Naschvergn\u00fcgen l\u00e4sst keinen Wunsch offen! Das <strong>Marzipan flavour<\/strong> is suitable for <strong>Flavouring and producing your own liquids<\/strong> and can <strong>Mixed with other flavours<\/strong> can be customised. In this way, you can create new, individualised liquids again and again! <strong>Flavours<\/strong> must not be used undiluted and must always be subjected to a <strong>Base<\/strong> can be added.<\/p>","protected":false},"excerpt":{"rendered":"<p>The flavour of the deliciously sweet temptation from <strong>ground almonds<\/strong> and fine sugar shines in our <strong>Marzipan flavour<\/strong> - our unique candy dream!<\/p>","protected":false},"featured_media":319831,"comment_status":"open","ping_status":"closed","template":"","meta":{"_acf_changed":false,"_relevanssi_hide_post":"","_relevanssi_hide_content":"","_relevanssi_pin_for_all":"","_relevanssi_pin_keywords":"","_relevanssi_unpin_keywords":"","_relevanssi_related_keywords":"","_relevanssi_related_include_ids":"","_relevanssi_related_exclude_ids":"","_relevanssi_related_no_append":"","_relevanssi_related_not_related":"","_relevanssi_related_posts":"","_relevanssi_noindex_reason":""},"product_brand":[],"product_cat":[4733,4882,4701,4881,4707],"product_tag":[4919,4915,5166,4917,6818,4918,5157,5004,4920,6819],"class_list":{"0":"post-302608","1":"product","2":"type-product","3":"status-publish","4":"has-post-thumbnail","6":"product_cat-alle-aromen","7":"product_cat-aromen-ohne-sucralose","8":"product_cat-aromen","9":"product_cat-my-eliquid-aromen","10":"product_cat-suesse-aromen-liquid-e-zigarette","11":"product_tag-dampfer","12":"product_tag-e-liquid","13":"product_tag-e-zigarette","14":"product_tag-e-zigi","15":"product_tag-elektrische","16":"product_tag-ezigarette","17":"product_tag-marzipan","18":"product_tag-nachfuellfluessigkeit","19":"product_tag-verdampfer","20":"product_tag-zigarette","21":"product_shipping_class-standard","23":"first","24":"outofstock","25":"taxable","26":"shipping-taxable","27":"purchasable","28":"product-type-variable"},"acf":[],"_links":{"self":[{"href":"https:\/\/my-eliquid.de\/en_gb\/wp-json\/wp\/v2\/product\/302608","targetHints":{"allow":["GET"]}}],"collection":[{"href":"https:\/\/my-eliquid.de\/en_gb\/wp-json\/wp\/v2\/product"}],"about":[{"href":"https:\/\/my-eliquid.de\/en_gb\/wp-json\/wp\/v2\/types\/product"}],"replies":[{"embeddable":true,"href":"https:\/\/my-eliquid.de\/en_gb\/wp-json\/wp\/v2\/comments?post=302608"}],"wp:featuredmedia":[{"embeddable":true,"href":"https:\/\/my-eliquid.de\/en_gb\/wp-json\/wp\/v2\/media\/319831"}],"wp:attachment":[{"href":"https:\/\/my-eliquid.de\/en_gb\/wp-json\/wp\/v2\/media?parent=302608"}],"wp:term":[{"taxonomy":"product_brand","embeddable":true,"href":"https:\/\/my-eliquid.de\/en_gb\/wp-json\/wp\/v2\/product_brand?post=302608"},{"taxonomy":"product_cat","embeddable":true,"href":"https:\/\/my-eliquid.de\/en_gb\/wp-json\/wp\/v2\/product_cat?post=302608"},{"taxonomy":"product_tag","embeddable":true,"href":"https:\/\/my-eliquid.de\/en_gb\/wp-json\/wp\/v2\/product_tag?post=302608"}],"curies":[{"name":"wp","href":"https:\/\/api.w.org\/{rel}","templated":true}]}}