{"id":303140,"date":"2014-01-07T00:00:00","date_gmt":"2014-01-06T23:00:00","guid":{"rendered":"https:\/\/my-eliquid.de\/shop\/honigmelone-liquid\/"},"modified":"2025-11-25T13:50:38","modified_gmt":"2025-11-25T12:50:38","slug":"honigmelone-liquid","status":"publish","type":"product","link":"https:\/\/my-eliquid.de\/en_gb\/shop\/honigmelone-liquid\/","title":{"rendered":"Honeydew melon liquid"},"content":{"rendered":"<p>Our <strong>Honeydew melon liquid<\/strong> mit seinem aromatisch-s\u00fc\u00dfen Fruchtgeschmack von reifer <strong>Honeydew melon<\/strong> stammt aus der Linie der Fr\u00fcchte Liquids. Exquisit-erfrischender Melonenspa\u00df zu garantiert jeder Jahreszeit. All unsere Fl\u00fcssigkeiten werden bei uns vor Ort produziert und entsprechen h\u00f6chsten Sicherheitsstandards. Das <strong>Honeydew melon liquid<\/strong> is nicotine-free and available in different <strong>Nicotine strengths<\/strong> available. For a long-lasting flavour development, we recommend using the <strong>e-Liquid<\/strong> Store away from light and in a dry place.<\/p>","protected":false},"excerpt":{"rendered":"<p>The full-bodied fruit flavour of the yellow delicacy: our <strong>Honeydew melon liquid<\/strong> seduces with its juicy, sweet flavour of <strong>aromatic ripe honeydew melon<\/strong>!<\/p>","protected":false},"featured_media":319401,"comment_status":"open","ping_status":"closed","template":"","meta":{"_acf_changed":false,"_relevanssi_hide_post":"","_relevanssi_hide_content":"","_relevanssi_pin_for_all":"","_relevanssi_pin_keywords":"","_relevanssi_unpin_keywords":"","_relevanssi_related_keywords":"","_relevanssi_related_include_ids":"","_relevanssi_related_exclude_ids":"","_relevanssi_related_no_append":"","_relevanssi_related_not_related":"","_relevanssi_related_posts":"","_relevanssi_noindex_reason":""},"product_brand":[],"product_cat":[4731,4690,4880,4842],"product_tag":[4919,4915,5166,4917,4914,4918,7051,5235,5004,4920],"class_list":{"0":"post-303140","1":"product","2":"type-product","3":"status-publish","4":"has-post-thumbnail","6":"product_cat-alle-liquids-fur-e-zigaretten","7":"product_cat-frucht-liquids-e-zigarette","8":"product_cat-liquids-ohne-sucralose","9":"product_cat-my-eliquid-liquids","10":"product_tag-dampfer","11":"product_tag-e-liquid","12":"product_tag-e-zigarette","13":"product_tag-e-zigi","14":"product_tag-eliquid","15":"product_tag-ezigarette","16":"product_tag-honeymelon","17":"product_tag-honigmelone","18":"product_tag-nachfuellfluessigkeit","19":"product_tag-verdampfer","20":"product_shipping_class-standard","22":"first","23":"outofstock","24":"taxable","25":"shipping-taxable","26":"purchasable","27":"product-type-variable"},"acf":[],"_links":{"self":[{"href":"https:\/\/my-eliquid.de\/en_gb\/wp-json\/wp\/v2\/product\/303140","targetHints":{"allow":["GET"]}}],"collection":[{"href":"https:\/\/my-eliquid.de\/en_gb\/wp-json\/wp\/v2\/product"}],"about":[{"href":"https:\/\/my-eliquid.de\/en_gb\/wp-json\/wp\/v2\/types\/product"}],"replies":[{"embeddable":true,"href":"https:\/\/my-eliquid.de\/en_gb\/wp-json\/wp\/v2\/comments?post=303140"}],"wp:featuredmedia":[{"embeddable":true,"href":"https:\/\/my-eliquid.de\/en_gb\/wp-json\/wp\/v2\/media\/319401"}],"wp:attachment":[{"href":"https:\/\/my-eliquid.de\/en_gb\/wp-json\/wp\/v2\/media?parent=303140"}],"wp:term":[{"taxonomy":"product_brand","embeddable":true,"href":"https:\/\/my-eliquid.de\/en_gb\/wp-json\/wp\/v2\/product_brand?post=303140"},{"taxonomy":"product_cat","embeddable":true,"href":"https:\/\/my-eliquid.de\/en_gb\/wp-json\/wp\/v2\/product_cat?post=303140"},{"taxonomy":"product_tag","embeddable":true,"href":"https:\/\/my-eliquid.de\/en_gb\/wp-json\/wp\/v2\/product_tag?post=303140"}],"curies":[{"name":"wp","href":"https:\/\/api.w.org\/{rel}","templated":true}]}}