{"id":303162,"date":"2018-12-20T00:00:00","date_gmt":"2018-12-19T23:00:00","guid":{"rendered":"https:\/\/my-eliquid.de\/shop\/mel-liquid-fresh-orange\/"},"modified":"2026-02-02T08:49:14","modified_gmt":"2026-02-02T07:49:14","slug":"mel-liquid-fresh-orange","status":"publish","type":"product","link":"https:\/\/my-eliquid.de\/en_gb\/shop\/mel-liquid-fresh-orange\/","title":{"rendered":"Fresh Orange Liquid"},"content":{"rendered":"<p><strong>Eine Einfache Orange kann ja jeder, jetzt wird es Frisch!<\/strong><\/p>\n<p>Mit dem neuen\u00a0<strong>\u00a0Fresh\u00a0<\/strong><strong>Orange Liquid\u00a0<\/strong>aus unserem Haus, genie\u00dfen sie den Geschmack der frischen saftigen\u00a0<strong>Orange<\/strong>\u00a0gepaart mit einem Hauch von Cooling.<\/p>\n<p>S\u00fc\u00dfe Orange k\u00fcsst Eis, ein Traum f\u00fcr jeden Tag!<\/p>\n<p>Die von Ihnen ausgesuchte\u00a0<strong>Liquid Basis<\/strong>\u00a0wird unmittelbar vor der Abf\u00fcllung frisch mit\u00a0<strong>Cooling und Orange<\/strong>\u00a0aromatisiert und\u00a0<strong>schnell zum Versand<\/strong>\u00a0\u00fcbergeben.<br \/>\nSo\u00a0<strong>garantiert<\/strong>\u00a0my-eliquid eine\u00a0<strong>lange Wirkung<\/strong>\u00a0der\u00a0<strong>eisigen Aromen<\/strong>\u00a0und des\u00a0<strong>frischen Geschmacks<\/strong>\u00a0bei der<strong>\u00a0Verdampfung<\/strong>\u00a0unserer hochwertigen\u00a0<strong>Liquid-Nachf\u00fcllfl\u00fcssigkeit.<\/strong><\/p>\n<p><strong>Inhalt Fresh Orange Liquids:<\/strong>\u00a0 \u00a0E1520 (Ph. Eur.),\u00a0<strong>Pure vegetable glycerine<\/strong>\u00a0(VG) E422 (<strong>DAB<\/strong>), Propylenglycol (<strong>PG<\/strong>) Aromen, und je nach\u00a0<strong>Bestellung<\/strong>\u00a0auch\u00a0<strong>with nicotine<\/strong>\u00a0zu kaufen.<\/p>\n<p>Zu\u00a0<strong>buy<\/strong>\u00a0gibt es den erfrischenden Fresh Orange\u00a0<strong>Liquid Mix<\/strong>\u00a0in unserem Shop mit und\u00a0<strong>without nicotine<\/strong>.<\/p>","protected":false},"excerpt":{"rendered":"<p>A simple <strong>Orange<\/strong> anyone can do it!  Now it's getting fresh! Sweetness <strong>Orange<\/strong> kisses ice cream, a dream for every day our <strong>Fresh Orange Liquid!<\/strong><\/p>","protected":false},"featured_media":319457,"comment_status":"open","ping_status":"closed","template":"","meta":{"_acf_changed":false,"_relevanssi_hide_post":"","_relevanssi_hide_content":"","_relevanssi_pin_for_all":"","_relevanssi_pin_keywords":"","_relevanssi_unpin_keywords":"","_relevanssi_related_keywords":"","_relevanssi_related_include_ids":"","_relevanssi_related_exclude_ids":"","_relevanssi_related_no_append":"","_relevanssi_related_not_related":"","_relevanssi_related_posts":"","_relevanssi_noindex_reason":""},"product_brand":[],"product_cat":[4731,4690,4689,4842,4791,4693,4706],"product_tag":[1399,7095,6891,5805,5792,5028,6584],"class_list":{"0":"post-303162","1":"product","2":"type-product","3":"status-publish","4":"has-post-thumbnail","6":"product_cat-alle-liquids-fur-e-zigaretten","7":"product_cat-frucht-liquids-e-zigarette","8":"product_cat-eliquids","9":"product_cat-my-eliquid-liquids","10":"product_cat-neue-liquids","11":"product_cat-special-liquids-e-zigarette","12":"product_cat-suesse-liquids-e-zigarette","13":"product_tag-aroma","14":"product_tag-fertig","15":"product_tag-fresh","16":"product_tag-liquid","17":"product_tag-liquids","18":"product_tag-orange","19":"product_tag-suesse","20":"product_shipping_class-standard","22":"first","23":"instock","24":"taxable","25":"shipping-taxable","26":"purchasable","27":"product-type-variable"},"acf":[],"_links":{"self":[{"href":"https:\/\/my-eliquid.de\/en_gb\/wp-json\/wp\/v2\/product\/303162","targetHints":{"allow":["GET"]}}],"collection":[{"href":"https:\/\/my-eliquid.de\/en_gb\/wp-json\/wp\/v2\/product"}],"about":[{"href":"https:\/\/my-eliquid.de\/en_gb\/wp-json\/wp\/v2\/types\/product"}],"replies":[{"embeddable":true,"href":"https:\/\/my-eliquid.de\/en_gb\/wp-json\/wp\/v2\/comments?post=303162"}],"wp:featuredmedia":[{"embeddable":true,"href":"https:\/\/my-eliquid.de\/en_gb\/wp-json\/wp\/v2\/media\/319457"}],"wp:attachment":[{"href":"https:\/\/my-eliquid.de\/en_gb\/wp-json\/wp\/v2\/media?parent=303162"}],"wp:term":[{"taxonomy":"product_brand","embeddable":true,"href":"https:\/\/my-eliquid.de\/en_gb\/wp-json\/wp\/v2\/product_brand?post=303162"},{"taxonomy":"product_cat","embeddable":true,"href":"https:\/\/my-eliquid.de\/en_gb\/wp-json\/wp\/v2\/product_cat?post=303162"},{"taxonomy":"product_tag","embeddable":true,"href":"https:\/\/my-eliquid.de\/en_gb\/wp-json\/wp\/v2\/product_tag?post=303162"}],"curies":[{"name":"wp","href":"https:\/\/api.w.org\/{rel}","templated":true}]}}