{"id":303182,"date":"2013-12-31T00:00:00","date_gmt":"2013-12-30T23:00:00","guid":{"rendered":"https:\/\/my-eliquid.de\/shop\/my-tide-liquid\/"},"modified":"2026-03-16T15:48:06","modified_gmt":"2026-03-16T14:48:06","slug":"my-tide-liquid","status":"publish","type":"product","link":"https:\/\/my-eliquid.de\/en_gb\/shop\/my-tide-liquid\/","title":{"rendered":"my-tide Liquid"},"content":{"rendered":"<p>Our <strong>My-Tide Liquid<\/strong> kombiniert die fruchtige Frische von <strong>Chewing gum flavour<\/strong> mit der eisigen K\u00fchle von Menthol und erinnert an den <strong>Pink chewing gum<\/strong>. Es stammt aus der Linie der <strong>Menthol liquids<\/strong>. S\u00fc\u00dfes Fruchtvergn\u00fcgen, das garantiert erfrischt \u2013 dank Kaugummi und Menthol! All unsere Fl\u00fcssigkeiten werden bei uns vor Ort produziert und entsprechen h\u00f6chsten Sicherheitsstandards. Das <strong>My-Tide Liquid<\/strong> is nicotine-free and available in different <strong>Nicotine strengths<\/strong> available. For a long-lasting flavour development, we recommend using the <strong>e-Liquid<\/strong> Store away from light and in a dry place.<\/p>","protected":false},"excerpt":{"rendered":"<p>A real firework of flavours is what our <strong>My-Tide Liquid<\/strong>: Fruity and unadulterated <strong>Chewing gum flavour<\/strong> meets a cool hint of menthol.<\/p>","protected":false},"featured_media":319522,"comment_status":"open","ping_status":"closed","template":"","meta":{"_acf_changed":false,"_relevanssi_hide_post":"","_relevanssi_hide_content":"","_relevanssi_pin_for_all":"","_relevanssi_pin_keywords":"","_relevanssi_unpin_keywords":"","_relevanssi_related_keywords":"","_relevanssi_related_include_ids":"","_relevanssi_related_exclude_ids":"","_relevanssi_related_no_append":"","_relevanssi_related_not_related":"","_relevanssi_related_posts":"","_relevanssi_noindex_reason":""},"product_brand":[],"product_cat":[4731,4690,4689,4880,4694,4842,4693],"product_tag":[4915,5166,4914,4942,6712,6858,4956,6836,5226],"class_list":{"0":"post-303182","1":"product","2":"type-product","3":"status-publish","4":"has-post-thumbnail","6":"product_cat-alle-liquids-fur-e-zigaretten","7":"product_cat-frucht-liquids-e-zigarette","8":"product_cat-eliquids","9":"product_cat-liquids-ohne-sucralose","10":"product_cat-menthol-liquids-e-zigarette","11":"product_cat-my-eliquid-liquids","12":"product_cat-special-liquids-e-zigarette","13":"product_tag-e-liquid","14":"product_tag-e-zigarette","15":"product_tag-eliquid","16":"product_tag-frucht","17":"product_tag-fuer","18":"product_tag-ihre","19":"product_tag-menthol","20":"product_tag-my-tide","21":"product_tag-special","22":"product_shipping_class-standard","24":"first","25":"instock","26":"taxable","27":"shipping-taxable","28":"purchasable","29":"product-type-variable"},"acf":[],"_links":{"self":[{"href":"https:\/\/my-eliquid.de\/en_gb\/wp-json\/wp\/v2\/product\/303182","targetHints":{"allow":["GET"]}}],"collection":[{"href":"https:\/\/my-eliquid.de\/en_gb\/wp-json\/wp\/v2\/product"}],"about":[{"href":"https:\/\/my-eliquid.de\/en_gb\/wp-json\/wp\/v2\/types\/product"}],"replies":[{"embeddable":true,"href":"https:\/\/my-eliquid.de\/en_gb\/wp-json\/wp\/v2\/comments?post=303182"}],"wp:featuredmedia":[{"embeddable":true,"href":"https:\/\/my-eliquid.de\/en_gb\/wp-json\/wp\/v2\/media\/319522"}],"wp:attachment":[{"href":"https:\/\/my-eliquid.de\/en_gb\/wp-json\/wp\/v2\/media?parent=303182"}],"wp:term":[{"taxonomy":"product_brand","embeddable":true,"href":"https:\/\/my-eliquid.de\/en_gb\/wp-json\/wp\/v2\/product_brand?post=303182"},{"taxonomy":"product_cat","embeddable":true,"href":"https:\/\/my-eliquid.de\/en_gb\/wp-json\/wp\/v2\/product_cat?post=303182"},{"taxonomy":"product_tag","embeddable":true,"href":"https:\/\/my-eliquid.de\/en_gb\/wp-json\/wp\/v2\/product_tag?post=303182"}],"curies":[{"name":"wp","href":"https:\/\/api.w.org\/{rel}","templated":true}]}}