{"id":303183,"date":"2015-01-08T00:00:00","date_gmt":"2015-01-07T23:00:00","guid":{"rendered":"https:\/\/my-eliquid.de\/shop\/cola2-liquid\/"},"modified":"2025-11-25T13:49:34","modified_gmt":"2025-11-25T12:49:34","slug":"cola2-liquid","status":"publish","type":"product","link":"https:\/\/my-eliquid.de\/en_gb\/shop\/cola2-liquid\/","title":{"rendered":"Glad Cola (Cola 2) Liquid"},"content":{"rendered":"<p>Our <strong>Glad Cola Liquid<\/strong> mit seinem unvergesslichen Geschmack von Cola und Vanille stammt aus der Linie der <strong>Drinks Liquids<\/strong>.<\/p>\n<p>Der Klassiker unter den Softdrinks trifft auf die K\u00f6nigin der Gew\u00fcrze: eine verf\u00fchrerische Mischung f\u00fcr alle Sinne.<\/p>\n<p>All our liquids are produced on site and meet the highest safety standards.<\/p>\n<p>The <strong>Glad Cola\u00a0Liquid<\/strong> is nicotine-free and available in different <strong>Nicotine strengths<\/strong> available.<\/p>\n<p>For a long-lasting flavour development, we recommend using the <strong>e-Liquid<\/strong> Store away from light and in a dry place.<\/p>","protected":false},"excerpt":{"rendered":"<p><span style=\"line-height: 19px\">The Sweet Gummy Bear Experience: Our\u00a0<\/span><strong style=\"line-height: 19px\">Delicious Glad Cola Liquid!<\/strong><\/p>","protected":false},"featured_media":319523,"comment_status":"open","ping_status":"closed","template":"","meta":{"_acf_changed":false,"_relevanssi_hide_post":"","_relevanssi_hide_content":"","_relevanssi_pin_for_all":"","_relevanssi_pin_keywords":"","_relevanssi_unpin_keywords":"","_relevanssi_related_keywords":"","_relevanssi_related_include_ids":"","_relevanssi_related_exclude_ids":"","_relevanssi_related_no_append":"","_relevanssi_related_not_related":"","_relevanssi_related_posts":"","_relevanssi_noindex_reason":""},"product_brand":[],"product_cat":[4731,4692,4880,4842],"product_tag":[6900,4999,4919,4915,5166,4917,4914,4918,5004,4920],"class_list":{"0":"post-303183","1":"product","2":"type-product","3":"status-publish","4":"has-post-thumbnail","6":"product_cat-alle-liquids-fur-e-zigaretten","7":"product_cat-drinks-liquids-e-zigarette","8":"product_cat-liquids-ohne-sucralose","9":"product_cat-my-eliquid-liquids","10":"product_tag-6900","11":"product_tag-cola","12":"product_tag-dampfer","13":"product_tag-e-liquid","14":"product_tag-e-zigarette","15":"product_tag-e-zigi","16":"product_tag-eliquid","17":"product_tag-ezigarette","18":"product_tag-nachfuellfluessigkeit","19":"product_tag-verdampfer","20":"product_shipping_class-standard","22":"first","23":"outofstock","24":"taxable","25":"shipping-taxable","26":"purchasable","27":"product-type-variable"},"acf":[],"_links":{"self":[{"href":"https:\/\/my-eliquid.de\/en_gb\/wp-json\/wp\/v2\/product\/303183","targetHints":{"allow":["GET"]}}],"collection":[{"href":"https:\/\/my-eliquid.de\/en_gb\/wp-json\/wp\/v2\/product"}],"about":[{"href":"https:\/\/my-eliquid.de\/en_gb\/wp-json\/wp\/v2\/types\/product"}],"replies":[{"embeddable":true,"href":"https:\/\/my-eliquid.de\/en_gb\/wp-json\/wp\/v2\/comments?post=303183"}],"wp:featuredmedia":[{"embeddable":true,"href":"https:\/\/my-eliquid.de\/en_gb\/wp-json\/wp\/v2\/media\/319523"}],"wp:attachment":[{"href":"https:\/\/my-eliquid.de\/en_gb\/wp-json\/wp\/v2\/media?parent=303183"}],"wp:term":[{"taxonomy":"product_brand","embeddable":true,"href":"https:\/\/my-eliquid.de\/en_gb\/wp-json\/wp\/v2\/product_brand?post=303183"},{"taxonomy":"product_cat","embeddable":true,"href":"https:\/\/my-eliquid.de\/en_gb\/wp-json\/wp\/v2\/product_cat?post=303183"},{"taxonomy":"product_tag","embeddable":true,"href":"https:\/\/my-eliquid.de\/en_gb\/wp-json\/wp\/v2\/product_tag?post=303183"}],"curies":[{"name":"wp","href":"https:\/\/api.w.org\/{rel}","templated":true}]}}