{"id":303203,"date":"2012-02-12T00:00:00","date_gmt":"2012-02-11T23:00:00","guid":{"rendered":"https:\/\/my-eliquid.de\/shop\/gruenes-fruechtchen-liquid\/"},"modified":"2026-04-07T12:49:53","modified_gmt":"2026-04-07T10:49:53","slug":"gruenes-fruechtchen-liquid","status":"publish","type":"product","link":"https:\/\/my-eliquid.de\/en_gb\/shop\/gruenes-fruechtchen-liquid\/","title":{"rendered":"Green fruit liquid"},"content":{"rendered":"<p>Our <strong>Green fruit liquid<\/strong> kombiniert die Aromen von k\u00f6stlicher <strong>gooseberry<\/strong> und vollmundigem <strong>woodruff<\/strong> and comes from the line of <strong>Fruit liquids<\/strong>. <strong>Stachelbeere und Waldmeister<\/strong> \u2013 Ein Traum in gr\u00fcn! All unsere Fl\u00fcssigkeiten werden bei uns vor Ort produziert und entsprechen h\u00f6chsten Sicherheitsstandards. Das <strong>Green fruit liquid<\/strong> is nicotine-free and available in different <strong>Nicotine strengths<\/strong> available. For a long-lasting flavour development, we recommend using the <strong>e-Liquid<\/strong> Store away from light and in a dry place.<\/p>","protected":false},"excerpt":{"rendered":"<p>The delicious combination you simply must try! In our <strong>Green fruit liquid<\/strong> meets fruity <strong>gooseberry<\/strong> on delicious <strong>woodruff<\/strong>. Hmm!<\/p>","protected":false},"featured_media":319612,"comment_status":"open","ping_status":"closed","template":"","meta":{"_acf_changed":false,"_relevanssi_hide_post":"","_relevanssi_hide_content":"","_relevanssi_pin_for_all":"","_relevanssi_pin_keywords":"","_relevanssi_unpin_keywords":"","_relevanssi_related_keywords":"","_relevanssi_related_include_ids":"","_relevanssi_related_exclude_ids":"","_relevanssi_related_no_append":"","_relevanssi_related_not_related":"","_relevanssi_related_posts":"","_relevanssi_noindex_reason":""},"product_brand":[],"product_cat":[4731,4690,4689,4880,4842],"product_tag":[4919,4915,5166,4917,4914,4918,7113,6894,7112,5004,7174,4920],"class_list":{"0":"post-303203","1":"product","2":"type-product","3":"status-publish","4":"has-post-thumbnail","6":"product_cat-alle-liquids-fur-e-zigaretten","7":"product_cat-frucht-liquids-e-zigarette","8":"product_cat-eliquids","9":"product_cat-liquids-ohne-sucralose","10":"product_cat-my-eliquid-liquids","11":"product_tag-dampfer","12":"product_tag-e-liquid","13":"product_tag-e-zigarette","14":"product_tag-e-zigi","15":"product_tag-eliquid","16":"product_tag-ezigarette","17":"product_tag-fruechtchen","18":"product_tag-green","19":"product_tag-gruenes","20":"product_tag-nachfuellfluessigkeit","21":"product_tag-rascal","22":"product_tag-verdampfer","23":"product_shipping_class-standard","25":"first","26":"instock","27":"taxable","28":"shipping-taxable","29":"purchasable","30":"product-type-variable"},"acf":[],"_links":{"self":[{"href":"https:\/\/my-eliquid.de\/en_gb\/wp-json\/wp\/v2\/product\/303203","targetHints":{"allow":["GET"]}}],"collection":[{"href":"https:\/\/my-eliquid.de\/en_gb\/wp-json\/wp\/v2\/product"}],"about":[{"href":"https:\/\/my-eliquid.de\/en_gb\/wp-json\/wp\/v2\/types\/product"}],"replies":[{"embeddable":true,"href":"https:\/\/my-eliquid.de\/en_gb\/wp-json\/wp\/v2\/comments?post=303203"}],"wp:featuredmedia":[{"embeddable":true,"href":"https:\/\/my-eliquid.de\/en_gb\/wp-json\/wp\/v2\/media\/319612"}],"wp:attachment":[{"href":"https:\/\/my-eliquid.de\/en_gb\/wp-json\/wp\/v2\/media?parent=303203"}],"wp:term":[{"taxonomy":"product_brand","embeddable":true,"href":"https:\/\/my-eliquid.de\/en_gb\/wp-json\/wp\/v2\/product_brand?post=303203"},{"taxonomy":"product_cat","embeddable":true,"href":"https:\/\/my-eliquid.de\/en_gb\/wp-json\/wp\/v2\/product_cat?post=303203"},{"taxonomy":"product_tag","embeddable":true,"href":"https:\/\/my-eliquid.de\/en_gb\/wp-json\/wp\/v2\/product_tag?post=303203"}],"curies":[{"name":"wp","href":"https:\/\/api.w.org\/{rel}","templated":true}]}}