{"id":303204,"date":"2014-10-19T00:00:00","date_gmt":"2014-10-18T22:00:00","guid":{"rendered":"https:\/\/my-eliquid.de\/shop\/toffee-liquid\/"},"modified":"2025-12-17T08:21:53","modified_gmt":"2025-12-17T07:21:53","slug":"toffee-liquid","status":"publish","type":"product","link":"https:\/\/my-eliquid.de\/en_gb\/shop\/toffee-liquid\/","title":{"rendered":"Toffee Liquid"},"content":{"rendered":"<p>Our <strong>Toffee Liquid<\/strong> punktet mit seine nussig-cremigen <strong>Toffee-Geschmack<\/strong> and comes from the line of <strong>Sweet liquids<\/strong>. Die s\u00fc\u00dfe Karamellbonbon-Versuchung \u2013 garantiert schonend f\u00fcr die Z\u00e4hne! All unsere Fl\u00fcssigkeiten werden bei uns vor Ort produziert und entsprechen h\u00f6chsten Sicherheitsstandards. Das <strong>Toffee Liquid<\/strong> is nicotine-free and available in different <strong>Nicotine strengths<\/strong> available. For a long-lasting flavour development, we recommend using the <strong>e-Liquid<\/strong> Store away from light and in a dry place.<\/p>","protected":false},"excerpt":{"rendered":"<p>The delicious caramel sweet as <strong>Liquid<\/strong>Our <strong>Toffee Liquid<\/strong> and its nutty, creamy toffee enveloped in a fine melting flavour - the caramel hit!<\/p>","protected":false},"featured_media":319618,"comment_status":"open","ping_status":"closed","template":"","meta":{"_acf_changed":false,"_relevanssi_hide_post":"","_relevanssi_hide_content":"","_relevanssi_pin_for_all":"","_relevanssi_pin_keywords":"","_relevanssi_unpin_keywords":"","_relevanssi_related_keywords":"","_relevanssi_related_include_ids":"","_relevanssi_related_exclude_ids":"","_relevanssi_related_no_append":"","_relevanssi_related_not_related":"","_relevanssi_related_posts":"","_relevanssi_noindex_reason":""},"product_brand":[],"product_cat":[4731,4689,4880,4842,4708,4706],"product_tag":[7176,5411,4914,6712,5248,5215,5247],"class_list":{"0":"post-303204","1":"product","2":"type-product","3":"status-publish","4":"has-post-thumbnail","6":"product_cat-alle-liquids-fur-e-zigaretten","7":"product_cat-eliquids","8":"product_cat-liquids-ohne-sucralose","9":"product_cat-my-eliquid-liquids","10":"product_cat-nussige-liquids-e-zigarette","11":"product_cat-suesse-liquids-e-zigarette","12":"product_tag-e-liquids","13":"product_tag-e-zigaretten","14":"product_tag-eliquid","15":"product_tag-fuer","16":"product_tag-nussig","17":"product_tag-suesses","18":"product_tag-toffee","19":"product_shipping_class-standard","21":"first","22":"instock","23":"taxable","24":"shipping-taxable","25":"purchasable","26":"product-type-variable"},"acf":[],"_links":{"self":[{"href":"https:\/\/my-eliquid.de\/en_gb\/wp-json\/wp\/v2\/product\/303204","targetHints":{"allow":["GET"]}}],"collection":[{"href":"https:\/\/my-eliquid.de\/en_gb\/wp-json\/wp\/v2\/product"}],"about":[{"href":"https:\/\/my-eliquid.de\/en_gb\/wp-json\/wp\/v2\/types\/product"}],"replies":[{"embeddable":true,"href":"https:\/\/my-eliquid.de\/en_gb\/wp-json\/wp\/v2\/comments?post=303204"}],"wp:featuredmedia":[{"embeddable":true,"href":"https:\/\/my-eliquid.de\/en_gb\/wp-json\/wp\/v2\/media\/319618"}],"wp:attachment":[{"href":"https:\/\/my-eliquid.de\/en_gb\/wp-json\/wp\/v2\/media?parent=303204"}],"wp:term":[{"taxonomy":"product_brand","embeddable":true,"href":"https:\/\/my-eliquid.de\/en_gb\/wp-json\/wp\/v2\/product_brand?post=303204"},{"taxonomy":"product_cat","embeddable":true,"href":"https:\/\/my-eliquid.de\/en_gb\/wp-json\/wp\/v2\/product_cat?post=303204"},{"taxonomy":"product_tag","embeddable":true,"href":"https:\/\/my-eliquid.de\/en_gb\/wp-json\/wp\/v2\/product_tag?post=303204"}],"curies":[{"name":"wp","href":"https:\/\/api.w.org\/{rel}","templated":true}]}}