{"id":303269,"date":"2011-10-19T00:00:00","date_gmt":"2011-10-18T22:00:00","guid":{"rendered":"https:\/\/my-eliquid.de\/shop\/erdbeere-menthol-liquid\/"},"modified":"2025-11-25T13:49:22","modified_gmt":"2025-11-25T12:49:22","slug":"erdbeere-menthol-liquid","status":"publish","type":"product","link":"https:\/\/my-eliquid.de\/en_gb\/shop\/erdbeere-menthol-liquid\/","title":{"rendered":"Strawberry menthol liquid"},"content":{"rendered":"<p>Our <strong>Strawberry menthol liquid<\/strong> punktet durch das Zusammenspiel von fruchtigem Erdbeer Aroma und angenehmer Menthol Frische und stammt aus der Linie der <strong>Menthol liquids<\/strong>. Die sommerliche Verf\u00fchrung f\u00fcr jede Jahreszeit! All unsere Fl\u00fcssigkeiten werden bei uns vor Ort produziert und entsprechen h\u00f6chsten Sicherheitsstandards. Das <strong>Strawberry menthol liquid<\/strong> is nicotine-free and available in different <strong>Nicotine strengths<\/strong> available. For a long-lasting flavour development, we recommend using the <strong>e-Liquid<\/strong> Store away from light and in a dry place.<\/p>","protected":false},"excerpt":{"rendered":"<p>The aromatic naturalness of fully ripe <strong>Strawberries<\/strong> merges in our <strong>Strawberry menthol liquid<\/strong> with refreshing <strong>Menthol<\/strong> Cool. Icy sweet fruit flavour!<\/p>","protected":false},"featured_media":319153,"comment_status":"open","ping_status":"closed","template":"","meta":{"_acf_changed":false,"_relevanssi_hide_post":"","_relevanssi_hide_content":"","_relevanssi_pin_for_all":"","_relevanssi_pin_keywords":"","_relevanssi_unpin_keywords":"","_relevanssi_related_keywords":"","_relevanssi_related_include_ids":"","_relevanssi_related_exclude_ids":"","_relevanssi_related_no_append":"","_relevanssi_related_not_related":"","_relevanssi_related_posts":"","_relevanssi_noindex_reason":""},"product_brand":[],"product_cat":[4731,4880,4694,4842],"product_tag":[4919,4915,5166,4917,4914,5803,4918,4956,4925,5004,4920],"class_list":{"0":"post-303269","1":"product","2":"type-product","3":"status-publish","4":"has-post-thumbnail","6":"product_cat-alle-liquids-fur-e-zigaretten","7":"product_cat-liquids-ohne-sucralose","8":"product_cat-menthol-liquids-e-zigarette","9":"product_cat-my-eliquid-liquids","10":"product_tag-dampfer","11":"product_tag-e-liquid","12":"product_tag-e-zigarette","13":"product_tag-e-zigi","14":"product_tag-eliquid","15":"product_tag-erdbeere","16":"product_tag-ezigarette","17":"product_tag-menthol","18":"product_tag-minze","19":"product_tag-nachfuellfluessigkeit","20":"product_tag-verdampfer","21":"product_shipping_class-standard","23":"first","24":"instock","25":"taxable","26":"shipping-taxable","27":"purchasable","28":"product-type-variable"},"acf":[],"_links":{"self":[{"href":"https:\/\/my-eliquid.de\/en_gb\/wp-json\/wp\/v2\/product\/303269","targetHints":{"allow":["GET"]}}],"collection":[{"href":"https:\/\/my-eliquid.de\/en_gb\/wp-json\/wp\/v2\/product"}],"about":[{"href":"https:\/\/my-eliquid.de\/en_gb\/wp-json\/wp\/v2\/types\/product"}],"replies":[{"embeddable":true,"href":"https:\/\/my-eliquid.de\/en_gb\/wp-json\/wp\/v2\/comments?post=303269"}],"wp:featuredmedia":[{"embeddable":true,"href":"https:\/\/my-eliquid.de\/en_gb\/wp-json\/wp\/v2\/media\/319153"}],"wp:attachment":[{"href":"https:\/\/my-eliquid.de\/en_gb\/wp-json\/wp\/v2\/media?parent=303269"}],"wp:term":[{"taxonomy":"product_brand","embeddable":true,"href":"https:\/\/my-eliquid.de\/en_gb\/wp-json\/wp\/v2\/product_brand?post=303269"},{"taxonomy":"product_cat","embeddable":true,"href":"https:\/\/my-eliquid.de\/en_gb\/wp-json\/wp\/v2\/product_cat?post=303269"},{"taxonomy":"product_tag","embeddable":true,"href":"https:\/\/my-eliquid.de\/en_gb\/wp-json\/wp\/v2\/product_tag?post=303269"}],"curies":[{"name":"wp","href":"https:\/\/api.w.org\/{rel}","templated":true}]}}