{"id":303309,"date":"2014-01-21T00:00:00","date_gmt":"2014-01-20T23:00:00","guid":{"rendered":"https:\/\/my-eliquid.de\/shop\/pfannkuchen-liquid\/"},"modified":"2025-12-30T08:28:59","modified_gmt":"2025-12-30T07:28:59","slug":"pfannkuchen-liquid","status":"publish","type":"product","link":"https:\/\/my-eliquid.de\/en_gb\/shop\/pfannkuchen-liquid\/","title":{"rendered":"Pancake liquid"},"content":{"rendered":"<p>Our <strong>Pancake liquid<\/strong> schmeckt nach frisch-k\u00f6stlichen Pfannkuchen wie direkt aus der Pfanne und stammt aus der Linie der <strong>Sweet liquids<\/strong>. Wohliger Eierkuchen-Geschmack wie selbstgemacht \u2013 aber ohne l\u00e4stigen Abwasch! All unsere Fl\u00fcssigkeiten werden bei uns vor Ort produziert und entsprechen h\u00f6chsten Sicherheitsstandards. Das <strong>Pancake liquid<\/strong> is nicotine-free and available in different <strong>Nicotine strengths<\/strong> available. For a long-lasting flavour development, we recommend using the <strong>e-Liquid<\/strong> Store away from light and in a dry place.<\/p>","protected":false},"excerpt":{"rendered":"<p>An airy flavour like fresh from the pan! Our <strong>Pancake liquid<\/strong> captivates with its fine flavour and wonderful aroma of deliciously sweet <strong>Pancakes<\/strong>.<\/p>","protected":false},"featured_media":319272,"comment_status":"open","ping_status":"closed","template":"","meta":{"_acf_changed":false,"_relevanssi_hide_post":"","_relevanssi_hide_content":"","_relevanssi_pin_for_all":"","_relevanssi_pin_keywords":"","_relevanssi_unpin_keywords":"","_relevanssi_related_keywords":"","_relevanssi_related_include_ids":"","_relevanssi_related_exclude_ids":"","_relevanssi_related_no_append":"","_relevanssi_related_not_related":"","_relevanssi_related_posts":"","_relevanssi_noindex_reason":""},"product_brand":[],"product_cat":[4731,4689,4880,4842,4706],"product_tag":[4919,4915,5166,4917,5239,4914,4918,5242,5004,5241,5238,5240,4920],"class_list":{"0":"post-303309","1":"product","2":"type-product","3":"status-publish","4":"has-post-thumbnail","6":"product_cat-alle-liquids-fur-e-zigaretten","7":"product_cat-eliquids","8":"product_cat-liquids-ohne-sucralose","9":"product_cat-my-eliquid-liquids","10":"product_cat-suesse-liquids-e-zigarette","11":"product_tag-dampfer","12":"product_tag-e-liquid","13":"product_tag-e-zigarette","14":"product_tag-e-zigi","15":"product_tag-eierkuchen","16":"product_tag-eliquid","17":"product_tag-ezigarette","18":"product_tag-flapjack","19":"product_tag-nachfuellfluessigkeit","20":"product_tag-pancake","21":"product_tag-pfannkuchen","22":"product_tag-schmarn","23":"product_tag-verdampfer","24":"product_shipping_class-standard","26":"first","27":"instock","28":"taxable","29":"shipping-taxable","30":"purchasable","31":"product-type-variable"},"acf":[],"_links":{"self":[{"href":"https:\/\/my-eliquid.de\/en_gb\/wp-json\/wp\/v2\/product\/303309","targetHints":{"allow":["GET"]}}],"collection":[{"href":"https:\/\/my-eliquid.de\/en_gb\/wp-json\/wp\/v2\/product"}],"about":[{"href":"https:\/\/my-eliquid.de\/en_gb\/wp-json\/wp\/v2\/types\/product"}],"replies":[{"embeddable":true,"href":"https:\/\/my-eliquid.de\/en_gb\/wp-json\/wp\/v2\/comments?post=303309"}],"wp:featuredmedia":[{"embeddable":true,"href":"https:\/\/my-eliquid.de\/en_gb\/wp-json\/wp\/v2\/media\/319272"}],"wp:attachment":[{"href":"https:\/\/my-eliquid.de\/en_gb\/wp-json\/wp\/v2\/media?parent=303309"}],"wp:term":[{"taxonomy":"product_brand","embeddable":true,"href":"https:\/\/my-eliquid.de\/en_gb\/wp-json\/wp\/v2\/product_brand?post=303309"},{"taxonomy":"product_cat","embeddable":true,"href":"https:\/\/my-eliquid.de\/en_gb\/wp-json\/wp\/v2\/product_cat?post=303309"},{"taxonomy":"product_tag","embeddable":true,"href":"https:\/\/my-eliquid.de\/en_gb\/wp-json\/wp\/v2\/product_tag?post=303309"}],"curies":[{"name":"wp","href":"https:\/\/api.w.org\/{rel}","templated":true}]}}