{"id":304820,"date":"2024-12-06T00:00:00","date_gmt":"2024-12-05T23:00:00","guid":{"rendered":"https:\/\/my-eliquid.de\/shop\/kaltenberg-aroma\/"},"modified":"2026-01-22T08:16:24","modified_gmt":"2026-01-22T07:16:24","slug":"kaltenberg-aroma","status":"publish","type":"product","link":"https:\/\/my-eliquid.de\/en_gb\/shop\/kaltenberg-aroma\/","title":{"rendered":"Kaltenberg flavour"},"content":{"rendered":"<p>Kaltenberg Aroma \u2013 Der besondere Genussmoment<\/p>\n<p>Kaltenberg vereint fruchtige Waldfr\u00fcchte mit einer erfrischenden Mischung aus Menthol, Eukalyptus und einer feinen Anisnote. Perfekt f\u00fcr einen au\u00dfergew\u00f6hnlichen Genussmoment.<\/p>\n<p>DIY Kaltenberg Aroma \u2013 F\u00fcr individuelle Kreationen<\/p>\n<p>Das **DIY Kaltenberg Aroma** eignet sich ideal zum **selbst Aromatisieren** individueller **Liquids**. Mit seinem einzigartigen **Waldfrucht- und Menthol-Geschmack** ist es perfekt f\u00fcr **elektronische Zigaretten** und **elektronische Verdampfer**.<\/p>\n<p>Wichtiger Hinweis<\/p>\n<p><span style=\"color: #ff0000;\"><strong>Attention:<\/strong><\/span> Dieses **Aroma** ist **hochkonzentriert** und darf **nicht unverd\u00fcnnt** verwendet werden. F\u00fcr die richtige Anwendung mischen Sie es bitte stets mit einer **DIY-Liquid-Base**.<\/p>","protected":false},"excerpt":{"rendered":"<p>Kaltenberg combines fruity forest fruits with a refreshing blend of menthol, eucalyptus and a fine aniseed note - for a unique flavour experience.<\/p>","protected":false},"featured_media":319820,"comment_status":"open","ping_status":"closed","template":"","meta":{"_acf_changed":false,"_relevanssi_hide_post":"","_relevanssi_hide_content":"","_relevanssi_pin_for_all":"","_relevanssi_pin_keywords":"","_relevanssi_unpin_keywords":"","_relevanssi_related_keywords":"","_relevanssi_related_include_ids":"","_relevanssi_related_exclude_ids":"","_relevanssi_related_no_append":"","_relevanssi_related_not_related":"","_relevanssi_related_posts":"","_relevanssi_noindex_reason":""},"product_brand":[],"product_cat":[4733,4882,4701,4705,4704,4881,4712],"product_tag":[1399,6847,4942,7423,5805,5792,4956,5226],"class_list":{"0":"post-304820","1":"product","2":"type-product","3":"status-publish","4":"has-post-thumbnail","6":"product_cat-alle-aromen","7":"product_cat-aromen-ohne-sucralose","8":"product_cat-aromen","9":"product_cat-frucht-aromen-liquid-e-zigarette","10":"product_cat-menthol-aromen-liquid-e-zigarette","11":"product_cat-my-eliquid-aromen","12":"product_cat-special-aromen-liquid-e-zigarette","13":"product_tag-aroma","14":"product_tag-aromen","15":"product_tag-frucht","16":"product_tag-kaltengerg","17":"product_tag-liquid","18":"product_tag-liquids","19":"product_tag-menthol","20":"product_tag-special","21":"product_shipping_class-standard","23":"first","24":"instock","25":"taxable","26":"shipping-taxable","27":"purchasable","28":"product-type-variable"},"acf":[],"_links":{"self":[{"href":"https:\/\/my-eliquid.de\/en_gb\/wp-json\/wp\/v2\/product\/304820","targetHints":{"allow":["GET"]}}],"collection":[{"href":"https:\/\/my-eliquid.de\/en_gb\/wp-json\/wp\/v2\/product"}],"about":[{"href":"https:\/\/my-eliquid.de\/en_gb\/wp-json\/wp\/v2\/types\/product"}],"replies":[{"embeddable":true,"href":"https:\/\/my-eliquid.de\/en_gb\/wp-json\/wp\/v2\/comments?post=304820"}],"wp:featuredmedia":[{"embeddable":true,"href":"https:\/\/my-eliquid.de\/en_gb\/wp-json\/wp\/v2\/media\/319820"}],"wp:attachment":[{"href":"https:\/\/my-eliquid.de\/en_gb\/wp-json\/wp\/v2\/media?parent=304820"}],"wp:term":[{"taxonomy":"product_brand","embeddable":true,"href":"https:\/\/my-eliquid.de\/en_gb\/wp-json\/wp\/v2\/product_brand?post=304820"},{"taxonomy":"product_cat","embeddable":true,"href":"https:\/\/my-eliquid.de\/en_gb\/wp-json\/wp\/v2\/product_cat?post=304820"},{"taxonomy":"product_tag","embeddable":true,"href":"https:\/\/my-eliquid.de\/en_gb\/wp-json\/wp\/v2\/product_tag?post=304820"}],"curies":[{"name":"wp","href":"https:\/\/api.w.org\/{rel}","templated":true}]}}