{"id":304919,"date":"2024-06-26T00:00:00","date_gmt":"2024-06-25T22:00:00","guid":{"rendered":"https:\/\/my-eliquid.de\/shop\/elfbar-elfliq-nic-salz-liquid-10mg\/"},"modified":"2026-04-01T23:09:30","modified_gmt":"2026-04-01T21:09:30","slug":"elfbar-elfliq-nic-salz-liquid-10mg","status":"publish","type":"product","link":"https:\/\/my-eliquid.de\/en_gb\/shop\/elfbar-elfliq-nic-salz-liquid-10mg\/","title":{"rendered":"ELFBAR Elfliq nicotine salt liquid 10mg"},"content":{"rendered":"<p><strong>Elfliq &#8211; NicSalt Liquid<\/strong><\/p>\n<p>Erleben Sie mit dem Elfliq NicSalt Liquid ein au\u00dfergew\u00f6hnliches Dampferlebnis \u2013 ideal abgestimmt mit einem Mischungsverh\u00e4ltnis von 50VG\/50PG, das eine perfekte Balance zwischen intensiver Dampfproduktion und vollmundigem Geschmack garantiert. Erh\u00e4ltlich in den Nikotinst\u00e4rken 10\u202fmg und 20\u202fmg.<\/p>\n<p>Mit Elfliq entdecken Sie den einzigartigen Geschmack, der an die bekannte Elf Bar erinnert, und profitieren zugleich von einer hochwertigen, umweltfreundlichen Alternative zu klassischen Einwegger\u00e4ten. Unsere Liquids \u00fcberzeugen durch exzellente Aromen und ein stilvolles Design, das sich nahtlos in Ihre moderne Web-Pr\u00e4senz einf\u00fcgt.<\/p>\n<p><strong>Wichtige Hinweise und Warnungen:<\/strong><br \/> \u2022 Enth\u00e4lt Nikotin \u2013 ein stark wirkender, suchterzeugender Inhaltsstoff. Dieses Produkt ist ausschlie\u00dflich f\u00fcr den Gebrauch durch Personen ab 18 Jahren bestimmt.<br \/> \u2022 Au\u00dferhalb der Reichweite von Kindern und Jugendlichen aufbewahren.<br \/> \u2022 Nicht zum Verschlucken oder f\u00fcr den oralen Gebrauch geeignet. Bei versehentlicher Einnahme oder \u00dcberdosierung sofort \u00e4rztlichen Rat einholen.<br \/> \u2022 Nur f\u00fcr den vorgesehenen Einsatz in entsprechenden Verdampfern verwenden. Das Liquid darf keinesfalls in direktem Kontakt mit offenen Flammen oder hohen Temperaturen kommen.<br \/> \u2022 Bitte beachten Sie alle weiteren gesetzlichen Vorgaben und Entsorgungsrichtlinien. Entleerte Verpackungen und nicht mehr verwendbare Liquids sind umweltgerecht zu entsorgen.<\/p>\n<p>Tauchen Sie ein in die Welt der Elfliq Liquids und genie\u00dfen Sie ein Dampferlebnis der Extraklasse \u2013 stilvoll, professionell und vollgepackt mit intensiven Aromen. Bestellen Sie jetzt und \u00fcberzeugen Sie sich selbst von der Qualit\u00e4t und dem einzigartigen Geschmackserlebnis!<\/p>","protected":false},"excerpt":{"rendered":"<p>Elfliq Liquids proudly presents a selection of bestselling flavours inspired by the popular Elf Bar disposable devices<\/p>","protected":false},"featured_media":319889,"comment_status":"open","ping_status":"closed","template":"","meta":{"_acf_changed":false,"_relevanssi_hide_post":"","_relevanssi_hide_content":"","_relevanssi_pin_for_all":"","_relevanssi_pin_keywords":"","_relevanssi_unpin_keywords":"","_relevanssi_related_keywords":"","_relevanssi_related_include_ids":"","_relevanssi_related_exclude_ids":"","_relevanssi_related_no_append":"","_relevanssi_related_not_related":"","_relevanssi_related_posts":"","_relevanssi_noindex_reason":""},"product_brand":[],"product_cat":[4731,4692,4709,4906,4851,4690,4694,4791,4708,4693,4706],"product_tag":[4919,4915,6813,6591,7859,4914,6508,6511,6509,6510,6512,4920],"class_list":{"0":"post-304919","1":"product","2":"type-product","3":"status-publish","4":"has-post-thumbnail","6":"product_cat-alle-liquids-fur-e-zigaretten","7":"product_cat-drinks-liquids-e-zigarette","8":"product_cat-eisbonbon-liquids-e-zigarette","9":"product_cat-elfbar","10":"product_cat-fremdprodukte","11":"product_cat-frucht-liquids-e-zigarette","12":"product_cat-menthol-liquids-e-zigarette","13":"product_cat-neue-liquids","14":"product_cat-nussige-liquids-e-zigarette","15":"product_cat-special-liquids-e-zigarette","16":"product_cat-suesse-liquids-e-zigarette","17":"product_tag-dampfer","18":"product_tag-e-liquid","19":"product_tag-elfa","20":"product_tag-elfbar","21":"product_tag-elfliq","22":"product_tag-eliquid","23":"product_tag-liquidsalz","24":"product_tag-nicsalt","25":"product_tag-nicsalz","26":"product_tag-nikotinsalz","27":"product_tag-salt","28":"product_tag-verdampfer","29":"product_shipping_class-standard","30":"pa_geschmack-apple-peach","31":"pa_geschmack-blackberry-lemon","32":"pa_geschmack-blackcurrant-aniseed","33":"pa_geschmack-blue-razz-lemonade","34":"pa_geschmack-blueberry","35":"pa_geschmack-blueberry-sour-raspberry","36":"pa_geschmack-cherry","37":"pa_geschmack-cherry-cola","38":"pa_geschmack-cola","39":"pa_geschmack-cotton-candy-ice","40":"pa_geschmack-elfstrom-ice","41":"pa_geschmack-grape","42":"pa_geschmack-kiwi-passion-fruit-guava","43":"pa_geschmack-mango","44":"pa_geschmack-menthol","45":"pa_geschmack-mix-berries","46":"pa_geschmack-peach-ice","47":"pa_geschmack-peach-passion-fruit","48":"pa_geschmack-pineapple-mango-orange","49":"pa_geschmack-pink-grapefruit","50":"pa_geschmack-pink-lemonade","51":"pa_geschmack-sour-apple","52":"pa_geschmack-spearmint","53":"pa_geschmack-strawberry-ice","54":"pa_geschmack-strawberry-ice-cream","55":"pa_geschmack-strawberry-kiwi","56":"pa_geschmack-strawberry-raspberry-cherry","57":"pa_geschmack-watermelon","59":"first","60":"instock","61":"taxable","62":"shipping-taxable","63":"purchasable","64":"product-type-variable"},"acf":[],"_links":{"self":[{"href":"https:\/\/my-eliquid.de\/en_gb\/wp-json\/wp\/v2\/product\/304919","targetHints":{"allow":["GET"]}}],"collection":[{"href":"https:\/\/my-eliquid.de\/en_gb\/wp-json\/wp\/v2\/product"}],"about":[{"href":"https:\/\/my-eliquid.de\/en_gb\/wp-json\/wp\/v2\/types\/product"}],"replies":[{"embeddable":true,"href":"https:\/\/my-eliquid.de\/en_gb\/wp-json\/wp\/v2\/comments?post=304919"}],"wp:featuredmedia":[{"embeddable":true,"href":"https:\/\/my-eliquid.de\/en_gb\/wp-json\/wp\/v2\/media\/319889"}],"wp:attachment":[{"href":"https:\/\/my-eliquid.de\/en_gb\/wp-json\/wp\/v2\/media?parent=304919"}],"wp:term":[{"taxonomy":"product_brand","embeddable":true,"href":"https:\/\/my-eliquid.de\/en_gb\/wp-json\/wp\/v2\/product_brand?post=304919"},{"taxonomy":"product_cat","embeddable":true,"href":"https:\/\/my-eliquid.de\/en_gb\/wp-json\/wp\/v2\/product_cat?post=304919"},{"taxonomy":"product_tag","embeddable":true,"href":"https:\/\/my-eliquid.de\/en_gb\/wp-json\/wp\/v2\/product_tag?post=304919"}],"curies":[{"name":"wp","href":"https:\/\/api.w.org\/{rel}","templated":true}]}}