{"id":304976,"date":"2015-08-28T00:00:00","date_gmt":"2015-08-27T22:00:00","guid":{"rendered":"https:\/\/my-eliquid.de\/shop\/vape-smith-grip-royale-rda\/"},"modified":"2025-11-25T13:54:19","modified_gmt":"2025-11-25T12:54:19","slug":"vape-smith-grip-royale-rda","status":"publish","type":"product","link":"https:\/\/my-eliquid.de\/en_gb\/shop\/vape-smith-grip-royale-rda\/","title":{"rendered":"Vape Smith Grip Royale RDA"},"content":{"rendered":"<h4>VapeSmith <span>Grip Royale RDA<\/span><\/h4>\n<p>Das Optimale Ger\u00e4t f\u00fcr <strong>Cloud-Chaser<\/strong> und Dampf Junkies (bei mech. AT im <strong>Subohm<\/strong> Bereich bitte nur die passenden Akkus verwenden ab 25amp +)<\/p>\n<p>Bei der richtigen Wicklung ist eine unglaubliche Performance m\u00f6glich.<br \/>\nWundersch\u00f6ner RDA mit 27mm Durchmesser und sch\u00f6n gro\u00dfer <strong>Airflow<\/strong>.<br \/>\nMan kann den <strong>Dripper<\/strong> sowohl single als auch dual betreiben.<\/p>\n<p>\u00a0<\/p>\n<p><strong>Hier ein Paar Details:<\/strong><\/p>\n<ul>\n<li>4 post Design (4 Draht aufnahmen) mit jeweils 2,0 mm dicken L\u00f6chern.<\/li>\n<li>Das Geh\u00e4use und die Base besteht aus 304 Edelstahl \/ Messing.<\/li>\n<li>Verwendet wird ein aus Kupfer gefertigter plus pol.\u00a0<\/li>\n<li>In der Base befindet sich ein 22 mm Durchmesser und 6 mm tiefer liquid Speicher zur Aufnahme von (je nach Watte Menge) bis zu 2ml .<\/li>\n<\/ul>\n<p>\u00a0<\/p>\n<p><strong>Zur Base:<\/strong><\/p>\n<ul>\n<li>Kupfer Pin-Anschluss<\/li>\n<li>6mm tiefer Liquidspeicher<\/li>\n<li>Zwei 2mm O-Ring<\/li>\n<li>Peek Isolator<\/li>\n<li>Vier 3mm Chromschrauben<\/li>\n<\/ul>\n<p>\u00a0<\/p>\n<p><strong>Zur Main Top-Cap:<\/strong><\/p>\n<ul>\n<li>Fertigung aus Edelstahl und Messing<\/li>\n<li>27mm Durchmesser<\/li>\n<li>Rotator AFC-Ring<\/li>\n<li>Single- oder Dual betrieb<\/li>\n<li>Laser graviertes Grip-Logo mit Seriennummer<\/li>\n<li>nnenbereich aus schwarzem Chrom<\/li>\n<\/ul>\n<p>\u00a0<\/p>\n<p><strong>Zur Turnier Top-Cap (Widebore):<\/strong><\/p>\n<ul>\n<li>Edelstahl und schwarzes Delrin Mundst\u00fcck<\/li>\n<li>22mm Durchmesser<\/li>\n<li>Zwei feste riesige AFCs\u00a0<\/li>\n<\/ul>\n<div class=\"_3hi clearfix\">\n<div class=\"_1yr\">\u00a0<\/div>\n<div class=\"_1yr\"><strong>Im Set des Grip Royale RDA\u00a0Tr\u00f6pfler :<\/strong><\/div>\n<div class=\"_1yr\">\n<ul>\n<li>2 verschiedene Drip Tips<\/li>\n<li style=\"list-style: none; display: inline\">\n<ul>\n<li>1 Drip Tip aus Delrin (kunstoff)\u00a0<\/li>\n<li>1 Drip Tip aus Kupfer<\/li>\n<\/ul>\n<\/li>\n<li>Ein ersatz O-Ring<\/li>\n<li>VapeSmith design Grip Royale Top-Cap<\/li>\n<li>Turnier Top-Cap<\/li>\n<\/ul>\n<\/div>\n<\/div>","protected":false},"excerpt":{"rendered":"<p>Tournament CAP + Royale CAP. 4 post design (4 wire holders) with 2.0 mm thick holes each. Housing and base made of 304 stainless steel \/ brass. Copper plus pole. 22 mm x 6 mm liquid reservoir<\/p>","protected":false},"featured_media":301156,"comment_status":"open","ping_status":"closed","template":"","meta":{"_acf_changed":false,"_relevanssi_hide_post":"","_relevanssi_hide_content":"","_relevanssi_pin_for_all":"","_relevanssi_pin_keywords":"","_relevanssi_unpin_keywords":"","_relevanssi_related_keywords":"","_relevanssi_related_include_ids":"","_relevanssi_related_exclude_ids":"","_relevanssi_related_no_append":"","_relevanssi_related_not_related":"","_relevanssi_related_posts":"","_relevanssi_noindex_reason":""},"product_brand":[],"product_cat":[4713,4781,4714],"product_tag":[5411,7545,6357,5310,6939,7546,5251,7544],"class_list":{"0":"post-304976","1":"product","2":"type-product","3":"status-publish","4":"has-post-thumbnail","6":"product_cat-e-zigaretten","7":"product_cat-e-zigaretten-hersteller","8":"product_cat-selbstwickler","9":"product_tag-e-zigaretten","10":"product_tag-grip","11":"product_tag-hardware","12":"product_tag-neuheiten","13":"product_tag-rda","14":"product_tag-royale","15":"product_tag-selbstwickler","16":"product_tag-vapesmith","17":"product_shipping_class-standard","19":"first","20":"instock","21":"taxable","22":"shipping-taxable","23":"purchasable","24":"product-type-simple"},"acf":[],"_links":{"self":[{"href":"https:\/\/my-eliquid.de\/en_gb\/wp-json\/wp\/v2\/product\/304976","targetHints":{"allow":["GET"]}}],"collection":[{"href":"https:\/\/my-eliquid.de\/en_gb\/wp-json\/wp\/v2\/product"}],"about":[{"href":"https:\/\/my-eliquid.de\/en_gb\/wp-json\/wp\/v2\/types\/product"}],"replies":[{"embeddable":true,"href":"https:\/\/my-eliquid.de\/en_gb\/wp-json\/wp\/v2\/comments?post=304976"}],"wp:featuredmedia":[{"embeddable":true,"href":"https:\/\/my-eliquid.de\/en_gb\/wp-json\/wp\/v2\/media\/301156"}],"wp:attachment":[{"href":"https:\/\/my-eliquid.de\/en_gb\/wp-json\/wp\/v2\/media?parent=304976"}],"wp:term":[{"taxonomy":"product_brand","embeddable":true,"href":"https:\/\/my-eliquid.de\/en_gb\/wp-json\/wp\/v2\/product_brand?post=304976"},{"taxonomy":"product_cat","embeddable":true,"href":"https:\/\/my-eliquid.de\/en_gb\/wp-json\/wp\/v2\/product_cat?post=304976"},{"taxonomy":"product_tag","embeddable":true,"href":"https:\/\/my-eliquid.de\/en_gb\/wp-json\/wp\/v2\/product_tag?post=304976"}],"curies":[{"name":"wp","href":"https:\/\/api.w.org\/{rel}","templated":true}]}}