{"id":304986,"date":"2020-05-28T00:00:00","date_gmt":"2020-05-27T22:00:00","guid":{"rendered":"https:\/\/my-eliquid.de\/shop\/vapefly-brunhilde-mtl-rta-ersatzglas-8ml\/"},"modified":"2025-11-25T13:54:28","modified_gmt":"2025-11-25T12:54:28","slug":"vapefly-brunhilde-mtl-rta-ersatzglas-8ml","status":"publish","type":"product","link":"https:\/\/my-eliquid.de\/en_gb\/shop\/vapefly-brunhilde-mtl-rta-ersatzglas-8ml\/","title":{"rendered":"Vapefly | Brunhilde MTL RTA replacement glass 5ml"},"content":{"rendered":"<p>Vapefly Brunhilde MTL RTA Ersatzglas 5ml<\/p>\n<\/p>\n<p>Vapefly Brunhilde MTL RTA Ersatzglas mit 5ml F\u00fcllvolumen. (Ausschlie\u00dflich f\u00fcr Brunhilde MTL RTA nicht Brunhilde RTA geeignet)<\/p>","protected":false},"excerpt":{"rendered":"<p>Vapefly Brunhilde MTL RTA replacement glass with 5ml filling volume. <\/p>","protected":false},"featured_media":319777,"comment_status":"open","ping_status":"closed","template":"","meta":{"_acf_changed":false,"_relevanssi_hide_post":"","_relevanssi_hide_content":"","_relevanssi_pin_for_all":"","_relevanssi_pin_keywords":"","_relevanssi_unpin_keywords":"","_relevanssi_related_keywords":"","_relevanssi_related_include_ids":"","_relevanssi_related_exclude_ids":"","_relevanssi_related_no_append":"","_relevanssi_related_not_related":"","_relevanssi_related_posts":"","_relevanssi_noindex_reason":""},"product_brand":[],"product_cat":[4713,4781,4780],"product_tag":[7365,6081,5411,7312,6108,6082,6080],"class_list":{"0":"post-304986","1":"product","2":"type-product","3":"status-publish","4":"has-post-thumbnail","6":"product_cat-e-zigaretten","7":"product_cat-e-zigaretten-hersteller","8":"product_cat-ersatzteile","9":"product_tag-8ml","10":"product_tag-brunhilde","11":"product_tag-e-zigaretten","12":"product_tag-ersatzglas","13":"product_tag-ersatzteile","14":"product_tag-rta","15":"product_tag-vapefly","16":"product_shipping_class-standard","18":"first","19":"instock","20":"taxable","21":"shipping-taxable","22":"purchasable","23":"product-type-simple"},"acf":[],"_links":{"self":[{"href":"https:\/\/my-eliquid.de\/en_gb\/wp-json\/wp\/v2\/product\/304986","targetHints":{"allow":["GET"]}}],"collection":[{"href":"https:\/\/my-eliquid.de\/en_gb\/wp-json\/wp\/v2\/product"}],"about":[{"href":"https:\/\/my-eliquid.de\/en_gb\/wp-json\/wp\/v2\/types\/product"}],"replies":[{"embeddable":true,"href":"https:\/\/my-eliquid.de\/en_gb\/wp-json\/wp\/v2\/comments?post=304986"}],"wp:featuredmedia":[{"embeddable":true,"href":"https:\/\/my-eliquid.de\/en_gb\/wp-json\/wp\/v2\/media\/319777"}],"wp:attachment":[{"href":"https:\/\/my-eliquid.de\/en_gb\/wp-json\/wp\/v2\/media?parent=304986"}],"wp:term":[{"taxonomy":"product_brand","embeddable":true,"href":"https:\/\/my-eliquid.de\/en_gb\/wp-json\/wp\/v2\/product_brand?post=304986"},{"taxonomy":"product_cat","embeddable":true,"href":"https:\/\/my-eliquid.de\/en_gb\/wp-json\/wp\/v2\/product_cat?post=304986"},{"taxonomy":"product_tag","embeddable":true,"href":"https:\/\/my-eliquid.de\/en_gb\/wp-json\/wp\/v2\/product_tag?post=304986"}],"curies":[{"name":"wp","href":"https:\/\/api.w.org\/{rel}","templated":true}]}}