{"id":305001,"date":"2023-10-18T00:00:00","date_gmt":"2023-10-17T22:00:00","guid":{"rendered":"https:\/\/my-eliquid.de\/shop\/vaporesso-eco-nano-pod-kit\/"},"modified":"2025-11-25T13:54:29","modified_gmt":"2025-11-25T12:54:29","slug":"vaporesso-eco-nano-pod-kit","status":"publish","type":"product","link":"https:\/\/my-eliquid.de\/en_gb\/shop\/vaporesso-eco-nano-pod-kit\/","title":{"rendered":"Vaporesso | Eco Nano | Pod Kit"},"content":{"rendered":"<p><strong>Vaporesso Eco Nano Pod Kit<\/strong> <\/p>\n<p>Das\u00a0Vaporesso Eco Nano Kit ist so konzipiert, dass Dampfen\u00a0noch einfacher\u00a0wird. Die Zugautomatik erlaubt dir ein unkompliziertes Dampfen, ohne dass du dich durch schwierige Einstellungen k\u00e4mpfen musst. Seine schlanke Form macht es einfach, ihn in der Hand oder der Tasche zu tragen. Sein leichtes Design erm\u00f6glicht es dir, ihn \u00fcberall hin mitzunehmen, ob du nun unterwegs bist oder zu Hause den Abend genie\u00dft.<\/p>\n<p>Mit seinem integrierten\u00a0Akku mit einer Kapazit\u00e4t von 1000mAh\u00a0bietet der Eco Nano durchgehende Power f\u00fcr ein ausdauerndes Dampfen. \u00dcber eine LED-Anzeige kannst du einfach den Akkustand im Blick behalten und wei\u00dft so immer, wann es Zeit zum Aufladen ist.<\/p>\n<h2>Die Coils der Eco Nano<\/h2>\n<p>Der Eco Nano Pod kommt mit erstklassigen Corex-Coils, die f\u00fcr hervorragenden Geschmack und eine starke Dampfentwicklung bekannt sind. Diese Verdampferk\u00f6pfe mit einem Widerstand von 1,2 oder 0,8 Ohm passen ideal zur Eco Nano. Die wechselbaren Pods machen die Bedienung unkompliziert und lassen dir Raum, deine Dampfpr\u00e4ferenzen individuell anzupassen.<\/p>\n<\/p>\n<p><strong>Alle Daten:<\/strong><\/p>\n<ul>\n<li>Tankvolumen: 6ml<\/li>\n<li>Akku: 1000mAh<\/li>\n<li>USB-C Anschluss<\/li>\n<li>Top Fill System<\/li>\n<li>Leistung: max. 25 Watt<\/li>\n<li>Gr\u00f6\u00dfe: 77mm x 18mm x 44,7mm<\/li>\n<\/ul>\n<p>\u00a0<\/p>","protected":false},"excerpt":{"rendered":"<p>The <strong>Vaporesso Eco Nano Pod Kit<\/strong>\u00a0 Thanks to its slim and handy design, the Vaporesso Eco Nano Pod Kit impresses with a mix of elegance, mobility and easy handling.<\/p>","protected":false},"featured_media":319897,"comment_status":"open","ping_status":"closed","template":"","meta":{"_acf_changed":false,"_relevanssi_hide_post":"","_relevanssi_hide_content":"","_relevanssi_pin_for_all":"","_relevanssi_pin_keywords":"","_relevanssi_unpin_keywords":"","_relevanssi_related_keywords":"","_relevanssi_related_include_ids":"","_relevanssi_related_exclude_ids":"","_relevanssi_related_no_append":"","_relevanssi_related_not_related":"","_relevanssi_related_posts":"","_relevanssi_noindex_reason":""},"product_brand":[],"product_cat":[4713,4771,4781,4772,4722,4810],"product_tag":[1391,5411,6970,6358,6712,4974,6410,6468,5859,6747,6051],"class_list":{"0":"post-305001","1":"product","2":"type-product","3":"status-publish","4":"has-post-thumbnail","6":"product_cat-e-zigaretten","7":"product_cat-e-zigaretten-fuer-einsteiger","8":"product_cat-e-zigaretten-hersteller","9":"product_cat-e-zigaretten-sets","10":"product_cat-neuheiten","11":"product_cat-vaporesso","12":"product_tag-bitte","13":"product_tag-e-zigaretten","14":"product_tag-eco","15":"product_tag-einsteiger","16":"product_tag-fuer","17":"product_tag-hersteller","18":"product_tag-kit","19":"product_tag-nano","20":"product_tag-pod","21":"product_tag-sets","22":"product_tag-vaporesso","23":"product_shipping_class-standard","25":"first","26":"instock","27":"taxable","28":"shipping-taxable","29":"purchasable","30":"product-type-variable"},"acf":[],"_links":{"self":[{"href":"https:\/\/my-eliquid.de\/en_gb\/wp-json\/wp\/v2\/product\/305001","targetHints":{"allow":["GET"]}}],"collection":[{"href":"https:\/\/my-eliquid.de\/en_gb\/wp-json\/wp\/v2\/product"}],"about":[{"href":"https:\/\/my-eliquid.de\/en_gb\/wp-json\/wp\/v2\/types\/product"}],"replies":[{"embeddable":true,"href":"https:\/\/my-eliquid.de\/en_gb\/wp-json\/wp\/v2\/comments?post=305001"}],"wp:featuredmedia":[{"embeddable":true,"href":"https:\/\/my-eliquid.de\/en_gb\/wp-json\/wp\/v2\/media\/319897"}],"wp:attachment":[{"href":"https:\/\/my-eliquid.de\/en_gb\/wp-json\/wp\/v2\/media?parent=305001"}],"wp:term":[{"taxonomy":"product_brand","embeddable":true,"href":"https:\/\/my-eliquid.de\/en_gb\/wp-json\/wp\/v2\/product_brand?post=305001"},{"taxonomy":"product_cat","embeddable":true,"href":"https:\/\/my-eliquid.de\/en_gb\/wp-json\/wp\/v2\/product_cat?post=305001"},{"taxonomy":"product_tag","embeddable":true,"href":"https:\/\/my-eliquid.de\/en_gb\/wp-json\/wp\/v2\/product_tag?post=305001"}],"curies":[{"name":"wp","href":"https:\/\/api.w.org\/{rel}","templated":true}]}}