{"id":305007,"date":"2018-05-08T00:00:00","date_gmt":"2018-05-07T22:00:00","guid":{"rendered":"https:\/\/my-eliquid.de\/shop\/just-fog-1-2-ohm-1-6-ohm-q16-p16-coils-verdampferkopf\/"},"modified":"2026-04-08T15:13:16","modified_gmt":"2026-04-08T13:13:16","slug":"just-fog-1-2-ohm-1-6-ohm-q16-p16-coils-verdampferkopf","status":"publish","type":"product","link":"https:\/\/my-eliquid.de\/en_gb\/shop\/just-fog-1-2-ohm-1-6-ohm-q16-p16-coils-verdampferkopf\/","title":{"rendered":"Just Fog | 1.2 Ohm | 1.6 Ohm | Q16 P16 Coils | Vaporiser heads"},"content":{"rendered":"<p><strong>Verdampferk\u00f6pfe f\u00fcr JustFog Verdampfer. (P16A, P14A, Q16, Q14, C14, G14, S14)<\/strong><\/p>\n<p>The <strong>JustFog Coils<\/strong> sind f\u00fcr Backendampfer konzipiert, die den Dampf erst in den Mund und dann zur Lunge inhalieren (ML\/MTL= Mouth to Lung).<\/p>\n<p>Die Coils sorgen f\u00fcr eine angenehme Dampfentwicklung. Diese Verdampferk\u00f6pfe von JustFog besitzen eine Kanthal Wicklung und sind mit hochwertiger Watte aus japanischer Bio-Baumwolle best\u00fcckt, was zu sauberen und sehr gutem Geschmack f\u00fchrt.<\/p>\n<p><strong>Der Hersteller empfiehlt den Betrieb zwischen 6 Watt bis 12 Watt.<\/strong><\/p>","protected":false},"excerpt":{"rendered":"<p>Suitable for <strong>I just devices from Just Fog. 6w -12w usable<\/strong>. Suitable for: <strong>Q16; S14, Q14 G14, C14, pack of 5 <\/strong><\/p>","protected":false},"featured_media":319812,"comment_status":"open","ping_status":"closed","template":"","meta":{"_acf_changed":false,"_relevanssi_hide_post":"","_relevanssi_hide_content":"","_relevanssi_pin_for_all":"","_relevanssi_pin_keywords":"","_relevanssi_unpin_keywords":"","_relevanssi_related_keywords":"","_relevanssi_related_include_ids":"","_relevanssi_related_exclude_ids":"","_relevanssi_related_no_append":"","_relevanssi_related_not_related":"","_relevanssi_related_posts":"","_relevanssi_noindex_reason":""},"product_brand":[],"product_cat":[4771,4781,4822,4778],"product_tag":[7224,7429,6880,7190,7189,7430,6701,5423],"class_list":{"0":"post-305007","1":"product","2":"type-product","3":"status-publish","4":"has-post-thumbnail","6":"product_cat-e-zigaretten-fuer-einsteiger","7":"product_cat-e-zigaretten-hersteller","8":"product_cat-just-fog","9":"product_cat-verdampferkoepfe","10":"product_tag-7224","11":"product_tag-2ohm","12":"product_tag-atomizer","13":"product_tag-fog","14":"product_tag-just","15":"product_tag-p16","16":"product_tag-q16","17":"product_tag-verdampferkoepfe","18":"product_shipping_class-standard","20":"first","21":"instock","22":"taxable","23":"shipping-taxable","24":"purchasable","25":"product-type-variable"},"acf":[],"_links":{"self":[{"href":"https:\/\/my-eliquid.de\/en_gb\/wp-json\/wp\/v2\/product\/305007","targetHints":{"allow":["GET"]}}],"collection":[{"href":"https:\/\/my-eliquid.de\/en_gb\/wp-json\/wp\/v2\/product"}],"about":[{"href":"https:\/\/my-eliquid.de\/en_gb\/wp-json\/wp\/v2\/types\/product"}],"replies":[{"embeddable":true,"href":"https:\/\/my-eliquid.de\/en_gb\/wp-json\/wp\/v2\/comments?post=305007"}],"wp:featuredmedia":[{"embeddable":true,"href":"https:\/\/my-eliquid.de\/en_gb\/wp-json\/wp\/v2\/media\/319812"}],"wp:attachment":[{"href":"https:\/\/my-eliquid.de\/en_gb\/wp-json\/wp\/v2\/media?parent=305007"}],"wp:term":[{"taxonomy":"product_brand","embeddable":true,"href":"https:\/\/my-eliquid.de\/en_gb\/wp-json\/wp\/v2\/product_brand?post=305007"},{"taxonomy":"product_cat","embeddable":true,"href":"https:\/\/my-eliquid.de\/en_gb\/wp-json\/wp\/v2\/product_cat?post=305007"},{"taxonomy":"product_tag","embeddable":true,"href":"https:\/\/my-eliquid.de\/en_gb\/wp-json\/wp\/v2\/product_tag?post=305007"}],"curies":[{"name":"wp","href":"https:\/\/api.w.org\/{rel}","templated":true}]}}