{"id":305017,"date":"2022-11-17T00:00:00","date_gmt":"2022-11-16T23:00:00","guid":{"rendered":"https:\/\/my-eliquid.de\/shop\/dotmod-dotsick-revo-2\/"},"modified":"2025-11-25T13:48:27","modified_gmt":"2025-11-25T12:48:27","slug":"dotmod-dotsick-revo-2","status":"publish","type":"product","link":"https:\/\/my-eliquid.de\/en_gb\/shop\/dotmod-dotsick-revo-2\/","title":{"rendered":"dotMod | dotPod Nano | Pod Kit"},"content":{"rendered":"<p><strong>DotMod dotPod Nano Pod Kit<\/strong><br \/>\nSchick, edel und doch ohne unn\u00f6tigen Schnickschnack &#8211; das ist das DotMod dotPod Nano Kit. Dank ihrer quadratischen Form liegt diese moderne E-Zigarette perfekt in der Hand und ist leicht in jeder Tasche zu verstauen. Die hochwertige Oberfl\u00e4che aus Zinklegierung in Kombination mit dem raffinierten, weichen Lederbezug sorgt f\u00fcr ein gro\u00dfartiges Gef\u00fchl und einen zus\u00e4tzlichen Hauch von Luxus beim Dampfen mit dem DotMod dotPod Nano Kit. Das Kit wurde speziell f\u00fcr MTL- und RDL-Dampfer entwickelt und wird mit einem Schl\u00fcsselband geliefert, mit dem es um den Hals getragen und pr\u00e4sentiert werden kann.<\/p>\n<p>Trotz seiner geringen Gr\u00f6\u00dfe ist das dotPod Nano Kit mit einem leistungsstarken <strong>800 mAh<\/strong> Akku ausgestattet, der auch nach l\u00e4ngerer Zeit ohne Aufladung nicht leer wird. Wenn die Energie jedoch zur Neige geht, kann der Akku \u00fcber den Standard-USB-C-Anschluss des Ger\u00e4ts sofort wieder aufgeladen werden. Dank der praktischen Pass-Through-Funktion k\u00f6nnen Sie mit dem DotMod dotPod Nano Kit sogar w\u00e4hrend des Ladevorgangs dampfen. \u00dcbrigens: DotMod verwendet bei diesem Bausatz keinen Feuerknopf &#8211; die einzige Steuerung erfolgt \u00fcber die praktische automatische Spannung. Die Leistungsanpassung des Kits erfolgt je nach verwendetem Pod vollautomatisch. Daraus ergibt sich eine maximale Leistung von bis zu 18 Watt.<\/p>\n<p>Die speziellen <strong>DotMod Nano Pods<\/strong> sind in zwei Versionen erh\u00e4ltlich: mit 0,8 oder 1,0 Ohm Widerstand. Dank der Mesh-K\u00f6pfe des Verdampfers wird das Liquid in diesen Pods besonders gleichm\u00e4\u00dfig erhitzt und sorgt f\u00fcr eine sensationelle Geschmacksentfaltung. Die Pods fassen bis zu 2 ml Liquid und werden \u00fcber ein praktisches Sidefill-System bef\u00fcllt.<\/p>\n<p><span><span><strong>Data:<\/strong><\/span><\/span><\/p>\n<ul>\n<li><span><span>Elegantes und schlankes Design<\/span><\/span><\/li>\n<li><span><span>Integrierter 800mAh Akku<\/span><\/span><\/li>\n<li><span><span>USB Typ-C Ladeanschluss<\/span><\/span><\/li>\n<li><span><span>Ausgangsleistung: 18 Watt<\/span><\/span><\/li>\n<li><span><span>Automatic train control<\/span><\/span><\/li>\n<li><span><span>LED Akkustandsanzeige<\/span><\/span><\/li>\n<li><span><span>Wechselbare und wiederbef\u00fcllbare Pods<\/span><\/span><\/li>\n<li><span><span>2ml Tankvolumen<\/span><\/span><\/li>\n<li><span><span>Side-Fill System<\/span><\/span><\/li>\n<\/ul>\n<p><span><span><strong>Dimensions:<\/strong><\/span><\/span><\/p>\n<ul>\n<li><span><span>L\u00e4nge: 49,5mm (ohne Pod)<\/span><\/span><\/li>\n<li><span><span>Breite: 49,5mm<\/span><\/span><\/li>\n<li><span><span>Tiefe: 15mm<\/span><\/span><\/li>\n<li><span><span>Gewicht: 79,3g<\/span><\/span><\/li>\n<\/ul>","protected":false},"excerpt":{"rendered":"<p><strong>DotMod dotPod Nano<\/strong> hand and is easy to stow in any pocket.<\/p>","protected":false},"featured_media":319390,"comment_status":"open","ping_status":"closed","template":"","meta":{"_acf_changed":false,"_relevanssi_hide_post":"","_relevanssi_hide_content":"","_relevanssi_pin_for_all":"","_relevanssi_pin_keywords":"","_relevanssi_unpin_keywords":"","_relevanssi_related_keywords":"","_relevanssi_related_include_ids":"","_relevanssi_related_exclude_ids":"","_relevanssi_related_no_append":"","_relevanssi_related_not_related":"","_relevanssi_related_posts":"","_relevanssi_noindex_reason":""},"product_brand":[],"product_cat":[4773,4782,4784,4887,4713,4771,4781,4772,4886,4785,4722,4793],"product_tag":[6353,6467,5166,6358,6359,6356,6357,6410,6468,5859],"class_list":{"0":"post-305017","1":"product","2":"type-product","3":"status-publish","4":"has-post-thumbnail","6":"product_cat-e-zigaretten-akkutraeger","7":"product_cat-box-mod","8":"product_cat-box-mod-digital","9":"product_cat-dotmod","10":"product_cat-e-zigaretten","11":"product_cat-e-zigaretten-fuer-einsteiger","12":"product_cat-e-zigaretten-hersteller","13":"product_cat-e-zigaretten-sets","14":"product_cat-lagerverkauf-hardware-sale","15":"product_cat-box-mod-mechanisch","16":"product_cat-neuheiten","17":"product_cat-e-zigaretten-liquid-basen-aroma-vape-sale","18":"product_tag-dotmod","19":"product_tag-dotpod","20":"product_tag-e-zigarette","21":"product_tag-einsteiger","22":"product_tag-fertigcoils","23":"product_tag-fertigverdampfer","24":"product_tag-hardware","25":"product_tag-kit","26":"product_tag-nano","27":"product_tag-pod","28":"product_shipping_class-standard","30":"first","31":"instock","32":"sale","33":"taxable","34":"shipping-taxable","35":"purchasable","36":"product-type-variable"},"acf":[],"_links":{"self":[{"href":"https:\/\/my-eliquid.de\/en_gb\/wp-json\/wp\/v2\/product\/305017","targetHints":{"allow":["GET"]}}],"collection":[{"href":"https:\/\/my-eliquid.de\/en_gb\/wp-json\/wp\/v2\/product"}],"about":[{"href":"https:\/\/my-eliquid.de\/en_gb\/wp-json\/wp\/v2\/types\/product"}],"replies":[{"embeddable":true,"href":"https:\/\/my-eliquid.de\/en_gb\/wp-json\/wp\/v2\/comments?post=305017"}],"wp:featuredmedia":[{"embeddable":true,"href":"https:\/\/my-eliquid.de\/en_gb\/wp-json\/wp\/v2\/media\/319390"}],"wp:attachment":[{"href":"https:\/\/my-eliquid.de\/en_gb\/wp-json\/wp\/v2\/media?parent=305017"}],"wp:term":[{"taxonomy":"product_brand","embeddable":true,"href":"https:\/\/my-eliquid.de\/en_gb\/wp-json\/wp\/v2\/product_brand?post=305017"},{"taxonomy":"product_cat","embeddable":true,"href":"https:\/\/my-eliquid.de\/en_gb\/wp-json\/wp\/v2\/product_cat?post=305017"},{"taxonomy":"product_tag","embeddable":true,"href":"https:\/\/my-eliquid.de\/en_gb\/wp-json\/wp\/v2\/product_tag?post=305017"}],"curies":[{"name":"wp","href":"https:\/\/api.w.org\/{rel}","templated":true}]}}