{"id":305019,"date":"2017-06-28T00:00:00","date_gmt":"2017-06-27T22:00:00","guid":{"rendered":"https:\/\/my-eliquid.de\/shop\/aspire-cleito-verdampferkopfe-ezigarette\/"},"modified":"2026-04-01T10:35:29","modified_gmt":"2026-04-01T08:35:29","slug":"aspire-cleito-verdampferkopfe-ezigarette","status":"publish","type":"product","link":"https:\/\/my-eliquid.de\/en_gb\/shop\/aspire-cleito-verdampferkopfe-ezigarette\/","title":{"rendered":"Aspire Cleito vaporiser heads | 0.2 Ohm - 0.4 Ohm"},"content":{"rendered":"<p>Auch bei diesen <strong>Verdampferk\u00f6pfen<\/strong> hat sich <strong>Aspire<\/strong> wieder etwas Besonderes einfallen lassen. Ein speziell f\u00fcr den <strong>Cleito<\/strong> entwickeltes Spulendesign ersetzt den Kamin und f\u00fchrt zu einem besseren Luftstrom.<\/p>\n<p>Dadurch verspricht der Hersteller erh\u00f6hte Dampfproduktion und eine exzellente Geschmacksentwicklung. Bei der Wicklung handelt es sich um eine <strong>Clapton Kanthal Coil<\/strong> with a <strong>Widerstand von 0,2 Ohm oder 0,27 Ohm oder 0,4 Ohm.<\/strong><\/p>\n<p>Die Verdampferk\u00f6pfe k\u00f6nnen ganz einfach ausgewechselt werden, indem der Verdampferkopf mit den Gewinden in der Top Cap und der Base verschraubt wird. Als Tr\u00e4germaterial wird Bio-Baumwolle verwendet.<\/p>\n<p>Bitte beachten Sie, dass Sie nach der ersten Bef\u00fcllung ein paar Minuten warten m\u00fcssen, bis sich die Watte mit Liquid vollgesogen hat. Diese Verdampferk\u00f6pfe passen nur in den <strong>Aspire Cleito<\/strong> und sind nicht mit anderen Verdampfern kompatibel.<\/p>\n<p>Au\u00dferdem d\u00fcrfen aufgrund der niedrigen Ohmzahl nur Akkus verwendet werden, die als <strong>sub-Ohm-tauglich<\/strong> ausgewiesen sind.<\/p>\n<p>\u201eAchtung: Dieses Angebot richtet sich ausschlie\u00dflich an Vollj\u00e4hrige. Das Jugendschutzgesetz verbietet das Angebot und die Abgabe dieses Artikels an Kinder und Jugendliche. Ein Kaufvertrag kommt nur nach erfolgreicher Alters\u00fcberpr\u00fcfung zustande. Zus\u00e4tzlich f\u00fchrt der Postbote bei der Aush\u00e4ndigung des Pakets eine \u00dcberpr\u00fcfung durch.\u201c<\/p>","protected":false},"excerpt":{"rendered":"<p>The <strong>Heads<\/strong> for the <strong>Aspire Cleito<\/strong> have an innovative coil design that replaces the chimney and produces more vapour and better flavour.<\/p>","protected":false},"featured_media":319619,"comment_status":"open","ping_status":"closed","template":"","meta":{"_acf_changed":false,"_relevanssi_hide_post":"","_relevanssi_hide_content":"","_relevanssi_pin_for_all":"","_relevanssi_pin_keywords":"","_relevanssi_unpin_keywords":"","_relevanssi_related_keywords":"","_relevanssi_related_include_ids":"","_relevanssi_related_exclude_ids":"","_relevanssi_related_no_append":"","_relevanssi_related_not_related":"","_relevanssi_related_posts":"","_relevanssi_noindex_reason":""},"product_brand":[],"product_cat":[4818,4713,4781,4778],"product_tag":[1391,7177,5423],"class_list":{"0":"post-305019","1":"product","2":"type-product","3":"status-publish","4":"has-post-thumbnail","6":"product_cat-aspire","7":"product_cat-e-zigaretten","8":"product_cat-e-zigaretten-hersteller","9":"product_cat-verdampferkoepfe","10":"product_tag-bitte","11":"product_tag-cleito","12":"product_tag-verdampferkoepfe","13":"product_shipping_class-standard","15":"first","16":"instock","17":"taxable","18":"shipping-taxable","19":"purchasable","20":"product-type-variable"},"acf":[],"_links":{"self":[{"href":"https:\/\/my-eliquid.de\/en_gb\/wp-json\/wp\/v2\/product\/305019","targetHints":{"allow":["GET"]}}],"collection":[{"href":"https:\/\/my-eliquid.de\/en_gb\/wp-json\/wp\/v2\/product"}],"about":[{"href":"https:\/\/my-eliquid.de\/en_gb\/wp-json\/wp\/v2\/types\/product"}],"replies":[{"embeddable":true,"href":"https:\/\/my-eliquid.de\/en_gb\/wp-json\/wp\/v2\/comments?post=305019"}],"wp:featuredmedia":[{"embeddable":true,"href":"https:\/\/my-eliquid.de\/en_gb\/wp-json\/wp\/v2\/media\/319619"}],"wp:attachment":[{"href":"https:\/\/my-eliquid.de\/en_gb\/wp-json\/wp\/v2\/media?parent=305019"}],"wp:term":[{"taxonomy":"product_brand","embeddable":true,"href":"https:\/\/my-eliquid.de\/en_gb\/wp-json\/wp\/v2\/product_brand?post=305019"},{"taxonomy":"product_cat","embeddable":true,"href":"https:\/\/my-eliquid.de\/en_gb\/wp-json\/wp\/v2\/product_cat?post=305019"},{"taxonomy":"product_tag","embeddable":true,"href":"https:\/\/my-eliquid.de\/en_gb\/wp-json\/wp\/v2\/product_tag?post=305019"}],"curies":[{"name":"wp","href":"https:\/\/api.w.org\/{rel}","templated":true}]}}