{"id":305023,"date":"2023-06-20T00:00:00","date_gmt":"2023-06-19T22:00:00","guid":{"rendered":"https:\/\/my-eliquid.de\/shop\/voopoo-argus-z-pod-kit\/"},"modified":"2025-11-25T13:54:34","modified_gmt":"2025-11-25T12:54:34","slug":"voopoo-argus-z-pod-kit","status":"publish","type":"product","link":"https:\/\/my-eliquid.de\/en_gb\/shop\/voopoo-argus-z-pod-kit\/","title":{"rendered":"Voopoo | Argus Z Pod Kit |"},"content":{"rendered":"<p>Das Argus Z Pod Kit von VooPoo ist eine \u00fcberzeugende E-Zigarette. Der verbaute Akku bietet dank 900mAh Kapazit\u00e4t eine lange Laufzeit. W\u00e4hrenddessen sorgen die Argus Pod\u00a0mit ihren integrierten Verdampferk\u00f6pfen f\u00fcr leckeren Dampf.<\/p>\n<p>Je nach Variante sind die Coils mit 0,7 oder 1,2 Ohm Widerstand verbaut. Das macht das Kit nicht nur f\u00fcr neue Dampfer interessant. Auch erfahrene Backendampfer\u00a0werden den hohen Komfort zu sch\u00e4tzen wissen.<\/p>\n<h3>Bedienung der VooPoo Argus Z E-Zigarette:<\/h3>\n<p>Die Bef\u00fcllung der 2 ml Liquid fassenden Pods ist dank dem Sidefill-System mit Silikonstopfen problemlos. Da der transparente Pod zum gro\u00dfen Teil aus dem Geh\u00e4use ragt, ist der F\u00fcllstand zudem gut einsehbar.<\/p>\n<p>Bei der Bedienung kommt das Argus Z Pod Kit ohne Tasten aus. Stattdessen reguliert das Kit die Leistung selbstst\u00e4ndig. Je nach Widerstand sind bis zu 17 Watt m\u00f6glich.<\/p>\n<p>Gedampft wird \u00fcber die zuverl\u00e4ssige Zugautomatik. Ein Ziehen am Mundst\u00fcck reicht also bereits aus, um die Dampfproduktion zu starten. Drei LEDs auf der Front zeigen den Akkuladestand farblich an.<\/p>\n<p>Sollte der 900mAh starke Akku neue Energie ben\u00f6tigen, kann per USB-C-Anschluss auf der R\u00fcckseite geladen werden.<\/p>\n<h3>Alle Infos zum VooPoo Argus Z Pod Kit auf einen Blick:<\/h3>\n<ul>\n<li>kompakte E-Zigarette ohne Tasten<\/li>\n<li>900mAh Akku<\/li>\n<li>Argus Pods mit fest verbauten Verdampferk\u00f6pfen<\/li>\n<li>2 ml Liquidvolumen<\/li>\n<li>USB-C-Anschluss<\/li>\n<li>bis zu 17 Watt Leistung<\/li>\n<\/ul>","protected":false},"excerpt":{"rendered":"<p><span><strong>The Argus Z Pod System<\/strong> from the house of Voopoo is an absolutely successful symbiosis of a noble metal finish<\/span><\/p>","protected":false},"featured_media":319642,"comment_status":"open","ping_status":"closed","template":"","meta":{"_acf_changed":false,"_relevanssi_hide_post":"","_relevanssi_hide_content":"","_relevanssi_pin_for_all":"","_relevanssi_pin_keywords":"","_relevanssi_unpin_keywords":"","_relevanssi_related_keywords":"","_relevanssi_related_include_ids":"","_relevanssi_related_exclude_ids":"","_relevanssi_related_no_append":"","_relevanssi_related_not_related":"","_relevanssi_related_posts":"","_relevanssi_noindex_reason":""},"product_brand":[],"product_cat":[4773,4782,4713,4771,4772,4898],"product_tag":[5658,6742,1391,5659,5411,6358,6712,6410,6090,5859,6747,6783,6483,7205],"class_list":{"0":"post-305023","1":"product","2":"type-product","3":"status-publish","4":"has-post-thumbnail","6":"product_cat-e-zigaretten-akkutraeger","7":"product_cat-box-mod","8":"product_cat-e-zigaretten","9":"product_cat-e-zigaretten-fuer-einsteiger","10":"product_cat-e-zigaretten-sets","11":"product_cat-voopoo","12":"product_tag-akkutraeger","13":"product_tag-argus","14":"product_tag-bitte","15":"product_tag-digital","16":"product_tag-e-zigaretten","17":"product_tag-einsteiger","18":"product_tag-fuer","19":"product_tag-kit","20":"product_tag-mod","21":"product_tag-pod","22":"product_tag-sets","23":"product_tag-tube","24":"product_tag-voopoo","25":"product_tag-z","26":"product_shipping_class-standard","28":"first","29":"outofstock","30":"taxable","31":"shipping-taxable","32":"purchasable","33":"product-type-variable"},"acf":[],"_links":{"self":[{"href":"https:\/\/my-eliquid.de\/en_gb\/wp-json\/wp\/v2\/product\/305023","targetHints":{"allow":["GET"]}}],"collection":[{"href":"https:\/\/my-eliquid.de\/en_gb\/wp-json\/wp\/v2\/product"}],"about":[{"href":"https:\/\/my-eliquid.de\/en_gb\/wp-json\/wp\/v2\/types\/product"}],"replies":[{"embeddable":true,"href":"https:\/\/my-eliquid.de\/en_gb\/wp-json\/wp\/v2\/comments?post=305023"}],"wp:featuredmedia":[{"embeddable":true,"href":"https:\/\/my-eliquid.de\/en_gb\/wp-json\/wp\/v2\/media\/319642"}],"wp:attachment":[{"href":"https:\/\/my-eliquid.de\/en_gb\/wp-json\/wp\/v2\/media?parent=305023"}],"wp:term":[{"taxonomy":"product_brand","embeddable":true,"href":"https:\/\/my-eliquid.de\/en_gb\/wp-json\/wp\/v2\/product_brand?post=305023"},{"taxonomy":"product_cat","embeddable":true,"href":"https:\/\/my-eliquid.de\/en_gb\/wp-json\/wp\/v2\/product_cat?post=305023"},{"taxonomy":"product_tag","embeddable":true,"href":"https:\/\/my-eliquid.de\/en_gb\/wp-json\/wp\/v2\/product_tag?post=305023"}],"curies":[{"name":"wp","href":"https:\/\/api.w.org\/{rel}","templated":true}]}}