{"id":305029,"date":"2022-11-15T00:00:00","date_gmt":"2022-11-14T23:00:00","guid":{"rendered":"https:\/\/my-eliquid.de\/shop\/dotmod-dotsick-revo\/"},"modified":"2025-11-25T13:48:28","modified_gmt":"2025-11-25T12:48:28","slug":"dotmod-dotsick-revo","status":"publish","type":"product","link":"https:\/\/my-eliquid.de\/en_gb\/shop\/dotmod-dotsick-revo\/","title":{"rendered":"dotMod | dotStick Revo | 35W Kit"},"content":{"rendered":"<p>Dem <strong>dotStick Revo<\/strong> Kit pr\u00e4sentiert der f\u00fcr extrem gute Qualit\u00e4t bekannte Hersteller, ein sehr edles All-in-One Set im handlichen Tube Format.<\/p>\n<p><strong>Der Akkutr\u00e4ger<\/strong> ist mit einem innovativen\u00a0<span>Supercapacitor<\/span>\u00a0ausgestattet, dieser entspricht in etwa einem <strong>700 mAh<\/strong> Lithium-Ionen Akku. Dieser Supercapacitor geht auch nach 15.000 Ladezyklen nicht in die Knie. Der Akku kann jederzeit bequem \u00fcber USB-C geladen werden. Mit dem passen\u00a0<span>Ladeger\u00e4t<\/span>\u00a0l\u00e4sst sich das Ger\u00e4t in\u00a0<span>5 Minuten wieder Voll<\/span>\u00a0aufladen.<\/p>\n<p>Im inneren des Mods sind selbstverst\u00e4ndlich alle wichtigen Schutzschaltungen untergebracht, damit Du auch jederzeit ohne Probleme dein All-Day Liquid genie\u00dfen kannst. Nachdem du den dotStick mittels 5-Klick Funktion eingeschaltet hast, kannst du durch 3-Klicks zwischen drei verschiedenen Leistungsstufen w\u00e4hlen, oder im automatischen Bypass-Modus dampfen. Nach oben betr\u00e4gt das maximale Limit allerdings 35 Watt, was dennoch absolut ausreichend f\u00fcr dieses Ger\u00e4t ist.<\/p>\n<p>Der Verdampfer ist \u00fcber einen Magneten mit dem dotStick verbunden. <strong>Die 3,5 ml Tankvolumen<\/strong> werden bef\u00fcllt indem du den Tank ganz einfach an der Seite \u00f6ffnest.<\/p>\n<div><span style=\"font-family: Arial;\">Data:<\/span><\/div>\n<ul>\n<li><span><span>Revolution\u00e4res High-End Kit f\u00fcr MTL, RDL &#038; DL Dampfverhalten<\/span><\/span><\/li>\n<li><span><span>Sehr kompakt &#038; leicht<\/span><\/span><\/li>\n<li><span><span>Elegantes &#038; modernes Tube-Design<\/span><\/span><\/li>\n<li><span><span>Hochwertige Verarbeitung<\/span><\/span><\/li>\n<li><span><span>Innovativer Superkondensator (entspricht einem 700mAh Lithium Ionen\u00a0Akku)<\/span><\/span><\/li>\n<li><span><span>\u00dcber 15.000 Ladezyklen ohne nennenswerte Kapazit\u00e4tseinbu\u00dfen<\/span><\/span><\/li>\n<li><span><span>Laden per USB Typ-C mit bis zu 30 Watt in nur 5 Minuten m\u00f6glich (mit optional erh\u00e4ltlichem Ladeger\u00e4t)<\/span><\/span><\/li>\n<li><span><span>Extrem sicher und zuverl\u00e4ssig<\/span><\/span><\/li>\n<li><span><span>Ausgangsleistung: 5 bis 35 Watt<\/span><\/span><\/li>\n<li><span><span>Bedienung \u00fcber Feuertaster<\/span><\/span><\/li>\n<li><span><span>3 Leistungsstufen<\/span><\/span><\/li>\n<li><span><span>Farb-LED am Feuertaster zur Statusanzeige von Leistung \/ Betrieb \/ Kapazit\u00e4t<\/span><\/span><\/li>\n<li><span><span>Umfangreiche Schutzschaltungen f\u00fcr sicheren Betrieb<\/span><\/span><\/li>\n<li><span><span>Fein justierbare Airflow Control \u00fcber Schieberegler am Mod von MTL bis DL Dampfverhalten<\/span><\/span><\/li>\n<li><span><span>Pod aus transparentem und farbigem PCTG<\/span><\/span><\/li>\n<li><span><span>Magnetische Pod Fixierung am Stick<\/span><\/span><\/li>\n<li><span><span>Side-Filling-System<\/span><\/span><\/li>\n<li><span><span>3.5ml Tankvolumen<\/span><\/span><\/li>\n<li><span><span>Inklusive 0.7 Ohm &#038; 0.9 Ohm Coil<\/span><\/span><\/li>\n<li><span><span>Push&#038;Pull Coilwechsel<\/span><\/span><\/li>\n<\/ul>","protected":false},"excerpt":{"rendered":"<p><span>In contrast to other e-cigarettes, the <strong>dotStick Revo Kit<\/strong> a supercapacitor as an energy store.<\/span><\/p>","protected":false},"featured_media":319690,"comment_status":"open","ping_status":"closed","template":"","meta":{"_acf_changed":false,"_relevanssi_hide_post":"","_relevanssi_hide_content":"","_relevanssi_pin_for_all":"","_relevanssi_pin_keywords":"","_relevanssi_unpin_keywords":"","_relevanssi_related_keywords":"","_relevanssi_related_include_ids":"","_relevanssi_related_exclude_ids":"","_relevanssi_related_no_append":"","_relevanssi_related_not_related":"","_relevanssi_related_posts":"","_relevanssi_noindex_reason":""},"product_brand":[],"product_cat":[4773,4786,4887,4713,4771,4781,4772,4787,4722,4783],"product_tag":[6355,6353,6354,5166,6358,6359,6356,6357,6466],"class_list":{"0":"post-305029","1":"product","2":"type-product","3":"status-publish","4":"has-post-thumbnail","6":"product_cat-e-zigaretten-akkutraeger","7":"product_cat-tube-mod-digital","8":"product_cat-dotmod","9":"product_cat-e-zigaretten","10":"product_cat-e-zigaretten-fuer-einsteiger","11":"product_cat-e-zigaretten-hersteller","12":"product_cat-e-zigaretten-sets","13":"product_cat-tube-mod-mechanisch","14":"product_cat-neuheiten","15":"product_cat-tube-mod","16":"product_tag-dotaio","17":"product_tag-dotmod","18":"product_tag-dotstick","19":"product_tag-e-zigarette","20":"product_tag-einsteiger","21":"product_tag-fertigcoils","22":"product_tag-fertigverdampfer","23":"product_tag-hardware","24":"product_tag-revo","25":"product_shipping_class-standard","27":"first","28":"outofstock","29":"taxable","30":"shipping-taxable","31":"purchasable","32":"product-type-variable"},"acf":[],"_links":{"self":[{"href":"https:\/\/my-eliquid.de\/en_gb\/wp-json\/wp\/v2\/product\/305029","targetHints":{"allow":["GET"]}}],"collection":[{"href":"https:\/\/my-eliquid.de\/en_gb\/wp-json\/wp\/v2\/product"}],"about":[{"href":"https:\/\/my-eliquid.de\/en_gb\/wp-json\/wp\/v2\/types\/product"}],"replies":[{"embeddable":true,"href":"https:\/\/my-eliquid.de\/en_gb\/wp-json\/wp\/v2\/comments?post=305029"}],"wp:featuredmedia":[{"embeddable":true,"href":"https:\/\/my-eliquid.de\/en_gb\/wp-json\/wp\/v2\/media\/319690"}],"wp:attachment":[{"href":"https:\/\/my-eliquid.de\/en_gb\/wp-json\/wp\/v2\/media?parent=305029"}],"wp:term":[{"taxonomy":"product_brand","embeddable":true,"href":"https:\/\/my-eliquid.de\/en_gb\/wp-json\/wp\/v2\/product_brand?post=305029"},{"taxonomy":"product_cat","embeddable":true,"href":"https:\/\/my-eliquid.de\/en_gb\/wp-json\/wp\/v2\/product_cat?post=305029"},{"taxonomy":"product_tag","embeddable":true,"href":"https:\/\/my-eliquid.de\/en_gb\/wp-json\/wp\/v2\/product_tag?post=305029"}],"curies":[{"name":"wp","href":"https:\/\/api.w.org\/{rel}","templated":true}]}}