{"id":305031,"date":"2024-01-25T00:00:00","date_gmt":"2024-01-24T23:00:00","guid":{"rendered":"https:\/\/my-eliquid.de\/shop\/oxva-xlim-pro-pod-kit\/"},"modified":"2025-11-28T14:11:55","modified_gmt":"2025-11-28T13:11:55","slug":"oxva-xlim-pro-pod-kit","status":"publish","type":"product","link":"https:\/\/my-eliquid.de\/en_gb\/shop\/oxva-xlim-pro-pod-kit\/","title":{"rendered":"Oxva | Xlim Pro | 1000 mAh | Pod Kit"},"content":{"rendered":"<p><strong>OXVA Xlim\u00a0Pro Pod Kit<\/strong><\/p>\n<p>Das OXVA Xlim Pro Pod Kit ist ein kompaktes und leistungsstarkes Ger\u00e4t f\u00fcr Dampf-Enthusiasten, die nach einem einfach zu bedienenden, aber dennoch funktionsreichen System suchen. Mit einer Ausgangsleistung von 5-30W und einem 1000mAh-Akku ist das Xlim Pro Pod Kit ein perfektes Ger\u00e4t f\u00fcr unterwegs oder f\u00fcr den t\u00e4glichen Gebrauch.<\/p>\n<p>Das Kit ist mit einem 0,42-Zoll OLED-Display ausgestattet, das alle wichtigen Informationen wie den Batteriestand, die Leistungseinstellungen und den Widerstand des Verdampfers anzeigt.<\/p>\n<h3>Neue Xlim Pods: Top-Fill-Pods f\u00fcr noch mehr Nutzerfreundlichkeit<\/h3>\n<p>Das Xlim Pro Pod Kit wird mit zwei Pods geliefert, die jeweils einen fest eingebauten Verdampferkopf haben. Ein Pod hat einen Widerstand von 0,6 Ohm und ist bereits vorinstalliert, w\u00e4hrend der andere Pod einen Widerstand von 0,8 Ohm hat. Beide Pods haben eine neue Top-Fill-Funktion, die das Nachf\u00fcllen von Liquid schnell und einfach macht.<\/p>\n<h3>Xlim Pro Pod Kit mit Aiflowontrol<\/h3>\n<p>Das Xlim Pro Pod Kit verf\u00fcgt \u00fcber eine seitliche Airflow Control, die es dem Benutzer erm\u00f6glicht, den Luftstrom genau auf seine Bed\u00fcrfnisse abzustimmen. Die Airflow-Control ist einfach zu bedienen und erm\u00f6glicht eine pr\u00e4zise Regulierung des Luftstroms f\u00fcr einen optimalen Geschmack.<\/p>\n<p>Das Geh\u00e4use des Xlim Pro Pod Kits besteht aus einer Kombination aus Zinklegierung, IML und PCTG, was ihm eine robuste und dennoch stilvolle Optik verleiht. Das Ger\u00e4t ist schlank und handlich und dank des im Lieferumfang enthaltenen Lanyards kann es bequem um den Hals getragen werden.\u00a0Die Gr\u00f6\u00dfe des Xlim Pro Pod Kit\u00a0betr\u00e4gt 111,0 x 25,0 x 14,3 mm\u00a0bei einem Gewicht von nur 66 g, was es\u00a0jederzeit zu einem passenden Begleiter macht.\u00a0<\/p>\n<h3>1000mAh Akku und Schnellladefunktion<\/h3>\n<p>Das Xlim Pro Pod Kit wird mit einem Type-C-Kabel zum Aufladen des 1000mAh-Akkus geliefert. Mit einer Ladeleistung von 5V\/2A ist das Ger\u00e4t innerhalb k\u00fcrzester Zeit vollst\u00e4ndig aufgeladen. Ein Ladeger\u00e4t ist wie \u00fcblich nicht im Lieferumfang enthalten.\u00a0<\/p>\n<p>Der Lieferumfang des Xlim Pro Pod Kits umfasst das Ger\u00e4t selbst, zwei Pods, ein Type-C-Kabel, ein Lanyard und eine Bedienungsanleitung. Insgesamt ist das Xlim Pro Pod Kit eine gro\u00dfartige Wahl f\u00fcr alle, die ein kompaktes und dennoch leistungsstarkes Ger\u00e4t suchen, das einfach zu bedienen und dennoch funktionsreich ist.<\/p>\n<h3>Die Highlights der OXVA Xlim\u00a0Pro Pod E-Zigarette:<\/h3>\n<ul>\n<li>1000mAh Akku<\/li>\n<li>Coil im Pod integriert<\/li>\n<li>Feuertaster und Zugautomatik<\/li>\n<li>drei Leistungsstufen w\u00e4hlbar<\/li>\n<li>USB-C-Anschluss<\/li>\n<li>2 ml F\u00fcllvolumen und Side-Fill<\/li>\n<\/ul>","protected":false},"excerpt":{"rendered":"<p>OXVA Xlim Pro Pod Kit<\/p>","protected":false},"featured_media":319693,"comment_status":"open","ping_status":"closed","template":"","meta":{"_acf_changed":false,"_relevanssi_hide_post":"","_relevanssi_hide_content":"","_relevanssi_pin_for_all":"","_relevanssi_pin_keywords":"","_relevanssi_unpin_keywords":"","_relevanssi_related_keywords":"","_relevanssi_related_include_ids":"","_relevanssi_related_exclude_ids":"","_relevanssi_related_no_append":"","_relevanssi_related_not_related":"","_relevanssi_related_posts":"","_relevanssi_noindex_reason":""},"product_brand":[],"product_cat":[4713,4771,4781,4772,4886,4893,4722,4899,4793],"product_tag":[7476,1391,5411,6358,6712,6410,6999,6778,5859,6702,6747,6779],"class_list":{"0":"post-305031","1":"product","2":"type-product","3":"status-publish","4":"has-post-thumbnail","6":"product_cat-e-zigaretten","7":"product_cat-e-zigaretten-fuer-einsteiger","8":"product_cat-e-zigaretten-hersteller","9":"product_cat-e-zigaretten-sets","10":"product_cat-lagerverkauf-hardware-sale","11":"product_cat-limetless-hardware","12":"product_cat-neuheiten","13":"product_cat-oxva","14":"product_cat-e-zigaretten-liquid-basen-aroma-vape-sale","15":"product_tag-7476","16":"product_tag-bitte","17":"product_tag-e-zigaretten","18":"product_tag-einsteiger","19":"product_tag-fuer","20":"product_tag-kit","21":"product_tag-mah","22":"product_tag-oxva","23":"product_tag-pod","24":"product_tag-pro","25":"product_tag-sets","26":"product_tag-xlim","27":"product_shipping_class-standard","29":"first","30":"instock","31":"taxable","32":"shipping-taxable","33":"purchasable","34":"product-type-variable"},"acf":[],"_links":{"self":[{"href":"https:\/\/my-eliquid.de\/en_gb\/wp-json\/wp\/v2\/product\/305031","targetHints":{"allow":["GET"]}}],"collection":[{"href":"https:\/\/my-eliquid.de\/en_gb\/wp-json\/wp\/v2\/product"}],"about":[{"href":"https:\/\/my-eliquid.de\/en_gb\/wp-json\/wp\/v2\/types\/product"}],"replies":[{"embeddable":true,"href":"https:\/\/my-eliquid.de\/en_gb\/wp-json\/wp\/v2\/comments?post=305031"}],"wp:featuredmedia":[{"embeddable":true,"href":"https:\/\/my-eliquid.de\/en_gb\/wp-json\/wp\/v2\/media\/319693"}],"wp:attachment":[{"href":"https:\/\/my-eliquid.de\/en_gb\/wp-json\/wp\/v2\/media?parent=305031"}],"wp:term":[{"taxonomy":"product_brand","embeddable":true,"href":"https:\/\/my-eliquid.de\/en_gb\/wp-json\/wp\/v2\/product_brand?post=305031"},{"taxonomy":"product_cat","embeddable":true,"href":"https:\/\/my-eliquid.de\/en_gb\/wp-json\/wp\/v2\/product_cat?post=305031"},{"taxonomy":"product_tag","embeddable":true,"href":"https:\/\/my-eliquid.de\/en_gb\/wp-json\/wp\/v2\/product_tag?post=305031"}],"curies":[{"name":"wp","href":"https:\/\/api.w.org\/{rel}","templated":true}]}}