{"id":305032,"date":"2024-09-12T00:00:00","date_gmt":"2024-09-11T22:00:00","guid":{"rendered":"https:\/\/my-eliquid.de\/shop\/elfbar-elfa-leer-pods-mit-coil\/"},"modified":"2026-03-26T15:32:56","modified_gmt":"2026-03-26T14:32:56","slug":"elfbar-elfa-leer-pods-mit-coil","status":"publish","type":"product","link":"https:\/\/my-eliquid.de\/en_gb\/shop\/elfbar-elfa-leer-pods-mit-coil\/","title":{"rendered":"ELFBAR | ELFA | TAPPO | empty pod with coil 2ml"},"content":{"rendered":"<p>Die Elfa Empty Pod wurde speziell f\u00fcr die Verwendung mit dem Elfbar Elfa entwickelt, kann aber auch mit dem Tappo von Lost Mary kombiniert werden. Das Reservoir hat ein Fassungsverm\u00f6gen von 2ml und wird \u00fcber ein seitliches F\u00fcllsystem mit Liquid bef\u00fcllt. In der leeren Elfa-Kapsel ist eine integrierte Mesh-Spule mit einem Widerstand von 1,1 Ohm eingebaut. Bitte beachten Sie, dass auch die in der Kapsel eingebaute Spule bei regelm\u00e4\u00dfigem Gebrauch verschlei\u00dfen kann. Um eine gleichbleibende Dampfqualit\u00e4t zu gew\u00e4hrleisten, empfehlen wir, die Kapsel regelm\u00e4\u00dfig auszutauschen.<\/p>\n<p>Zum Lieferumfang geh\u00f6ren:<\/p>\n<p>2x ELFBAR Elfa Leerkapsel<br \/>\n1x Beipackzettel<\/p>\n<p>ELFBAR Elfa Leerepod<\/p>\n<ul>\n<li>Tankinhalt: 2 ml<\/li>\n<li>Widerstand der integrierten Netzspule: 1,1 Ohm<\/li>\n<li>Bef\u00fcllung von der Seite<\/li>\n<li>Kompatibel mit Elfbar Elfa Batterie und Lost Mary Tappo Batterie<\/li>\n<\/ul>","protected":false},"excerpt":{"rendered":"<p><span>Elfbar - Elfa - Empty pod (2 pieces per pack)<\/span><\/p>","protected":false},"featured_media":319694,"comment_status":"open","ping_status":"closed","template":"","meta":{"_acf_changed":false,"_relevanssi_hide_post":"","_relevanssi_hide_content":"","_relevanssi_pin_for_all":"","_relevanssi_pin_keywords":"","_relevanssi_unpin_keywords":"","_relevanssi_related_keywords":"","_relevanssi_related_include_ids":"","_relevanssi_related_exclude_ids":"","_relevanssi_related_no_append":"","_relevanssi_related_not_related":"","_relevanssi_related_posts":"","_relevanssi_noindex_reason":""},"product_brand":[],"product_cat":[4713,4906,4851,4722],"product_tag":[6811,1391,6360,6813,6591,7485,7215,7217],"class_list":{"0":"post-305032","1":"product","2":"type-product","3":"status-publish","4":"has-post-thumbnail","6":"product_cat-e-zigaretten","7":"product_cat-elfbar","8":"product_cat-fremdprodukte","9":"product_cat-neuheiten","10":"product_tag-2ml","11":"product_tag-bitte","12":"product_tag-coil","13":"product_tag-elfa","14":"product_tag-elfbar","15":"product_tag-leerpod","16":"product_tag-mit","17":"product_tag-tappo","18":"product_shipping_class-standard","20":"first","21":"instock","22":"taxable","23":"shipping-taxable","24":"purchasable","25":"product-type-variable"},"acf":[],"_links":{"self":[{"href":"https:\/\/my-eliquid.de\/en_gb\/wp-json\/wp\/v2\/product\/305032","targetHints":{"allow":["GET"]}}],"collection":[{"href":"https:\/\/my-eliquid.de\/en_gb\/wp-json\/wp\/v2\/product"}],"about":[{"href":"https:\/\/my-eliquid.de\/en_gb\/wp-json\/wp\/v2\/types\/product"}],"replies":[{"embeddable":true,"href":"https:\/\/my-eliquid.de\/en_gb\/wp-json\/wp\/v2\/comments?post=305032"}],"wp:featuredmedia":[{"embeddable":true,"href":"https:\/\/my-eliquid.de\/en_gb\/wp-json\/wp\/v2\/media\/319694"}],"wp:attachment":[{"href":"https:\/\/my-eliquid.de\/en_gb\/wp-json\/wp\/v2\/media?parent=305032"}],"wp:term":[{"taxonomy":"product_brand","embeddable":true,"href":"https:\/\/my-eliquid.de\/en_gb\/wp-json\/wp\/v2\/product_brand?post=305032"},{"taxonomy":"product_cat","embeddable":true,"href":"https:\/\/my-eliquid.de\/en_gb\/wp-json\/wp\/v2\/product_cat?post=305032"},{"taxonomy":"product_tag","embeddable":true,"href":"https:\/\/my-eliquid.de\/en_gb\/wp-json\/wp\/v2\/product_tag?post=305032"}],"curies":[{"name":"wp","href":"https:\/\/api.w.org\/{rel}","templated":true}]}}