{"id":305036,"date":"2024-01-25T00:00:00","date_gmt":"2024-01-24T23:00:00","guid":{"rendered":"https:\/\/my-eliquid.de\/shop\/oxva-xlim-pro-v2-pod-coils\/"},"modified":"2025-11-25T13:52:02","modified_gmt":"2025-11-25T12:52:02","slug":"oxva-xlim-pro-v2-pod-coils","status":"publish","type":"product","link":"https:\/\/my-eliquid.de\/en_gb\/shop\/oxva-xlim-pro-v2-pod-coils\/","title":{"rendered":"Oxva | Xlim Pro Pod | V2 Pod | 0.4 Ohm - 1.2 Ohm"},"content":{"rendered":"<h2>OXVA Xlim V2 Pods mit Verdampferkopf<\/h2>\n<p>Die OXVA Xlim V2 Pods sind u.a. kompatibel mit folgenden E-Zigaretten Pod Systemen<\/p>\n<ul>\n<li><span style=\"text-decoration: underline; color: #000000;\">Xlim Pod Kit<\/span><\/li>\n<li><span style=\"text-decoration: underline; color: #000000;\"><a href=\"https:\/\/dampfdorado.de\/oxva-xlim-se-pod-kit\" target=\"_blank\" rel=\"noopener\"><span style=\"color: #000000; text-decoration: underline;\">Xlim SE Pod Kit<\/span><\/a><\/span><\/li>\n<li><span style=\"text-decoration: underline; color: #000000;\"><a href=\"https:\/\/dampfdorado.de\/oxva-xlim-sq-pod-kit\" target=\"_blank\" rel=\"noopener\"><span style=\"color: #000000; text-decoration: underline;\">Xlim SQ Pod Kit<\/span><\/a><\/span><\/li>\n<li><span style=\"text-decoration: underline; color: #000000;\"><a href=\"https:\/\/dampfdorado.de\/oxva-xlim-sq-pro-pod-kit\" target=\"_blank\" rel=\"noopener\"><span style=\"color: #000000; text-decoration: underline;\">Xlim SQ Pro Pod Kit<\/span><\/a><\/span><\/li>\n<li><span style=\"text-decoration: underline; color: #000000;\"><a href=\"https:\/\/dampfdorado.de\/oxva-xlim-se-classic-edition-pod-kit\" target=\"_blank\" rel=\"noopener\"><span style=\"color: #000000; text-decoration: underline;\">Xlim SE Classic Edition Pod Kit<\/span><\/a><\/span><\/li>\n<li><span style=\"text-decoration: underline; color: #000000;\"><a href=\"https:\/\/dampfdorado.de\/oxva-xlim-pro-pod-kit\" target=\"_blank\" rel=\"noopener\"><span style=\"color: #000000; text-decoration: underline;\">Xlim Pro Pod Kit<\/span><\/a><\/span><\/li>\n<\/ul>\n<p>Die Pods haben ein Fassungsverm\u00f6gen von 2 ml Liquid.\u00a0Bef\u00fcllt werden die Pods \u00fcber eine seitliche Einf\u00fcll\u00f6ffnung.<\/p>\n<div class=\"alert is--success is--rounded\">\n<div class=\"alert--content\">\n<p>Tipp: Achten Sie beim Bef\u00fcllen mit einer langen Tropfspitze darauf, dass sie mit dieser nicht den Verdampferkopf ber\u00fchren, um kein Liquid in den Kamin oder das Mundst\u00fcck zu f\u00fcllen.<\/p>\n<\/div>\n<\/div>\n<p>Die Pods sind mit fest verbauten Verdampferk\u00f6pfen mit wahlweise\u00a0<strong>0,6 Ohm,<\/strong>\u00a0<strong>0,8 Ohm oder 1,2 Ohm<\/strong>\u00a0Widerstand ausgestattet.\u00a0Die Pods mit 0,6 Ohm und 0,8 Ohm eignen sich\u00a0hervorragend f\u00fcr restriktive Lungenz\u00fcge.\u00a0Die Pods mit 1,2 Ohm sind auf das klassische Backendampfen (MTL) ausgelegt.<\/p>\n<p>Bei den Verdampferk\u00f6pfen kommt ein Drahtgeflecht zum Einsatz. Dadurch ist das Ansprechverhalten sehr gut und der Geschmack des verwendeten Liquids wird gut wiedergegeben.<\/p>\n<div class=\"alert is--error is--rounded\">\n<div class=\"alert--content\">\n<p><em><strong>Nicht passend<\/strong>\u00a0f\u00fcr das Oxva Xlim C Pod Kit.<\/em><\/p>\n<h2>OXVA Xlim Top Fill Pods mit Coil<\/h2>\n<p>The\u00a0<span>OXVA Xlim Top Fill Pods<\/span>\u00a0Pods haben ein Fassungsverm\u00f6gen von 2 ml Liquid, der Verdampferkopf ist bereits im Pod integriert.\u00a0<\/p>\n<p>Bef\u00fcllt werden die Pods \u00fcber eine<strong>\u00a0seitliche, nach oben gef\u00fchrte Einf\u00fcll\u00f6ffnung<\/strong>. Die Bef\u00fcll\u00f6ffnung ist mit einer Gummidichtung versehen.\u00a0<\/p>\n<h3>Neue OXVA Xlim Pods f\u00fcr folgende Pod Systeme:<\/h3>\n<ul>\n<li><span style=\"text-decoration: underline;\"><span style=\"color: #000000; text-decoration: underline;\"><a href=\"https:\/\/dampfdorado.de\/oxva-xlim-pro-pod-kit\" target=\"_blank\" rel=\"noopener\"><span style=\"color: #000000; text-decoration: underline;\">OXVA Xlim Pro Pod Kit<\/span><\/a><\/span><\/span><\/li>\n<li><span style=\"text-decoration: underline;\"><span style=\"color: #000000; text-decoration: underline;\"><a href=\"https:\/\/dampfdorado.de\/oxva-xlim-sq-pod-kit\" target=\"_blank\" rel=\"noopener\"><span style=\"color: #000000; text-decoration: underline;\">OXVA Xlim SQ Pod Kit<\/span><\/a><\/span><\/span><\/li>\n<li><span style=\"text-decoration: underline;\"><span style=\"color: #000000; text-decoration: underline;\"><a href=\"https:\/\/dampfdorado.de\/oxva-xlim-sq-pro-pod-kit\" target=\"_blank\" rel=\"noopener\"><span style=\"color: #000000; text-decoration: underline;\">OXVA Xlim SQ Pro Pro Kit<\/span><\/a><\/span><\/span><\/li>\n<li><span style=\"text-decoration: underline;\"><span style=\"color: #000000; text-decoration: underline;\"><a href=\"https:\/\/dampfdorado.de\/oxva-xlim-se-classic-edition-pod-kit\" target=\"_blank\" rel=\"noopener\"><span style=\"color: #000000; text-decoration: underline;\">OXVA Xlim SE Classic Edition Pod Kit<\/span><\/a><\/span><\/span><\/li>\n<li><span style=\"text-decoration: underline;\"><span style=\"color: #000000; text-decoration: underline;\"><a href=\"https:\/\/dampfdorado.de\/oxva-xlim-se-pod-kit\" target=\"_blank\" rel=\"noopener\"><span style=\"color: #000000; text-decoration: underline;\">OXVA Xlim SE Pod Kit<\/span><\/a><\/span><\/span><\/li>\n<li><span style=\"text-decoration: underline;\"><span style=\"color: #000000; text-decoration: underline;\">Oxva Xlim Pod Kit<\/span><\/span><\/li>\n<\/ul>\n<div class=\"alert is--error is--rounded\">\n<div class=\"alert--content\">\n<p><em><strong>Nicht passend f\u00fcr das Oxva Xlim C Pod Kit!\u00a0<\/strong><\/em><\/p>\n<\/div>\n<\/div>\n<p>Die Pods sind mit fest verbauten Verdampferk\u00f6pfen mit wahlweise\u00a0<strong>0,6 Ohm,<\/strong>\u00a0<strong>0,8 Ohm oder 1,2 Ohm<\/strong>\u00a0Widerstand ausgestattet.\u00a0Die Pods mit 0,6 Ohm und 0,8 Ohm eignen sich\u00a0hervorragend f\u00fcr restriktive Lungenz\u00fcge.\u00a0Die Pods mit 1,2 Ohm sind auf das klassische Backendampfen (MTL) ausgelegt.<\/p>\n<p>Bei den Verdampferk\u00f6pfen kommt ein Drahtgeflecht zum Einsatz. Dadurch ist das Ansprechverhalten sehr gut und der Geschmack des verwendeten Liquids wird gut wiedergegeben.<\/p>\n<\/div>\n<\/div>","protected":false},"excerpt":{"rendered":"<p>The OXVA Xlim Pro\/V2 Pod<\/p>","protected":false},"featured_media":319308,"comment_status":"open","ping_status":"closed","template":"","meta":{"_acf_changed":false,"_relevanssi_hide_post":"","_relevanssi_hide_content":"","_relevanssi_pin_for_all":"","_relevanssi_pin_keywords":"","_relevanssi_unpin_keywords":"","_relevanssi_related_keywords":"","_relevanssi_related_include_ids":"","_relevanssi_related_exclude_ids":"","_relevanssi_related_no_append":"","_relevanssi_related_not_related":"","_relevanssi_related_posts":"","_relevanssi_noindex_reason":""},"product_brand":[],"product_cat":[4713,4781,4722,4899,4778],"product_tag":[1391,6778,5859,6961,6779],"class_list":{"0":"post-305036","1":"product","2":"type-product","3":"status-publish","4":"has-post-thumbnail","6":"product_cat-e-zigaretten","7":"product_cat-e-zigaretten-hersteller","8":"product_cat-neuheiten","9":"product_cat-oxva","10":"product_cat-verdampferkoepfe","11":"product_tag-bitte","12":"product_tag-oxva","13":"product_tag-pod","14":"product_tag-pro-v2","15":"product_tag-xlim","16":"product_shipping_class-standard","18":"first","19":"outofstock","20":"taxable","21":"shipping-taxable","22":"purchasable","23":"product-type-variable"},"acf":[],"_links":{"self":[{"href":"https:\/\/my-eliquid.de\/en_gb\/wp-json\/wp\/v2\/product\/305036","targetHints":{"allow":["GET"]}}],"collection":[{"href":"https:\/\/my-eliquid.de\/en_gb\/wp-json\/wp\/v2\/product"}],"about":[{"href":"https:\/\/my-eliquid.de\/en_gb\/wp-json\/wp\/v2\/types\/product"}],"replies":[{"embeddable":true,"href":"https:\/\/my-eliquid.de\/en_gb\/wp-json\/wp\/v2\/comments?post=305036"}],"wp:featuredmedia":[{"embeddable":true,"href":"https:\/\/my-eliquid.de\/en_gb\/wp-json\/wp\/v2\/media\/319308"}],"wp:attachment":[{"href":"https:\/\/my-eliquid.de\/en_gb\/wp-json\/wp\/v2\/media?parent=305036"}],"wp:term":[{"taxonomy":"product_brand","embeddable":true,"href":"https:\/\/my-eliquid.de\/en_gb\/wp-json\/wp\/v2\/product_brand?post=305036"},{"taxonomy":"product_cat","embeddable":true,"href":"https:\/\/my-eliquid.de\/en_gb\/wp-json\/wp\/v2\/product_cat?post=305036"},{"taxonomy":"product_tag","embeddable":true,"href":"https:\/\/my-eliquid.de\/en_gb\/wp-json\/wp\/v2\/product_tag?post=305036"}],"curies":[{"name":"wp","href":"https:\/\/api.w.org\/{rel}","templated":true}]}}