{"id":305041,"date":"2024-01-04T00:00:00","date_gmt":"2024-01-03T23:00:00","guid":{"rendered":"https:\/\/my-eliquid.de\/shop\/dotmod-dotstick-revo1-5-ersatztank\/"},"modified":"2025-11-25T13:48:28","modified_gmt":"2025-11-25T12:48:28","slug":"dotmod-dotstick-revo1-5-ersatztank","status":"publish","type":"product","link":"https:\/\/my-eliquid.de\/en_gb\/shop\/dotmod-dotstick-revo1-5-ersatztank\/","title":{"rendered":"DotMod | Dotstic Revo 1.5 | Replacement tank"},"content":{"rendered":"<h2>DotMod dotStick Revo V1.5 replacement tank<\/h2>\n<p>Der DotMod dotStick Revo V1.5 Tank wurde aus PCTG gefertigt und zeugt somit von guter Best\u00e4ndigkeit gegen St\u00fcrze und anderen Einfl\u00fcssen. Bef\u00fcllt wird er durch einfaches Abziehen \u00fcber ein Ventil an der Seite.<\/p>\n<p>Kompatibel zu den dotCoils (dotAio V2 und dotTank 25) ab einem Widerstand von 0.3 Ohm<\/p>\n<p><span>Technische Daten<\/span><\/p>\n<ul>\n<li>F\u00fcllvolumen: 2,7ml<\/li>\n<li>Material: Edelstahl, PCTG<\/li>\n<\/ul>","protected":false},"excerpt":{"rendered":"<p>DotMod dotStick Revo V1.5 replacement tank<\/p>","protected":false},"featured_media":319171,"comment_status":"open","ping_status":"closed","template":"","meta":{"_acf_changed":false,"_relevanssi_hide_post":"","_relevanssi_hide_content":"","_relevanssi_pin_for_all":"","_relevanssi_pin_keywords":"","_relevanssi_unpin_keywords":"","_relevanssi_related_keywords":"","_relevanssi_related_include_ids":"","_relevanssi_related_exclude_ids":"","_relevanssi_related_no_append":"","_relevanssi_related_not_related":"","_relevanssi_related_posts":"","_relevanssi_noindex_reason":""},"product_brand":[],"product_cat":[4788,4887,4713,4771,4781,4722,4774],"product_tag":[6800,5646,6353,6799,5411,6358,6796,6712,6071,4974,5310,6466,4920],"class_list":{"0":"post-305041","1":"product","2":"type-product","3":"status-publish","4":"has-post-thumbnail","6":"product_cat-clearomizer","7":"product_cat-dotmod","8":"product_cat-e-zigaretten","9":"product_cat-e-zigaretten-fuer-einsteiger","10":"product_cat-e-zigaretten-hersteller","11":"product_cat-neuheiten","12":"product_cat-verdampfer","13":"product_tag-1-5","14":"product_tag-clearomizer","15":"product_tag-dotmod","16":"product_tag-dotstic","17":"product_tag-e-zigaretten","18":"product_tag-einsteiger","19":"product_tag-ersatztank","20":"product_tag-fuer","21":"product_tag-geekvape","22":"product_tag-hersteller","23":"product_tag-neuheiten","24":"product_tag-revo","25":"product_tag-verdampfer","26":"product_shipping_class-standard","28":"first","29":"instock","30":"taxable","31":"shipping-taxable","32":"purchasable","33":"product-type-variable"},"acf":[],"_links":{"self":[{"href":"https:\/\/my-eliquid.de\/en_gb\/wp-json\/wp\/v2\/product\/305041","targetHints":{"allow":["GET"]}}],"collection":[{"href":"https:\/\/my-eliquid.de\/en_gb\/wp-json\/wp\/v2\/product"}],"about":[{"href":"https:\/\/my-eliquid.de\/en_gb\/wp-json\/wp\/v2\/types\/product"}],"replies":[{"embeddable":true,"href":"https:\/\/my-eliquid.de\/en_gb\/wp-json\/wp\/v2\/comments?post=305041"}],"wp:featuredmedia":[{"embeddable":true,"href":"https:\/\/my-eliquid.de\/en_gb\/wp-json\/wp\/v2\/media\/319171"}],"wp:attachment":[{"href":"https:\/\/my-eliquid.de\/en_gb\/wp-json\/wp\/v2\/media?parent=305041"}],"wp:term":[{"taxonomy":"product_brand","embeddable":true,"href":"https:\/\/my-eliquid.de\/en_gb\/wp-json\/wp\/v2\/product_brand?post=305041"},{"taxonomy":"product_cat","embeddable":true,"href":"https:\/\/my-eliquid.de\/en_gb\/wp-json\/wp\/v2\/product_cat?post=305041"},{"taxonomy":"product_tag","embeddable":true,"href":"https:\/\/my-eliquid.de\/en_gb\/wp-json\/wp\/v2\/product_tag?post=305041"}],"curies":[{"name":"wp","href":"https:\/\/api.w.org\/{rel}","templated":true}]}}