{"id":305043,"date":"2018-03-14T00:00:00","date_gmt":"2018-03-13T23:00:00","guid":{"rendered":"https:\/\/my-eliquid.de\/shop\/la-carte-jwell-e-zigarette-einsteiger\/"},"modified":"2025-11-25T13:50:51","modified_gmt":"2025-11-25T12:50:51","slug":"la-carte-jwell-e-zigarette-einsteiger","status":"publish","type":"product","link":"https:\/\/my-eliquid.de\/en_gb\/shop\/la-carte-jwell-e-zigarette-einsteiger\/","title":{"rendered":"La Carte | J Well"},"content":{"rendered":"<p><span>This French MTL e-cigarette from <strong>JWell<\/strong> ist ein neuartiges All-In-One-System, welches auf Grund der sehr kleinen und h\u00f6chst eleganten Bauweise, in jeder noch so kleinen Hosentasche Platz findet. Sie m\u00fcssen bei der <strong>La Carte<\/strong> weder irgendwelche Einstellungen vornehmen, noch einen Taster dr\u00fccken, um dampfen zu k\u00f6nnen. Dank der ausgereiften, <strong>automatischen Zugfunktion<\/strong>, wird der Verdampfvorgang schlicht durch das einfache Ziehen am Mundst\u00fcck ausgel\u00f6st.<\/span><br \/>Diskreten Dampfentwicklung und f\u00fcr einen erstaunlich guten und vollmundigen Liquid Geschmack.<br \/><span><\/span><\/p>\n<p><span>Der Tank der La Carte E-Zigarette verf\u00fcgt \u00fcber 2ml F\u00fcllvolumen, die Ihnen wegen des sparsamen Liquidverbrauchs, bei normaler Nutzung gut \u00fcber den Tag reichen sollten. Durch den etwas leichteren Zugwiderstand, empfehlen wir einen h\u00f6heren Nikotingehalt zu w\u00e4hlen, um einen zigarettengleichen Flash zu erzielen.Nat\u00fcrlich kann der Tank jeder Zeit mit ihrem Lieblings-Liquid nachgef\u00fcllt werden.\u00a0<\/span>Diese sogenannten Pods haben einen Magnethalterung und k\u00f6nnen sehr leicht ausgetauscht werden. Der Zugwiderstand der La Carte ist f\u00fcr das &#8220;auf Backe dampfen&#8221; ausgelegt und bei einer Leistung von ca. 8 Watt angehmen leicht zu inhalieren. Wir empfehlen Ihnen Liquids f\u00fcr dieses System mit \u00a0PG 55%, VG 35%, Wasser 10% aber auch\u00a0Liquids mit PG 50% und VG 50% sind ohne Nachflussproblme dampfbar.\u00a0<\/p>\n<p><span>Der kleine Akku dieser handschmeichelnden E-Zigarette verf\u00fcgt zwar \u201enur\u201c \u00fcber 400mAh Kapazit\u00e4t, kann aber mit dem im Set enthaltenen USB-C Ladekabel binnen 30 Minuten, via Steckdose, am Computer, im Auto oder auch \u00fcber eine Powerbank wieder vollst\u00e4ndig aufgeladen werden. Hierf\u00fcr nutzen Sie einfach den integrierten USB Port. Bei einem durchschnittlichen Dampfverhalten reicht der vollgeladene Akku ca. 400 &#8211; 450 Z\u00fcge.\u00a0<\/span><\/p>\n<p><span>The <strong>La Carte<\/strong> <strong>MTL E-Zigarette<\/strong> from <strong>JWell<\/strong> bieten wir in den Farben schwarz, silber und gold an und wird mit einem schicken Lederetui geliefert. Damit k\u00f6nnen Sie das Ger\u00e4t vor Kratzern und leichten St\u00fcrzen elegant sch\u00fctzen.<\/span><\/p>","protected":false},"excerpt":{"rendered":"<p>This French MTL e-cigarette from\u00a0<strong>JWell<\/strong>\u00a0is an all-in-one system which, thanks to its very small and extremely elegant design, fits in even the smallest trouser pocket.<\/p>","protected":false},"featured_media":319243,"comment_status":"open","ping_status":"closed","template":"","meta":{"_acf_changed":false,"_relevanssi_hide_post":"","_relevanssi_hide_content":"","_relevanssi_pin_for_all":"","_relevanssi_pin_keywords":"","_relevanssi_unpin_keywords":"","_relevanssi_related_keywords":"","_relevanssi_related_include_ids":"","_relevanssi_related_exclude_ids":"","_relevanssi_related_no_append":"","_relevanssi_related_not_related":"","_relevanssi_related_posts":"","_relevanssi_noindex_reason":""},"product_brand":[],"product_cat":[4713,4771,4781,4886,4793],"product_tag":[6871,5411,6358,6712,6870],"class_list":{"0":"post-305043","1":"product","2":"type-product","3":"status-publish","4":"has-post-thumbnail","6":"product_cat-e-zigaretten","7":"product_cat-e-zigaretten-fuer-einsteiger","8":"product_cat-e-zigaretten-hersteller","9":"product_cat-lagerverkauf-hardware-sale","10":"product_cat-e-zigaretten-liquid-basen-aroma-vape-sale","11":"product_tag-carte","12":"product_tag-e-zigaretten","13":"product_tag-einsteiger","14":"product_tag-fuer","15":"product_tag-le","16":"product_shipping_class-standard","18":"first","19":"instock","20":"sale","21":"taxable","22":"shipping-taxable","23":"purchasable","24":"product-type-variable"},"acf":[],"_links":{"self":[{"href":"https:\/\/my-eliquid.de\/en_gb\/wp-json\/wp\/v2\/product\/305043","targetHints":{"allow":["GET"]}}],"collection":[{"href":"https:\/\/my-eliquid.de\/en_gb\/wp-json\/wp\/v2\/product"}],"about":[{"href":"https:\/\/my-eliquid.de\/en_gb\/wp-json\/wp\/v2\/types\/product"}],"replies":[{"embeddable":true,"href":"https:\/\/my-eliquid.de\/en_gb\/wp-json\/wp\/v2\/comments?post=305043"}],"wp:featuredmedia":[{"embeddable":true,"href":"https:\/\/my-eliquid.de\/en_gb\/wp-json\/wp\/v2\/media\/319243"}],"wp:attachment":[{"href":"https:\/\/my-eliquid.de\/en_gb\/wp-json\/wp\/v2\/media?parent=305043"}],"wp:term":[{"taxonomy":"product_brand","embeddable":true,"href":"https:\/\/my-eliquid.de\/en_gb\/wp-json\/wp\/v2\/product_brand?post=305043"},{"taxonomy":"product_cat","embeddable":true,"href":"https:\/\/my-eliquid.de\/en_gb\/wp-json\/wp\/v2\/product_cat?post=305043"},{"taxonomy":"product_tag","embeddable":true,"href":"https:\/\/my-eliquid.de\/en_gb\/wp-json\/wp\/v2\/product_tag?post=305043"}],"curies":[{"name":"wp","href":"https:\/\/api.w.org\/{rel}","templated":true}]}}