{"id":305047,"date":"2017-06-27T00:00:00","date_gmt":"2017-06-26T22:00:00","guid":{"rendered":"https:\/\/my-eliquid.de\/shop\/pockex-verdampferkopfe-aspire-e-zigarette\/"},"modified":"2025-11-25T13:44:59","modified_gmt":"2025-11-25T12:44:59","slug":"pockex-verdampferkopfe-aspire-e-zigarette","status":"publish","type":"product","link":"https:\/\/my-eliquid.de\/en_gb\/shop\/pockex-verdampferkopfe-aspire-e-zigarette\/","title":{"rendered":"Aspire PockeX vaporiser heads | 0.6 Ohm | 1.2 Ohm"},"content":{"rendered":"<p>Dank der U-Coil Technologie dieses Verdampferkopfes f\u00fcr die <strong>Aspire PockeX<\/strong> str\u00f6mt die Luft durch eine U-f\u00f6rmige Kammer und gelangt so vor dem Inhalieren gleich zweimal an den Verdampferk\u00f6pfen vorbei. Dieses einzigartige Str\u00f6mungsprinzip sorgt f\u00fcr unverf\u00e4lschten Geschmack und eine sehr gute Dampfentwicklung.<\/p>\n<p>Eine traditionelle Kanthal-Wicklung mit einem <strong>Widerstand von 0,6 Ohm<\/strong> befindet sich im Inneren. Bitte lassen Sie den Verdampfer nach jeder Liquidbef\u00fcllung ein paar Minuten aufrecht ruhig stehen, damit sich die Watte mit dem Liquid vollsaugen kann.<\/p>\n<p>Bitte beachten Sie, dass es drei Verdampferk\u00f6pfe mit U-Coil Technologie gibt: 1,5 Ohm, 1,8 Ohm und 0,6 Ohm. F\u00fcr die <strong>AIO PockeX<\/strong> k\u00f6nnen nur die Coils mit 0,6 Ohm verwendet werden!<\/p>","protected":false},"excerpt":{"rendered":"<p>The innovative U-Tech coil <strong>Vaporiser head for the Aspire PockeX with 0.6 Ohm<\/strong> provides excellent vapour and flavour thanks to its U-shaped vaporiser chamber.<\/p>","protected":false},"featured_media":319280,"comment_status":"open","ping_status":"closed","template":"","meta":{"_acf_changed":false,"_relevanssi_hide_post":"","_relevanssi_hide_content":"","_relevanssi_pin_for_all":"","_relevanssi_pin_keywords":"","_relevanssi_unpin_keywords":"","_relevanssi_related_keywords":"","_relevanssi_related_include_ids":"","_relevanssi_related_exclude_ids":"","_relevanssi_related_no_append":"","_relevanssi_related_not_related":"","_relevanssi_related_posts":"","_relevanssi_noindex_reason":""},"product_brand":[],"product_cat":[4818,4713,4781,4778],"product_tag":[1391,6924,5423],"class_list":{"0":"post-305047","1":"product","2":"type-product","3":"status-publish","4":"has-post-thumbnail","6":"product_cat-aspire","7":"product_cat-e-zigaretten","8":"product_cat-e-zigaretten-hersteller","9":"product_cat-verdampferkoepfe","10":"product_tag-bitte","11":"product_tag-pockex","12":"product_tag-verdampferkoepfe","13":"product_shipping_class-standard","15":"first","16":"outofstock","17":"taxable","18":"shipping-taxable","19":"purchasable","20":"product-type-variable"},"acf":[],"_links":{"self":[{"href":"https:\/\/my-eliquid.de\/en_gb\/wp-json\/wp\/v2\/product\/305047","targetHints":{"allow":["GET"]}}],"collection":[{"href":"https:\/\/my-eliquid.de\/en_gb\/wp-json\/wp\/v2\/product"}],"about":[{"href":"https:\/\/my-eliquid.de\/en_gb\/wp-json\/wp\/v2\/types\/product"}],"replies":[{"embeddable":true,"href":"https:\/\/my-eliquid.de\/en_gb\/wp-json\/wp\/v2\/comments?post=305047"}],"wp:featuredmedia":[{"embeddable":true,"href":"https:\/\/my-eliquid.de\/en_gb\/wp-json\/wp\/v2\/media\/319280"}],"wp:attachment":[{"href":"https:\/\/my-eliquid.de\/en_gb\/wp-json\/wp\/v2\/media?parent=305047"}],"wp:term":[{"taxonomy":"product_brand","embeddable":true,"href":"https:\/\/my-eliquid.de\/en_gb\/wp-json\/wp\/v2\/product_brand?post=305047"},{"taxonomy":"product_cat","embeddable":true,"href":"https:\/\/my-eliquid.de\/en_gb\/wp-json\/wp\/v2\/product_cat?post=305047"},{"taxonomy":"product_tag","embeddable":true,"href":"https:\/\/my-eliquid.de\/en_gb\/wp-json\/wp\/v2\/product_tag?post=305047"}],"curies":[{"name":"wp","href":"https:\/\/api.w.org\/{rel}","templated":true}]}}