{"id":305812,"date":"2024-01-12T00:00:00","date_gmt":"2024-01-11T23:00:00","guid":{"rendered":"https:\/\/my-eliquid.de\/shop\/nikotin-shots-20mg-10ml-mvm-noindex\/"},"modified":"2025-11-25T13:51:53","modified_gmt":"2025-11-25T12:51:53","slug":"nikotin-shots-20mg-10ml-mvm-noindex","status":"publish","type":"product","link":"https:\/\/my-eliquid.de\/en_gb\/shop\/nikotin-shots-20mg-10ml-mvm-noindex\/","title":{"rendered":"Nicotine Shots MvM | 20 mg | 10ml"},"content":{"rendered":"<p><strong>Liquid Nikotin Shot mit 20 mg Nikotin!<\/strong> Suchen Sie sich Ihre gew\u00fcnschtes Mischverh\u00e4ltnis aus und und mischen Sie los!<\/p>\n<p><strong>Haben Sie noch 0mg Base zur Hand?<\/strong>\u00a0Einfach\u00a0<strong>shots<\/strong>\u00a0Simply purchase and you will receive your desired\u00a0<strong>Nicotine<\/strong>\u00a0strength!<\/p>\n<p><strong>Dieser Artikel wird f\u00fcr Mischungen oder, um diese zu verd\u00fcnnen angeboten, nicht f\u00fcr den unmittelbaren gebrauch.<\/strong><\/p>\n<p>Als Beispiele:<\/p>\n<p>100 ml <strong>0mg Base<\/strong> + 2 x 10 ml <strong>20 mg nicotine shot\u00a0<\/strong>= <strong>120ml 3 mg Base<\/strong> (200\u00a0ml\u00a00mg Base\u00a0+ 4 x\u00a020mg Nikotin Shot\u00a0= 240ml 3 mg Base Usw..)<\/p>\n<p>or<\/p>\n<p>100 ml <strong>0mg Base<\/strong> + 4 x 10 ml\u00a0<strong>20 mg nicotine shot\u00a0<\/strong>= <strong>140ml 6 mg Base<\/strong>\u00a0(200\u00a0ml\u00a00mg Base\u00a0+ 8 x\u00a020mg Nikotin Shot\u00a0= 280ml 6 mg Base Usw..)<\/p>\n<p>or<\/p>\n<p>100 ml<strong><strong><strong><strong>\u00a00mg Base<\/strong>\u00a0+<\/strong><\/strong><\/strong>9 x 10 ml\u00a0\u00a0<strong><strong><strong><strong>20 mg nicotine shot\u00a0<\/strong>=\u00a0<strong>190ml 9 mg Base<\/strong>\u00a0<\/strong><\/strong><\/strong>(200\u00a0ml\u00a00mg Base\u00a0+ 18 x\u00a020mg Nikotin Shot\u00a0= 380ml 9 mg Base Usw..)<\/p>\n<p>or<\/p>\n<p>100 ml\u00a0<strong>0mg Base<\/strong>\u00a0+8 x 10 ml<strong>\u00a020 mg nicotine shot\u00a0<\/strong>=\u00a0<strong>180ml 12 mg Base\u00a0<\/strong>(200\u00a0ml\u00a00mg Base\u00a0+ 16 x\u00a020mg Nikotin Shot\u00a0= 360ml 12 mg Base Usw..)<\/p>\n<p>or<\/p>\n<p>100 ml<strong><strong><strong><strong>\u00a00mg Base<\/strong>\u00a0+<\/strong><\/strong><\/strong>18\u00a0x 10 ml\u00a0\u00a0<strong><strong><strong><strong>20 mg nicotine shot\u00a0<\/strong>= 28<strong>0ml 18 mg Base<\/strong>\u00a0<\/strong><\/strong><\/strong>(200\u00a0ml\u00a00mg Base\u00a0+ 36 x\u00a020mg Nikotin Shot\u00a0= 560ml 18 mg Base Usw..)<\/p>\n<p><strong>Es wird nur der Umgang durch erfahrene und ge\u00fcbte Personen empfohlen!<\/strong><\/p>\n<p><span>Achtung !!! F\u00fcr Kindern unzug\u00e4nglich aufbewahren !!!<\/span><\/p>\n<p>Rechtliche Hinweise zur Verwendung<br \/>\nBei diesen Artikeln handelt es sich rechtlich um Chemikalien. Diese Chemikalien werden zur Herstellung von <strong>Nachf\u00fcllfl\u00fcssigkeiten bzw. eLiquids<\/strong> verwendet. Nur f\u00fcr diesen Verwendungszweck werden diese Chemikalien f\u00fcr sachkundige K\u00e4ufer angeboten und an diese verkauft. Die sachgem\u00e4\u00dfe Verwendung liegt in der Verantwortung des K\u00e4ufers.<\/p>\n<p>Diese Chemikalien sind keine Arznei- oder Lebensmittel und sind in der von uns angebotenen Form noch nicht f\u00fcr die Einnahme durch einen Endverbraucher bestimmt. Wir geben auch keine verbindliche Zubereitungs- oder <strong>Dosierungsanleitung<\/strong>. Die Verwendung und Einnahme erfolgt auf Ihr eigenes Risiko.<\/p>\n<p>my-eLiquid haftet nicht f\u00fcr Gesundheitssch\u00e4den, z.B. durch eine unsachgem\u00e4\u00dfe Verwendung.<\/p>\n<p>Diese Artikel d\u00fcrfen nur bestellt werden, wenn der K\u00e4ufer \u00fcber die n\u00f6tige <strong>Erfahrung<\/strong> im Umgang mit diesen Chemikalien und Rohstoffen verf\u00fcgt.<\/p>\n<p><span><strong>Legende:<br \/><\/strong><\/span><br \/>\nPG:\u00a0<span><strong>1,2-Propylenglycol<\/strong> (PG) E1520 (Ph. Eur.) reinst<\/span><br \/>\nVG:\u00a0<span><strong>Pure vegetable glycerine<\/strong> (VG) E422 (DAB), CAS-Nr. Bezeichnung 56-81-5 <strong>Glycerine<\/strong> 99,5%<br \/><\/span><\/p>\n<p>Wahlweise:<\/p>\n<p>Wasser: \u00a0<strong>Aqua Purificata<\/strong> Ph.Eur. \/ Bidest<\/p>\n<p><strong>\u00a0<\/strong><\/p>","protected":false},"excerpt":{"rendered":"<p><span>base <strong>Liquid<\/strong> with<strong>\u00a020 mg nicotine.<\/strong> Do you still have <strong>0mg<\/strong> <strong>Base<\/strong> At hand? Easy! <strong>shots<\/strong> Simply purchase and you will receive your desired <strong>Nicotine<\/strong> strength!<br \/><\/span><\/p>","protected":false},"featured_media":319671,"comment_status":"open","ping_status":"closed","template":"","meta":{"_acf_changed":false,"_relevanssi_hide_post":"","_relevanssi_hide_content":"","_relevanssi_pin_for_all":"","_relevanssi_pin_keywords":"","_relevanssi_unpin_keywords":"","_relevanssi_related_keywords":"","_relevanssi_related_include_ids":"","_relevanssi_related_exclude_ids":"","_relevanssi_related_no_append":"","_relevanssi_related_not_related":"","_relevanssi_related_posts":"","_relevanssi_noindex_reason":""},"product_brand":[],"product_cat":[4907],"product_tag":[6716,5124,6717,5411,6712,5805,5792,7388,5811,5812,5813],"class_list":{"0":"post-305812","1":"product","2":"type-product","3":"status-publish","4":"has-post-thumbnail","6":"product_cat-mvm","7":"product_tag-alle","8":"product_tag-basen","9":"product_tag-diy","10":"product_tag-e-zigaretten","11":"product_tag-fuer","12":"product_tag-liquid","13":"product_tag-liquids","14":"product_tag-mvm","15":"product_tag-nikotin","16":"product_tag-shot","17":"product_tag-shots","18":"product_shipping_class-standard","20":"first","21":"outofstock","22":"taxable","23":"shipping-taxable","24":"purchasable","25":"product-type-variable"},"acf":[],"_links":{"self":[{"href":"https:\/\/my-eliquid.de\/en_gb\/wp-json\/wp\/v2\/product\/305812","targetHints":{"allow":["GET"]}}],"collection":[{"href":"https:\/\/my-eliquid.de\/en_gb\/wp-json\/wp\/v2\/product"}],"about":[{"href":"https:\/\/my-eliquid.de\/en_gb\/wp-json\/wp\/v2\/types\/product"}],"replies":[{"embeddable":true,"href":"https:\/\/my-eliquid.de\/en_gb\/wp-json\/wp\/v2\/comments?post=305812"}],"wp:featuredmedia":[{"embeddable":true,"href":"https:\/\/my-eliquid.de\/en_gb\/wp-json\/wp\/v2\/media\/319671"}],"wp:attachment":[{"href":"https:\/\/my-eliquid.de\/en_gb\/wp-json\/wp\/v2\/media?parent=305812"}],"wp:term":[{"taxonomy":"product_brand","embeddable":true,"href":"https:\/\/my-eliquid.de\/en_gb\/wp-json\/wp\/v2\/product_brand?post=305812"},{"taxonomy":"product_cat","embeddable":true,"href":"https:\/\/my-eliquid.de\/en_gb\/wp-json\/wp\/v2\/product_cat?post=305812"},{"taxonomy":"product_tag","embeddable":true,"href":"https:\/\/my-eliquid.de\/en_gb\/wp-json\/wp\/v2\/product_tag?post=305812"}],"curies":[{"name":"wp","href":"https:\/\/api.w.org\/{rel}","templated":true}]}}