{"id":305814,"date":"2024-01-12T00:00:00","date_gmt":"2024-01-11T23:00:00","guid":{"rendered":"https:\/\/my-eliquid.de\/shop\/liquid-base-fertigmischung-ohne-nikotin-0mg-mvm-noindex\/"},"modified":"2025-11-25T13:50:56","modified_gmt":"2025-11-25T12:50:56","slug":"liquid-base-fertigmischung-ohne-nikotin-0mg-mvm-noindex","status":"publish","type":"product","link":"https:\/\/my-eliquid.de\/en_gb\/shop\/liquid-base-fertigmischung-ohne-nikotin-0mg-mvm-noindex\/","title":{"rendered":"Liquid Base ready mix 0mg MvM"},"content":{"rendered":"<p>Inhalt:\u00a0\u00a0 \u00a0rein pflanzliches Glycerin (<strong>VG - vegetable glycerine<\/strong>) E422 (<strong>DAB, Ph. Eur.<\/strong>), Propylenglycol (<strong>PG<\/strong>) E1520 (<strong>Ph. Eur.<\/strong>), Wasser und <strong>0 mg pro ml Nikotingehalt<\/strong>.<br \/>Es wird nur der Umgang durch erfahrene und ge\u00fcbte Personen empfohlen.<br \/>Diese Artikel werden f\u00fcr <strong>Mischungen<\/strong> oder, um diese zu verd\u00fcnnen angeboten, nicht f\u00fcr den unmittelbaren Verbrauch.<\/p>\n<p><span style=\"color: #ff0000;\">Achtung !!! F\u00fcr Kindern unzug\u00e4nglich aufbewahren !!!<\/span><\/p>\n<p>Rechtliche Hinweise zur Verwendung<br \/>Bei diesen Artikeln handelt es sich rechtlich um Chemikalien. Diese Chemikalien werden zur Herstellung von<strong> Nachf\u00fcllfl\u00fcssigkeiten bzw. eLiquids<\/strong> verwendet. Nur f\u00fcr diesen Verwendungszweck werden diese Chemikalien f\u00fcr sachkundige K\u00e4ufer angeboten und an diese verkauft. Die sachgem\u00e4\u00dfe Verwendung liegt in der Verantwortung des K\u00e4ufers.<\/p>\n<p>Diese Chemikalien sind keine Arznei- oder Lebensmittel und sind in der von uns angebotenen Form noch nicht f\u00fcr die Einnahme durch einen Endverbraucher bestimmt. Wir geben auch keine verbindliche Zubereitungs- oder<strong> Dosierungsanleitung<\/strong>. Die Verwendung und Einnahme erfolgt auf Ihr eigenes Risiko.<\/p>\n<p>my-eLiquid haftet nicht f\u00fcr Gesundheitssch\u00e4den, z.B. durch eine unsachgem\u00e4\u00dfe Verwendung.<\/p>\n<p>Diese Artikel d\u00fcrfen nur bestellt werden, wenn der K\u00e4ufer \u00fcber die n\u00f6tige <strong>Erfahrung<\/strong> im Umgang mit diesen Chemikalien und Rohstoffen verf\u00fcgt.<\/p>\n<p><span style=\"text-decoration: underline;\"><strong>Legende:<br \/><\/strong><\/span><br \/>PG:\u00a0<span><strong>1,2-Propylenglycol<\/strong> (PG) E1520 (Ph. Eur.) reinst<\/span><br \/>VG:\u00a0<span><strong>Pure vegetable glycerine<\/strong> (VG) E422 (DAB), CAS-Nr. Bezeichnung 56-81-5 <strong>Glycerine<\/strong> 99,5%<br \/><\/span>Wasser: \u00a0<strong>Aqua Purificata<\/strong> Ph.Eur. \/ Bidest<\/p>\n<p>Nikotin: <strong>0mg \/ ml (Nikotinfrei)<br \/><\/strong><\/p>","protected":false},"excerpt":{"rendered":"<p>Your <strong>Pure eLiquid\u00ae blend without nicotine<\/strong>ready for the <strong>Self-aromatisation<\/strong>. Also suitable for existing <strong>Liquids<\/strong> to <strong>dilute<\/strong> or to change the nicotine content individually. Your <strong>Ready mix<\/strong> is presented in a <span style=\"color: #339966\"><strong><strong>PET brown bottle<\/strong><\/strong><\/span>\u00a0delivered.<\/p>","protected":false},"featured_media":319868,"comment_status":"open","ping_status":"closed","template":"","meta":{"_acf_changed":false,"_relevanssi_hide_post":"","_relevanssi_hide_content":"","_relevanssi_pin_for_all":"","_relevanssi_pin_keywords":"","_relevanssi_unpin_keywords":"","_relevanssi_related_keywords":"","_relevanssi_related_include_ids":"","_relevanssi_related_exclude_ids":"","_relevanssi_related_no_append":"","_relevanssi_related_not_related":"","_relevanssi_related_posts":"","_relevanssi_noindex_reason":""},"product_brand":[],"product_cat":[4907],"product_tag":[7159,6716,6738,5124,6717,5118,6712,5805,5792,5811,6722],"class_list":{"0":"post-305814","1":"product","2":"type-product","3":"status-publish","4":"has-post-thumbnail","6":"product_cat-mvm","7":"product_tag-0mg","8":"product_tag-alle","9":"product_tag-base","10":"product_tag-basen","11":"product_tag-diy","12":"product_tag-fertigmischung","13":"product_tag-fuer","14":"product_tag-liquid","15":"product_tag-liquids","16":"product_tag-nikotin","17":"product_tag-ohne","18":"product_shipping_class-standard","20":"first","21":"outofstock","22":"taxable","23":"shipping-taxable","24":"purchasable","25":"product-type-variable"},"acf":[],"_links":{"self":[{"href":"https:\/\/my-eliquid.de\/en_gb\/wp-json\/wp\/v2\/product\/305814","targetHints":{"allow":["GET"]}}],"collection":[{"href":"https:\/\/my-eliquid.de\/en_gb\/wp-json\/wp\/v2\/product"}],"about":[{"href":"https:\/\/my-eliquid.de\/en_gb\/wp-json\/wp\/v2\/types\/product"}],"replies":[{"embeddable":true,"href":"https:\/\/my-eliquid.de\/en_gb\/wp-json\/wp\/v2\/comments?post=305814"}],"wp:featuredmedia":[{"embeddable":true,"href":"https:\/\/my-eliquid.de\/en_gb\/wp-json\/wp\/v2\/media\/319868"}],"wp:attachment":[{"href":"https:\/\/my-eliquid.de\/en_gb\/wp-json\/wp\/v2\/media?parent=305814"}],"wp:term":[{"taxonomy":"product_brand","embeddable":true,"href":"https:\/\/my-eliquid.de\/en_gb\/wp-json\/wp\/v2\/product_brand?post=305814"},{"taxonomy":"product_cat","embeddable":true,"href":"https:\/\/my-eliquid.de\/en_gb\/wp-json\/wp\/v2\/product_cat?post=305814"},{"taxonomy":"product_tag","embeddable":true,"href":"https:\/\/my-eliquid.de\/en_gb\/wp-json\/wp\/v2\/product_tag?post=305814"}],"curies":[{"name":"wp","href":"https:\/\/api.w.org\/{rel}","templated":true}]}}