{"id":315440,"date":"2019-01-11T00:00:00","date_gmt":"2019-01-10T23:00:00","guid":{"rendered":"https:\/\/my-eliquid.de\/shop\/apfel-aroma-2\/"},"modified":"2026-03-24T08:54:02","modified_gmt":"2026-03-24T07:54:02","slug":"apfel-menthol-aroma","status":"publish","type":"product","link":"https:\/\/my-eliquid.de\/en_gb\/shop\/apfel-menthol-aroma\/","title":{"rendered":"Apple menthol flavour"},"content":{"rendered":"<p style=\"line-height: 19px;\">Largely based on the<strong>\u00a0Flavour<\/strong>\u00a0one\u00a0\u00a0<strong>K\u00fchlen<\/strong>\u00a0and\u00a0<strong>gr\u00fcnen Apfels .<\/strong>\u00a0<\/p>\n<p style=\"line-height: 19px;\"><strong>Apple menthol DIY flavour<\/strong>\u00a0a delicious vapour experience for liquids.<\/p>\n<p style=\"line-height: 19px;\"><strong>DIY- Apfel Menthol Aroma<\/strong>\u00a0to the\u00a0<strong>selbst aromatisieren<\/strong>\u00a0von individuellen\u00a0<strong>Liquids<\/strong>\u00a0with<strong>Geschmacksrichtung &#8220;Gr\u00fcner Apfel&#8221;\u00a0<\/strong>\u00a0zum dampfen in\u00a0<strong>e-cigarettes<\/strong>\u00a0and\u00a0<strong>e-Verdampfern<\/strong>.<\/p>\n<p style=\"line-height: 19px;\">Attention\u00a0<span style=\"color: rgb(255, 0, 0);\"><strong>stark konzentriert<\/strong><\/span>:\u00a0<strong>Flavours<\/strong>\u00a0to the\u00a0<strong>Herstellung von e-Liquids<\/strong>\u00a0d\u00fcrfen unter keinen Umst\u00e4nden<strong>unverd\u00fcnnt<\/strong>\u00a0verwendet werden und sollten immer mit einem\u00a0<strong>DIY-Liquid<\/strong>\u00a0gemischt werden.<\/p>","protected":false},"excerpt":{"rendered":"<p><span style=\"line-height: 19px\">Largely based on the\u00a0<\/span><strong style=\"line-height: 19px\">sweet flavour<\/strong><span style=\"line-height: 19px\">\u00a0one\u00a0<\/span><strong style=\"line-height: 19px\">juicy green apple menthol<\/strong><span style=\"line-height: 19px\">\u00a0from the\u00a0<\/span><strong style=\"line-height: 19px\">Delicious type<\/strong><span style=\"line-height: 19px\">\u00a0offers\u00a0<\/span><strong style=\"line-height: 19px\">Apple menthol DIY flavour<\/strong><span style=\"line-height: 19px\">\u00a0a delicious vapour experience for liquids.<\/span><\/p>","protected":false},"featured_media":319379,"comment_status":"open","ping_status":"closed","template":"","meta":{"_acf_changed":false,"_relevanssi_hide_post":"","_relevanssi_hide_content":"","_relevanssi_pin_for_all":"","_relevanssi_pin_keywords":"","_relevanssi_unpin_keywords":"","_relevanssi_related_keywords":"","_relevanssi_related_include_ids":"","_relevanssi_related_exclude_ids":"","_relevanssi_related_no_append":"","_relevanssi_related_not_related":"","_relevanssi_related_posts":"","_relevanssi_noindex_reason":""},"product_brand":[],"product_cat":[4733,4882,4701,4704,4881],"product_tag":[4955,1399,6847,4942,5805,5792,4956],"class_list":{"0":"post-315440","1":"product","2":"type-product","3":"status-publish","4":"has-post-thumbnail","6":"product_cat-alle-aromen","7":"product_cat-aromen-ohne-sucralose","8":"product_cat-aromen","9":"product_cat-menthol-aromen-liquid-e-zigarette","10":"product_cat-my-eliquid-aromen","11":"product_tag-apfel","12":"product_tag-aroma","13":"product_tag-aromen","14":"product_tag-frucht","15":"product_tag-liquid","16":"product_tag-liquids","17":"product_tag-menthol","18":"product_shipping_class-standard","20":"first","21":"instock","22":"taxable","23":"shipping-taxable","24":"purchasable","25":"product-type-variable"},"acf":[],"_links":{"self":[{"href":"https:\/\/my-eliquid.de\/en_gb\/wp-json\/wp\/v2\/product\/315440","targetHints":{"allow":["GET"]}}],"collection":[{"href":"https:\/\/my-eliquid.de\/en_gb\/wp-json\/wp\/v2\/product"}],"about":[{"href":"https:\/\/my-eliquid.de\/en_gb\/wp-json\/wp\/v2\/types\/product"}],"replies":[{"embeddable":true,"href":"https:\/\/my-eliquid.de\/en_gb\/wp-json\/wp\/v2\/comments?post=315440"}],"wp:featuredmedia":[{"embeddable":true,"href":"https:\/\/my-eliquid.de\/en_gb\/wp-json\/wp\/v2\/media\/319379"}],"wp:attachment":[{"href":"https:\/\/my-eliquid.de\/en_gb\/wp-json\/wp\/v2\/media?parent=315440"}],"wp:term":[{"taxonomy":"product_brand","embeddable":true,"href":"https:\/\/my-eliquid.de\/en_gb\/wp-json\/wp\/v2\/product_brand?post=315440"},{"taxonomy":"product_cat","embeddable":true,"href":"https:\/\/my-eliquid.de\/en_gb\/wp-json\/wp\/v2\/product_cat?post=315440"},{"taxonomy":"product_tag","embeddable":true,"href":"https:\/\/my-eliquid.de\/en_gb\/wp-json\/wp\/v2\/product_tag?post=315440"}],"curies":[{"name":"wp","href":"https:\/\/api.w.org\/{rel}","templated":true}]}}