{"id":322158,"date":"2023-04-13T17:39:35","date_gmt":"2023-04-13T15:39:35","guid":{"rendered":"https:\/\/my-eliquid.de\/shop\/e-liquid-120ml-premium-e-zigarette-aroma-mischen-0mg-6mg-nikotin-mixvape-pirate\/"},"modified":"2026-04-09T21:30:37","modified_gmt":"2026-04-09T19:30:37","slug":"piraten-mix-and-vape-120ml-liquid-0-6mg","status":"publish","type":"product","link":"https:\/\/my-eliquid.de\/en_gb\/shop\/piraten-mix-and-vape-120ml-liquid-0-6mg\/","title":{"rendered":"Pirate \u2013 E-Liquid 120ml Premium 0mg-6mg Nicotine Mix &amp; Vape"},"content":{"rendered":"<div class=\"product-description\">\n<h2>garantiert Made in Germany<\/h2>\n<h1>E-Liquid 120ml Premium E-Zigarette Aroma Mischen 0mg bis 6mg Nikotin Mix &amp; Vape<\/h1>\n<h3>Sets &amp; Nikotinst\u00e4rken<\/h3>\n<ul>\n<li><strong>Set 0mg:<\/strong> 120 ml Base &amp; Aroma = 120 ml fertiges Liquid mit 0 mg Nikotin<\/li>\n<li><strong>Set 3mg:<\/strong> 100 ml Base &amp; Aroma + 2 x Nikotinshots = 120 ml fertiges Liquid mit 3 mg Nikotin<\/li>\n<li><strong>Set 6mg:<\/strong> 80 ml Base &amp; Aroma + 4 x Nikotinshots = 120 ml fertiges E-Liquid mit 6 mg Nikotin<\/li>\n<\/ul>\n<p>\n    <span style=\"color:#ff0010;\"><br \/>\n      F\u00fcllen Sie alle Flaschen in die Chubby-Einhorn-Flasche und sch\u00fctteln Sie gut \u2013<br \/>\n      Sie erhalten 120 ml fertiges E-Liquid in der gew\u00fcnschten Nikotinst\u00e4rke!<br \/>\n    <\/span>\n  <\/p>\n<p><strong>Scope of delivery:<\/strong> 1 x 120 ml E-Liquid je nach Auswahl mit oder ohne Nikotinshots<\/p>\n<h3>Inhaltsstoffe<\/h3>\n<p>Propylenglykol, Glycerin, nat\u00fcrliche und naturidentische Aromastoffe.<\/p>\n<h3>Features<\/h3>\n<ul>\n<li>Chubby-Einhorn-Flasche mit Kindersicherung und Originalit\u00e4tsverschluss<\/li>\n<li>Das fertig gemischte E-Liquid kann in allen E-Zigaretten genutzt werden<\/li>\n<li>Attraktiver Mengenrabatt<\/li>\n<li>Nur noch zusammensch\u00fctten \u2013 Sie erhalten ein sofort dampfbares Liquid<\/li>\n<\/ul>\n<h3>Original Pirate PREMIUM Liquids mit und ohne Nikotin<\/h3>\n<p>\n    M\u00f6gliche Geschmacksrichtungen: Apfel, Erdbeere, Pfirsich, Himbeere, Menthol, Cookie,<br \/>\n    Ry4-Tabak, Vanilla Tobacco, Waldmeister, Vanille, Berry B\u00e4m, Fred\u2019s Astair,<br \/>\n    Magic Purge, Colt Arctic, My-Tide, Fresh Orange, Bottermelk Fresh, Gr\u00fcnes Fr\u00fcchtchen,<br \/>\n    Strawberry Sensation, Melon Smash.\n  <\/p>\n<p><strong>Folgende Liquids enthalten Menthol \/ Minze:<\/strong><\/p>\n<ul>\n<li>Menthol = enth\u00e4lt Menthol<\/li>\n<li>Berry B\u00e4m = enth\u00e4lt Menthol \/ Minze<\/li>\n<li>Fred\u2019s Astair = enth\u00e4lt Menthol<\/li>\n<li>Magic Purge = enth\u00e4lt Menthol<\/li>\n<li>Colt Arctic = enth\u00e4lt Menthol \/ Pfefferminze<\/li>\n<li>My-Tide = enth\u00e4lt Menthol<\/li>\n<li>Fresh Orange = enth\u00e4lt Menthol<\/li>\n<\/ul>\n<p><strong>Hier erhalten Sie hochwertige E-Liquids, fertig konzipiert zum Selbstmischen und Losdampfen. Die Liquids sind in verschiedenen Nikotinst\u00e4rken erh\u00e4ltlich:<\/strong><\/p>\n<ul>\n<li>0 mg Nikotin (nikotinfrei)<\/li>\n<li>3 mg\/ml Nikotin<\/li>\n<li>6 mg\/ml Nikotin<\/li>\n<\/ul>\n<h3>Zusammensetzung<\/h3>\n<ul>\n<li>PG 50 % \/ VG 50 %<\/li>\n<\/ul>\n<h3>Wichtige Hinweise<\/h3>\n<ul>\n<li>Kein Verkauf an Personen unter 18 Jahren.<\/li>\n<li>Dieses Produkt enth\u00e4lt Nikotin (bei Auswahl der nikotinhaltigen Varianten): einen Stoff, der sehr stark abh\u00e4ngig macht.<\/li>\n<li>Sicher vor dem Zugriff von Kindern und Jugendlichen aufbewahren.<\/li>\n<li>Dunkel und k\u00fchl lagern.<\/li>\n<li>Versand mit Alterssichtpr\u00fcfung 18+, d. h. Personen unter 18 Jahren k\u00f6nnen das Paket nicht entgegennehmen.<\/li>\n<\/ul>\n<h3><span style=\"color:#ff0010;\">Steuermarke<\/span><\/h3>\n<p>\n    Bei Zerst\u00f6ren der Steuermarke wird der Steuerwert bei R\u00fcckgabe vom Kaufpreis abgezogen.<br \/>\n    Der Steuerwert berechnet sich aus der Mengenangabe (0,16 \u20ac pro ml).<br \/>\n    Beispiel: 80 ml * 0,16 \u20ac = 12,80 \u20ac zuz\u00fcglich gesetzlicher MwSt (19 %).\n  <\/p>\n<h3><span style=\"color:#ff0010;\">Attention<\/span><\/h3>\n<p>\n    Dieses Angebot richtet sich ausschlie\u00dflich an Vollj\u00e4hrige. Das Jugendschutzgesetz verbietet<br \/>\n    das Angebot und die Abgabe dieses Artikels an Kinder und Jugendliche. Ein Kaufvertrag kommt<br \/>\n    nur nach erfolgreicher Alters\u00fcberpr\u00fcfung zustande. Zus\u00e4tzlich f\u00fchrt der Zusteller bei der<br \/>\n    Aush\u00e4ndigung des Pakets eine Alterspr\u00fcfung durch.\n  <\/p>\n<h3><span style=\"color:#ff0010;\">R\u00fcckversand<\/span><\/h3>\n<p>\n    Verweigert der Kunde die Annahme oder holt die Sendung nicht innerhalb der Aufbewahrungsfrist ab,<br \/>\n    f\u00fchrt dies zu einem kostenpflichtigen R\u00fcckversand gem\u00e4\u00df \u00a7 6 (siehe Widerrufsbelehrung).<br \/>\n    Es wird vereinbart, dass das von DHL erhobene R\u00fccksendeentgelt von 4 \u20ac als die regelm\u00e4\u00dfigen Kosten<br \/>\n    der R\u00fccksendung verstanden werden und diese vom Kunden zu tragen sind.\n  <\/p>\n<h3><span style=\"color:#ff0010;\">DHL Packstationen als Lieferadresse ausgeschlossen<\/span><\/h3>\n<p>\n    Artikel mit Nikotin werden mit einer Alterssichtpr\u00fcfung 18+ versendet. Der Versand an eine<br \/>\n    Packstation wird von der DHL verweigert und f\u00fchrt zu einer R\u00fccksendung.<br \/>\n    Gem\u00e4\u00df \u00a7 6 (siehe Widerrufsbelehrung) wird vereinbart, dass das von DHL erhobene<br \/>\n    R\u00fccksendeentgelt von 4 \u20ac als die regelm\u00e4\u00dfigen Kosten der R\u00fccksendung verstanden werden<br \/>\n    und diese vom Kunden zu tragen sind.\n  <\/p>\n<h3>Hinweis zur Nutzung Ihrer E-Mail-Adresse<\/h3>\n<p>\n    Mit dem Kauf erhalten wir Ihre E-Mail-Adresse. Soweit Sie nicht widersprochen haben, nutzen wir diese<br \/>\n    f\u00fcr die elektronische \u00dcbersendung von Werbung f\u00fcr eigene \u00e4hnliche Waren oder Dienstleistungen.<br \/>\n    Sie k\u00f6nnen dieser Verwendung Ihrer E-Mail-Adresse jederzeit durch eine Mitteilung an uns widersprechen.<br \/>\n    Die Kontaktdaten f\u00fcr die Aus\u00fcbung des Widerspruchs finden Sie im Impressum. Sie k\u00f6nnen auch den daf\u00fcr<br \/>\n    vorgesehenen Link in der Werbemail nutzen. Hierf\u00fcr entstehen keine anderen als die \u00dcbermittlungskosten<br \/>\n    nach den Basistarifen.\n  <\/p>\n<\/div>","protected":false},"excerpt":{"rendered":"<p>High-quality 120 ml e-liquid set \u2013 choose between 0 mg, 3 mg or 6 mg nicotine, ready to mix immediately.<br \/>\nSimply mix together the base, flavouring and nicotine shots \u2013 ready to vape in any e-cigarette model.<\/p>","protected":false},"featured_media":322336,"comment_status":"open","ping_status":"closed","template":"","meta":{"_acf_changed":false,"_relevanssi_hide_post":"","_relevanssi_hide_content":"","_relevanssi_pin_for_all":"","_relevanssi_pin_keywords":"","_relevanssi_unpin_keywords":"","_relevanssi_related_keywords":"","_relevanssi_related_include_ids":"","_relevanssi_related_exclude_ids":"","_relevanssi_related_no_append":"","_relevanssi_related_not_related":"","_relevanssi_related_posts":"","_relevanssi_noindex_reason":""},"product_brand":[],"product_cat":[8190],"product_tag":[],"class_list":{"0":"post-322158","1":"product","2":"type-product","3":"status-publish","4":"has-post-thumbnail","6":"product_cat-piraten","7":"product_shipping_class-standard","9":"first","10":"instock","11":"featured","12":"taxable","13":"shipping-taxable","14":"purchasable","15":"product-type-variable"},"acf":[],"_links":{"self":[{"href":"https:\/\/my-eliquid.de\/en_gb\/wp-json\/wp\/v2\/product\/322158","targetHints":{"allow":["GET"]}}],"collection":[{"href":"https:\/\/my-eliquid.de\/en_gb\/wp-json\/wp\/v2\/product"}],"about":[{"href":"https:\/\/my-eliquid.de\/en_gb\/wp-json\/wp\/v2\/types\/product"}],"replies":[{"embeddable":true,"href":"https:\/\/my-eliquid.de\/en_gb\/wp-json\/wp\/v2\/comments?post=322158"}],"wp:featuredmedia":[{"embeddable":true,"href":"https:\/\/my-eliquid.de\/en_gb\/wp-json\/wp\/v2\/media\/322336"}],"wp:attachment":[{"href":"https:\/\/my-eliquid.de\/en_gb\/wp-json\/wp\/v2\/media?parent=322158"}],"wp:term":[{"taxonomy":"product_brand","embeddable":true,"href":"https:\/\/my-eliquid.de\/en_gb\/wp-json\/wp\/v2\/product_brand?post=322158"},{"taxonomy":"product_cat","embeddable":true,"href":"https:\/\/my-eliquid.de\/en_gb\/wp-json\/wp\/v2\/product_cat?post=322158"},{"taxonomy":"product_tag","embeddable":true,"href":"https:\/\/my-eliquid.de\/en_gb\/wp-json\/wp\/v2\/product_tag?post=322158"}],"curies":[{"name":"wp","href":"https:\/\/api.w.org\/{rel}","templated":true}]}}