{"id":324696,"date":"2020-06-18T00:00:00","date_gmt":"2020-06-17T22:00:00","guid":{"rendered":"https:\/\/my-eliquid.de\/shop\/uwell-caliburn-koko-pods\/"},"modified":"2026-03-26T10:34:34","modified_gmt":"2026-03-26T09:34:34","slug":"uwell-caliburn-koko-pods","status":"publish","type":"product","link":"https:\/\/my-eliquid.de\/en_gb\/shop\/uwell-caliburn-koko-pods\/","title":{"rendered":"UWELL | Caliburn Koko replacement pods | FeCrAl 1.2 Ohm"},"content":{"rendered":"<p>UWELL Caliburn Koko Ersatzpods 4er Packung<\/p>\n<p>The UWELL Caliburn Koko Pods have a permanently installed 1.2 ohm vaporiser head and have a filling volume of 2 ml and are refillable.<\/p>\n<p><strong>Technical data:<\/strong><\/p>\n<p><span>Filling volume: 2ml<\/span><br \/>\n<span class=\"modal_lexicon\">Resistance<\/span><span>: 1,2 Ohm<\/span><\/p>\n<p>Scope of delivery: <\/p>\n<p>4 x Koko Pod 1.2 Ohm<\/p>\n<p>Achtung: Dieses Angebot richtet sich ausschlie\u00dflich an Vollj\u00e4hrige. Das Jugendschutzgesetz verbietet das Angebot und die Abgabe dieses Artikels an Kinder und Jugendliche. Ein Kaufvertrag kommt nur nach erfolgreicher Alters\u00fcberpr\u00fcfung zustande. Zus\u00e4tzlich f\u00fchrt der Postbote bei der Aush\u00e4ndigung des Pakets eine \u00dcberpr\u00fcfung durch.<\/p>","protected":false},"excerpt":{"rendered":"<p>The UWELL Caliburn Koko Pods have a permanently installed 1.2 ohm vaporiser head and have a filling volume of 2 ml and are refillable.<\/p>","protected":false},"featured_media":324697,"comment_status":"closed","ping_status":"closed","template":"","meta":{"_acf_changed":false,"_relevanssi_hide_post":"","_relevanssi_hide_content":"","_relevanssi_pin_for_all":"","_relevanssi_pin_keywords":"","_relevanssi_unpin_keywords":"","_relevanssi_related_keywords":"","_relevanssi_related_include_ids":"","_relevanssi_related_exclude_ids":"","_relevanssi_related_no_append":"","_relevanssi_related_not_related":"","_relevanssi_related_posts":"","_relevanssi_noindex_reason":""},"product_brand":[],"product_cat":[4713,4781,4856,4889,4778],"product_tag":[6748,5411,7036,7075,6374,5423],"class_list":{"0":"post-324696","1":"product","2":"type-product","3":"status-publish","4":"has-post-thumbnail","6":"product_cat-e-zigaretten","7":"product_cat-e-zigaretten-hersteller","8":"product_cat-lager-verkauf","9":"product_cat-uwell","10":"product_cat-verdampferkoepfe","11":"product_tag-caliburn","12":"product_tag-e-zigaretten","13":"product_tag-ersatzpods","14":"product_tag-koko","15":"product_tag-uwell","16":"product_tag-verdampferkoepfe","17":"product_shipping_class-standard","19":"first","20":"instock","21":"taxable","22":"shipping-taxable","23":"purchasable","24":"product-type-simple"},"acf":[],"_links":{"self":[{"href":"https:\/\/my-eliquid.de\/en_gb\/wp-json\/wp\/v2\/product\/324696","targetHints":{"allow":["GET"]}}],"collection":[{"href":"https:\/\/my-eliquid.de\/en_gb\/wp-json\/wp\/v2\/product"}],"about":[{"href":"https:\/\/my-eliquid.de\/en_gb\/wp-json\/wp\/v2\/types\/product"}],"replies":[{"embeddable":true,"href":"https:\/\/my-eliquid.de\/en_gb\/wp-json\/wp\/v2\/comments?post=324696"}],"wp:featuredmedia":[{"embeddable":true,"href":"https:\/\/my-eliquid.de\/en_gb\/wp-json\/wp\/v2\/media\/324697"}],"wp:attachment":[{"href":"https:\/\/my-eliquid.de\/en_gb\/wp-json\/wp\/v2\/media?parent=324696"}],"wp:term":[{"taxonomy":"product_brand","embeddable":true,"href":"https:\/\/my-eliquid.de\/en_gb\/wp-json\/wp\/v2\/product_brand?post=324696"},{"taxonomy":"product_cat","embeddable":true,"href":"https:\/\/my-eliquid.de\/en_gb\/wp-json\/wp\/v2\/product_cat?post=324696"},{"taxonomy":"product_tag","embeddable":true,"href":"https:\/\/my-eliquid.de\/en_gb\/wp-json\/wp\/v2\/product_tag?post=324696"}],"curies":[{"name":"wp","href":"https:\/\/api.w.org\/{rel}","templated":true}]}}