{"id":324700,"date":"2023-03-15T00:00:00","date_gmt":"2023-03-14T23:00:00","guid":{"rendered":"https:\/\/my-eliquid.de\/shop\/caliburn-g2-ersatzpod-ohne-coil\/"},"modified":"2026-03-30T07:27:13","modified_gmt":"2026-03-30T05:27:13","slug":"caliburn-g2-ersatzpod-ohne-coil","status":"publish","type":"product","link":"https:\/\/my-eliquid.de\/en_gb\/shop\/caliburn-g2-ersatzpod-ohne-coil\/","title":{"rendered":"Uwell | Caliburn G2 | Ersatzpod Ohne Coil"},"content":{"rendered":"<h2><strong>Uwell Caliburn G2 Kit Pod System Ersatzpod<\/strong><\/h2>\n<p>Zwei Ersatzpods passend f\u00fcr das Uwell Caliburn G2 Pod Kit und Caliburn GK2 Pod Kit. Die Pods haben ein F\u00fcllvolumen von 2 ml und sind mit den Caliburn G Coils kompatibel.<\/p>\n<p>Scope of delivery:<\/p>\n<p>2x  Uwell Ersatzpods<\/p>\n<p>Achtung: Dieses Angebot richtet sich ausschlie\u00dflich an Vollj\u00e4hrige. Das Jugendschutzgesetz verbietet das Angebot und die Abgabe dieses Artikels an Kinder und Jugendliche. Ein Kaufvertrag kommt nur nach erfolgreicher Alters\u00fcberpr\u00fcfung zustande. Zus\u00e4tzlich f\u00fchrt der Postbote bei der Aush\u00e4ndigung des Pakets eine \u00dcberpr\u00fcfung durch.<\/p>","protected":false},"excerpt":{"rendered":"<p><strong>Uwell Caliburn G2 Ersatzpod<\/strong><\/p>","protected":false},"featured_media":324701,"comment_status":"closed","ping_status":"closed","template":"","meta":{"_acf_changed":false,"_relevanssi_hide_post":"","_relevanssi_hide_content":"","_relevanssi_pin_for_all":"","_relevanssi_pin_keywords":"","_relevanssi_unpin_keywords":"","_relevanssi_related_keywords":"","_relevanssi_related_include_ids":"","_relevanssi_related_exclude_ids":"","_relevanssi_related_no_append":"","_relevanssi_related_not_related":"","_relevanssi_related_posts":"","_relevanssi_noindex_reason":""},"product_brand":[],"product_cat":[4788,4886,4856,4889,4774,4778],"product_tag":[1391,6748,5646,6360,6744,7150,6722,6374,4920,5423],"class_list":{"0":"post-324700","1":"product","2":"type-product","3":"status-publish","4":"has-post-thumbnail","6":"product_cat-clearomizer","7":"product_cat-lagerverkauf-hardware-sale","8":"product_cat-lager-verkauf","9":"product_cat-uwell","10":"product_cat-verdampfer","11":"product_cat-verdampferkoepfe","12":"product_tag-bitte","13":"product_tag-caliburn","14":"product_tag-clearomizer","15":"product_tag-coil","16":"product_tag-ersatzpod","17":"product_tag-g2","18":"product_tag-ohne","19":"product_tag-uwell","20":"product_tag-verdampfer","21":"product_tag-verdampferkoepfe","22":"product_shipping_class-standard","24":"first","25":"instock","26":"taxable","27":"shipping-taxable","28":"purchasable","29":"product-type-simple"},"acf":[],"_links":{"self":[{"href":"https:\/\/my-eliquid.de\/en_gb\/wp-json\/wp\/v2\/product\/324700","targetHints":{"allow":["GET"]}}],"collection":[{"href":"https:\/\/my-eliquid.de\/en_gb\/wp-json\/wp\/v2\/product"}],"about":[{"href":"https:\/\/my-eliquid.de\/en_gb\/wp-json\/wp\/v2\/types\/product"}],"replies":[{"embeddable":true,"href":"https:\/\/my-eliquid.de\/en_gb\/wp-json\/wp\/v2\/comments?post=324700"}],"wp:featuredmedia":[{"embeddable":true,"href":"https:\/\/my-eliquid.de\/en_gb\/wp-json\/wp\/v2\/media\/324701"}],"wp:attachment":[{"href":"https:\/\/my-eliquid.de\/en_gb\/wp-json\/wp\/v2\/media?parent=324700"}],"wp:term":[{"taxonomy":"product_brand","embeddable":true,"href":"https:\/\/my-eliquid.de\/en_gb\/wp-json\/wp\/v2\/product_brand?post=324700"},{"taxonomy":"product_cat","embeddable":true,"href":"https:\/\/my-eliquid.de\/en_gb\/wp-json\/wp\/v2\/product_cat?post=324700"},{"taxonomy":"product_tag","embeddable":true,"href":"https:\/\/my-eliquid.de\/en_gb\/wp-json\/wp\/v2\/product_tag?post=324700"}],"curies":[{"name":"wp","href":"https:\/\/api.w.org\/{rel}","templated":true}]}}