{"id":324702,"date":"2020-05-27T00:00:00","date_gmt":"2020-05-26T22:00:00","guid":{"rendered":"https:\/\/my-eliquid.de\/shop\/uwell-yearn-ersatzpods-2\/"},"modified":"2026-03-26T11:50:10","modified_gmt":"2026-03-26T10:50:10","slug":"uwell-caliburn-a2-ersatzpods-0-9-ohm","status":"publish","type":"product","link":"https:\/\/my-eliquid.de\/en_gb\/shop\/uwell-caliburn-a2-ersatzpods-0-9-ohm\/","title":{"rendered":"UWELL Caliburn A2 Ersatzpods 0.9 Ohm"},"content":{"rendered":"<p>UWELL Caliburn replacement pods pack of 4<\/p>\n<p>Die UWELL Caliburn A2 Pods haben einen festverbauten 0,9Ohm Verdampferkopf und verf\u00fcgen \u00fcber ein F\u00fcllvolumen von 2ml und sind wieder bef\u00fcllbar.<\/p>\n<p><strong>Technical data:<\/strong><\/p>\n<p><span>Filling volume: 2ml<\/span><br \/><span class=\"modal_lexicon\">Resistance<\/span><span>: 0,9 Ohm<\/span><\/p>\n<p>Scope of delivery:<\/p>\n<p> 4x Uwell A2 Ersatzpods 0.9 Ohm <\/p>\n<p>Achtung: Dieses Angebot richtet sich ausschlie\u00dflich an Vollj\u00e4hrige. Das Jugendschutzgesetz verbietet das Angebot und die Abgabe dieses Artikels an Kinder und Jugendliche. Ein Kaufvertrag kommt nur nach erfolgreicher Alters\u00fcberpr\u00fcfung zustande. Zus\u00e4tzlich f\u00fchrt der Postbote bei der Aush\u00e4ndigung des Pakets eine \u00dcberpr\u00fcfung durch.<\/p>","protected":false},"excerpt":{"rendered":"<p>Die UWELL Caliburn A2 Pods haben einen festverbauten 0,9 Ohm Verdampferkopf und verf\u00fcgen \u00fcber ein F\u00fcllvolumen von 2ml und sind wieder bef\u00fcllbar.<\/p>","protected":false},"featured_media":324703,"comment_status":"closed","ping_status":"closed","template":"","meta":{"_acf_changed":false,"_relevanssi_hide_post":"","_relevanssi_hide_content":"","_relevanssi_pin_for_all":"","_relevanssi_pin_keywords":"","_relevanssi_unpin_keywords":"","_relevanssi_related_keywords":"","_relevanssi_related_include_ids":"","_relevanssi_related_exclude_ids":"","_relevanssi_related_no_append":"","_relevanssi_related_not_related":"","_relevanssi_related_posts":"","_relevanssi_noindex_reason":""},"product_brand":[],"product_cat":[4713,4781,4886,4856,4889,4778],"product_tag":[5411,7036,6374,5423,6098],"class_list":{"0":"post-324702","1":"product","2":"type-product","3":"status-publish","4":"has-post-thumbnail","6":"product_cat-e-zigaretten","7":"product_cat-e-zigaretten-hersteller","8":"product_cat-lagerverkauf-hardware-sale","9":"product_cat-lager-verkauf","10":"product_cat-uwell","11":"product_cat-verdampferkoepfe","12":"product_tag-e-zigaretten","13":"product_tag-ersatzpods","14":"product_tag-uwell","15":"product_tag-verdampferkoepfe","16":"product_tag-yearn","17":"product_shipping_class-standard","19":"first","20":"instock","21":"taxable","22":"shipping-taxable","23":"purchasable","24":"product-type-simple"},"acf":[],"_links":{"self":[{"href":"https:\/\/my-eliquid.de\/en_gb\/wp-json\/wp\/v2\/product\/324702","targetHints":{"allow":["GET"]}}],"collection":[{"href":"https:\/\/my-eliquid.de\/en_gb\/wp-json\/wp\/v2\/product"}],"about":[{"href":"https:\/\/my-eliquid.de\/en_gb\/wp-json\/wp\/v2\/types\/product"}],"replies":[{"embeddable":true,"href":"https:\/\/my-eliquid.de\/en_gb\/wp-json\/wp\/v2\/comments?post=324702"}],"wp:featuredmedia":[{"embeddable":true,"href":"https:\/\/my-eliquid.de\/en_gb\/wp-json\/wp\/v2\/media\/324703"}],"wp:attachment":[{"href":"https:\/\/my-eliquid.de\/en_gb\/wp-json\/wp\/v2\/media?parent=324702"}],"wp:term":[{"taxonomy":"product_brand","embeddable":true,"href":"https:\/\/my-eliquid.de\/en_gb\/wp-json\/wp\/v2\/product_brand?post=324702"},{"taxonomy":"product_cat","embeddable":true,"href":"https:\/\/my-eliquid.de\/en_gb\/wp-json\/wp\/v2\/product_cat?post=324702"},{"taxonomy":"product_tag","embeddable":true,"href":"https:\/\/my-eliquid.de\/en_gb\/wp-json\/wp\/v2\/product_tag?post=324702"}],"curies":[{"name":"wp","href":"https:\/\/api.w.org\/{rel}","templated":true}]}}