{"id":324706,"date":"2020-11-09T00:00:00","date_gmt":"2020-11-08T23:00:00","guid":{"rendered":"https:\/\/my-eliquid.de\/shop\/uwell-caliburn-g-coils\/"},"modified":"2026-03-26T11:26:10","modified_gmt":"2026-03-26T10:26:10","slug":"uwell-caliburn-g-coils","status":"publish","type":"product","link":"https:\/\/my-eliquid.de\/en_gb\/shop\/uwell-caliburn-g-coils\/","title":{"rendered":"Uwell | Caliburn G | Ersatzcoils"},"content":{"rendered":"<h2>Uwell Caliburn G Coils<\/h2>\n<p>The <strong>Uwell Caliburn G Coils<\/strong> wurden speziell f\u00fcr ein intensives MTL-Dampferlebnis (Mund-zu-Lunge) entwickelt und bieten eine optimale Balance zwischen Dampfentwicklung und Geschmack.<\/p>\n<p>The <strong>vertikale Wicklung<\/strong> sorgt f\u00fcr eine gleichm\u00e4\u00dfige Hitzeverteilung, w\u00e4hrend die hochwertige <strong>Bio-Baumwolle<\/strong> eine besonders reine und unverf\u00e4lschte Geschmacksentfaltung erm\u00f6glicht.<\/p>\n<p>Dank des praktischen <strong>Plug-and-Pull-Designs<\/strong> lassen sich die Coils schnell und einfach austauschen \u2013 ideal f\u00fcr den unkomplizierten Alltag.<\/p>\n<h3>Produktdetails<\/h3>\n<ul>\n<li>Intensives MTL-Dampferlebnis (Mund-zu-Lunge)<\/li>\n<li>Vertikale Coilstruktur f\u00fcr gleichm\u00e4\u00dfige Hitzeverteilung<\/li>\n<li>Hochwertige Bio-Baumwolle f\u00fcr reinen Geschmack<\/li>\n<li>Einfacher Wechsel durch Plug-and-Pull-System<\/li>\n<li>Langlebig und zuverl\u00e4ssig<\/li>\n<\/ul>\n<h3>Verf\u00fcgbare Varianten<\/h3>\n<ul>\n<li><strong>0,8 Ohm:<\/strong> 13 &#8211; 18 Watt<\/li>\n<li><strong>1,0 Ohm:<\/strong> 10 &#8211; 15 Watt<\/li>\n<li><strong>1,2 Ohm (G2):<\/strong> 9 &#8211; 13 Watt<\/li>\n<\/ul>\n<h3>Kompatibilit\u00e4t<\/h3>\n<ul>\n<li>Uwell Caliburn G Serie<\/li>\n<li>Uwell Caliburn G2 Serie<\/li>\n<\/ul>\n<h3>Scope of delivery<\/h3>\n<ul>\n<li>4 x Uwell Caliburn G Coils<\/li>\n<\/ul>\n<h3>Jugendschutz<\/h3>\n<p>Dieses Angebot richtet sich ausschlie\u00dflich an vollj\u00e4hrige Personen. Die Abgabe an Kinder und Jugendliche ist gesetzlich verboten. Ein Kaufvertrag kommt nur nach erfolgreicher Alterspr\u00fcfung zustande. Bei der Zustellung erfolgt zus\u00e4tzlich eine Alterskontrolle.<\/p>","protected":false},"excerpt":{"rendered":"<p>Ersatzcoils f\u00fcr die\u00a0<strong>Uwell Caliburn G!\u00a0<\/strong><\/p>","protected":false},"featured_media":324715,"comment_status":"closed","ping_status":"closed","template":"","meta":{"_acf_changed":false,"_relevanssi_hide_post":"","_relevanssi_hide_content":"","_relevanssi_pin_for_all":"","_relevanssi_pin_keywords":"","_relevanssi_unpin_keywords":"","_relevanssi_related_keywords":"","_relevanssi_related_include_ids":"","_relevanssi_related_exclude_ids":"","_relevanssi_related_no_append":"","_relevanssi_related_not_related":"","_relevanssi_related_posts":"","_relevanssi_noindex_reason":""},"product_brand":[],"product_cat":[4788,4889,4774,4778],"product_tag":[1391,6748,5411,6358,6361,6712,6749,4974,6747,6374],"class_list":{"0":"post-324706","1":"product","2":"type-product","3":"status-publish","4":"has-post-thumbnail","6":"product_cat-clearomizer","7":"product_cat-uwell","8":"product_cat-verdampfer","9":"product_cat-verdampferkoepfe","10":"product_tag-bitte","11":"product_tag-caliburn","12":"product_tag-e-zigaretten","13":"product_tag-einsteiger","14":"product_tag-ersatzcoils","15":"product_tag-fuer","16":"product_tag-g","17":"product_tag-hersteller","18":"product_tag-sets","19":"product_tag-uwell","20":"product_shipping_class-standard","22":"first","23":"instock","24":"taxable","25":"shipping-taxable","26":"purchasable","27":"product-type-variable"},"acf":[],"_links":{"self":[{"href":"https:\/\/my-eliquid.de\/en_gb\/wp-json\/wp\/v2\/product\/324706","targetHints":{"allow":["GET"]}}],"collection":[{"href":"https:\/\/my-eliquid.de\/en_gb\/wp-json\/wp\/v2\/product"}],"about":[{"href":"https:\/\/my-eliquid.de\/en_gb\/wp-json\/wp\/v2\/types\/product"}],"replies":[{"embeddable":true,"href":"https:\/\/my-eliquid.de\/en_gb\/wp-json\/wp\/v2\/comments?post=324706"}],"wp:featuredmedia":[{"embeddable":true,"href":"https:\/\/my-eliquid.de\/en_gb\/wp-json\/wp\/v2\/media\/324715"}],"wp:attachment":[{"href":"https:\/\/my-eliquid.de\/en_gb\/wp-json\/wp\/v2\/media?parent=324706"}],"wp:term":[{"taxonomy":"product_brand","embeddable":true,"href":"https:\/\/my-eliquid.de\/en_gb\/wp-json\/wp\/v2\/product_brand?post=324706"},{"taxonomy":"product_cat","embeddable":true,"href":"https:\/\/my-eliquid.de\/en_gb\/wp-json\/wp\/v2\/product_cat?post=324706"},{"taxonomy":"product_tag","embeddable":true,"href":"https:\/\/my-eliquid.de\/en_gb\/wp-json\/wp\/v2\/product_tag?post=324706"}],"curies":[{"name":"wp","href":"https:\/\/api.w.org\/{rel}","templated":true}]}}