{"id":151634,"date":"2025-03-25T13:08:16","date_gmt":"2025-03-25T12:08:16","guid":{"rendered":"https:\/\/melvx.my-eliquid.de\/?page_id=151634"},"modified":"2025-04-08T00:18:11","modified_gmt":"2025-04-07T22:18:11","slug":"informationspflicht-gem-art-12-ff-eu-dsgvo","status":"publish","type":"page","link":"https:\/\/my-eliquid.de\/es\/informationspflicht-gem-art-12-ff-eu-dsgvo\/","title":{"rendered":"Obligaci\u00f3n de informaci\u00f3n con arreglo al art\u00edculo 12 y siguientes del RGPD de la UE"},"content":{"rendered":"<div class=\"wpb-content-wrapper\"><div class=\"vc_row wpb_row vc_row-fluid\"><div class=\"wpb_column vc_column_container vc_col-sm-12\"><div class=\"vc_column-inner\"><div class=\"wpb_wrapper\">\n\t<div class=\"wpb_text_column wpb_content_element vc_custom_1742904488830 text-larger\" >\n\t\t<div class=\"wpb_wrapper\">\n\t\t\t<div class=\"main\">\n<div class=\"cols-outer\">\n<div class=\"cols\">\n<div class=\"col-main\">\n<div class=\"std\">\n<p>Para cumplir con nuestras obligaciones de informaci\u00f3n seg\u00fan los art\u00edculos 12 y siguientes del Reglamento General de Protecci\u00f3n de Datos (RGPD), a continuaci\u00f3n le presentamos nuestra informaci\u00f3n sobre protecci\u00f3n de datos: <strong>\u00bfQui\u00e9n es responsable del tratamiento de datos?<\/strong> El responsable en materia de protecci\u00f3n de datos es my-eLiquid @ Markus Steiner &amp; Stephan Steiner GbR \u2013 Adam-Geisler-Stra\u00dfe 3 \u2013 82140 Olching Encontrar\u00e1 m\u00e1s informaci\u00f3n sobre nuestra empresa en el aviso legal de la p\u00e1gina web: <a href=\"https:\/\/my-eliquid.de\/es\/impressum\/\">https:\/\/www.my-eliquid.de\/impressum\/<\/a> <strong>Finalidad del tratamiento y base jur\u00eddica<\/strong> Los datos que nos facilite solo ser\u00e1n tratados por nosotros para los fines para los que hayan sido facilitados o recopilados. El tratamiento de datos para otros fines solo se tendr\u00e1 en cuenta si existen los requisitos legales necesarios de conformidad con el art\u00edculo 6, apartado 4, del RGPD. En estos casos, cumpliremos con las obligaciones de informaci\u00f3n establecidas en el art\u00edculo 13, apartado 3, del RGPD y en el art\u00edculo 14, apartado 4, del RGPD. La base jur\u00eddica para el tratamiento de sus datos personales se deriva del art\u00edculo 6 del RGPD. Se contemplan las siguientes posibilidades:<\/p>\n<ul>\n<li>Consentimiento (art. 6, apartado 1, letra a) del RGPD)<\/li>\n<li>Tratamiento de datos para el cumplimiento de contratos (art. 6, apartado 1, letra b) del RGPD).<\/li>\n<li>Tratamiento de datos basado en una ponderaci\u00f3n de intereses (art. 6, apartado 1, letra f) del RGPD)<\/li>\n<li>Tratamiento de datos para el cumplimiento de una obligaci\u00f3n legal (art. 6, apartado 1, letra c) del RGPD)<\/li>\n<\/ul>\n<p>Si los datos personales se procesan sobre la base de su consentimiento, tiene derecho a revocar dicho consentimiento en cualquier momento. Si los datos se procesan sobre la base de una ponderaci\u00f3n de intereses, usted, como persona afectada, tiene derecho a oponerse al tratamiento de los datos personales, teniendo en cuenta las disposiciones del art\u00edculo 21 del RGPD. <strong>Duraci\u00f3n del almacenamiento de datos<\/strong> Trataremos sus datos durante el tiempo que sea necesario para el fin correspondiente. En la medida en que existan obligaciones legales de conservaci\u00f3n, los datos personales en cuesti\u00f3n se almacenar\u00e1n durante el periodo de conservaci\u00f3n obligatorio. Una vez expirada la obligaci\u00f3n de conservaci\u00f3n, se comprueba si sigue existiendo la necesidad de tratamiento. Si no existe tal necesidad, los datos se eliminar\u00e1n. Tiene derecho a obtener informaci\u00f3n sobre los datos personales que tenemos almacenados sobre usted y a solicitar su eliminaci\u00f3n o la restricci\u00f3n de su tratamiento. <strong>Transmisi\u00f3n de sus datos a terceros<\/strong> La transmisi\u00f3n de sus datos personales a terceros solo tendr\u00e1 lugar si es necesario para la ejecuci\u00f3n del contrato con usted, si la transmisi\u00f3n est\u00e1 permitida sobre la base de una ponderaci\u00f3n de intereses en el sentido del art\u00edculo 6, apartado 1, letra f) del RGPD, si existe una obligaci\u00f3n legal de transmisi\u00f3n o si usted ha dado su consentimiento para ello. <strong>Transferencia a terceros pa\u00edses<\/strong> Tratamos sus datos personales exclusivamente en la Rep\u00fablica Federal de Alemania. <strong>Informaci\u00f3n sobre sus derechos como interesado<\/strong> Tiene derecho a obtener informaci\u00f3n sobre los datos personales que tratamos sobre usted. Dependiendo del tipo de solicitud, es posible que le pidamos pruebas adicionales de su identidad. Tiene derecho a rectificar, suprimir o limitar el tratamiento de sus datos personales, siempre que la ley le conceda este derecho. Adem\u00e1s, tiene derecho a oponerse al tratamiento dentro del marco de las disposiciones legales. Lo mismo se aplica al derecho a la portabilidad de los datos. Tiene derecho a oponerse de conformidad con el art\u00edculo 21, apartados 1 y 2, del RGPD y puede revocar los consentimientos relacionados en cualquier momento. <strong>Nuestra responsable de protecci\u00f3n de datos<\/strong> No se ha designado ni nombrado a ning\u00fan delegado de protecci\u00f3n de datos en el proveedor, ya que no existe la obligaci\u00f3n necesaria para ello seg\u00fan el art. 37, apartado 1, del RGPD o el art. 38 de la BDSG (nueva). <strong>derecho de apelaci\u00f3n<\/strong> Tiene derecho a presentar una reclamaci\u00f3n sobre el tratamiento de datos personales ante la autoridad de control competente en materia de protecci\u00f3n de datos. La direcci\u00f3n de la autoridad competente en nuestro caso es: El Comisionado Estatal para la Protecci\u00f3n de Datos y la Libertad de Informaci\u00f3n de Baviera<\/p>\n<table>\n<tbody>\n<tr>\n<td>Wagm\u00fcllerstra\u00dfe 18, 80538 M\u00fanich, Tel. 089 212672-0, Fax<\/td>\n<td>089 212672-50<\/td>\n<\/tr>\n<\/tbody>\n<\/table>\n<p>Correo electr\u00f3nico <a href=\"mailto:poststelle@datenschutz-bayern.de\">poststelle@datenschutz-bayern.de<\/a>, Web https:\/\/www.datenschutz-bayern.de\/ Fecha: 06\/06\/2018<\/p>\n<\/div>\n<\/div>\n<\/div>\n<\/div>\n<\/div>\n\n\t\t<\/div>\n\t<\/div>\n<\/div><\/div><\/div><\/div>\n<\/div>","protected":false},"excerpt":{"rendered":"Um unsere Informationspflichten nach den Art. 12 ff. der Datenschutzgrund-verordnung (DSGVO) zu erf\u00fcllen, stellen wir Ihnen nachfolgend hier unsere Informationen","protected":false},"author":1,"featured_media":0,"parent":0,"menu_order":0,"comment_status":"closed","ping_status":"closed","template":"","meta":{"_acf_changed":false,"_relevanssi_hide_post":"","_relevanssi_hide_content":"","_relevanssi_pin_for_all":"","_relevanssi_pin_keywords":"","_relevanssi_unpin_keywords":"","_relevanssi_related_keywords":"","_relevanssi_related_include_ids":"","_relevanssi_related_exclude_ids":"","_relevanssi_related_no_append":"","_relevanssi_related_not_related":"","_relevanssi_related_posts":"","_relevanssi_noindex_reason":"","footnotes":""},"class_list":["post-151634","page","type-page","status-publish","hentry"],"acf":[],"_links":{"self":[{"href":"https:\/\/my-eliquid.de\/es\/wp-json\/wp\/v2\/pages\/151634","targetHints":{"allow":["GET"]}}],"collection":[{"href":"https:\/\/my-eliquid.de\/es\/wp-json\/wp\/v2\/pages"}],"about":[{"href":"https:\/\/my-eliquid.de\/es\/wp-json\/wp\/v2\/types\/page"}],"author":[{"embeddable":true,"href":"https:\/\/my-eliquid.de\/es\/wp-json\/wp\/v2\/users\/1"}],"replies":[{"embeddable":true,"href":"https:\/\/my-eliquid.de\/es\/wp-json\/wp\/v2\/comments?post=151634"}],"version-history":[{"count":0,"href":"https:\/\/my-eliquid.de\/es\/wp-json\/wp\/v2\/pages\/151634\/revisions"}],"wp:attachment":[{"href":"https:\/\/my-eliquid.de\/es\/wp-json\/wp\/v2\/media?parent=151634"}],"curies":[{"name":"wp","href":"https:\/\/api.w.org\/{rel}","templated":true}]}}