{"id":151641,"date":"2025-03-25T13:12:41","date_gmt":"2025-03-25T12:12:41","guid":{"rendered":"https:\/\/melvx.my-eliquid.de\/?page_id=151641"},"modified":"2026-01-05T13:15:22","modified_gmt":"2026-01-05T12:15:22","slug":"zahlung-und-versand","status":"publish","type":"page","link":"https:\/\/my-eliquid.de\/es\/zahlung-und-versand\/","title":{"rendered":"Pago y env\u00edo"},"content":{"rendered":"<div class=\"wpb-content-wrapper\"><div class=\"vc_row wpb_row vc_row-fluid\"><div class=\"wpb_column vc_column_container vc_col-sm-12\"><div class=\"vc_column-inner\"><div class=\"wpb_wrapper\">\n\t<div class=\"wpb_text_column wpb_content_element vc_custom_1767615312667 text-larger\" >\n\t\t<div class=\"wpb_wrapper\">\n\t\t\t<div class=\"main\">\n<div class=\"cols-outer\">\n<div class=\"cols\">\n<div class=\"col-main\">\n<div class=\"std\">\n<p><strong>Pago y env\u00edo<\/strong><\/p>\n<p>Se aplican las siguientes condiciones:<\/p>\n<p><strong>Condiciones de env\u00edo<\/strong><\/p>\n<p>Los productos se entregan en todo el mundo.<\/p>\n<p>No realizamos env\u00edos a las siguientes islas extranjeras: EE.UU.<\/p>\n<p><strong>Gastos de env\u00edo<\/strong> (incluido el impuesto sobre el valor a\u00f1adido legal)<\/p>\n<p><strong>Entregas nacionales (Alemania):\u00a0<\/strong><\/p>\n<p>Cobramos una tarifa plana de 6,90 euros por pedido en concepto de gastos de env\u00edo.<\/p>\n<p>A partir de un pedido de 50,00 euros, la entrega es gratuita.<\/p>\n<p><strong>Entregas en el extranjero:<\/strong><\/p>\n<p>Calculamos los gastos de env\u00edo al extranjero seg\u00fan el peso del env\u00edo y la tabla actual de DHL:<\/p>\n<p><strong>Plazos de entrega<\/strong><\/p>\n<p>Si no se especifica otro plazo en la oferta correspondiente, la mercanc\u00eda se entregar\u00e1 en Alemania en un plazo de 2 - 5 d\u00edas, para entregas en el extranjero en un plazo de 2 - 14 d\u00edas tras la celebraci\u00f3n del contrato (en caso de pago por adelantado acordado tras el momento de su instrucci\u00f3n de pago).<br \/>\nTenga en cuenta que los domingos y festivos no se realizan entregas.<br \/>\nSi ha pedido art\u00edculos con plazos de entrega diferentes, enviaremos la mercanc\u00eda en un solo env\u00edo, a menos que hayamos acordado otra cosa con usted. En este caso, el plazo de entrega vendr\u00e1 determinado por el art\u00edculo con el plazo de entrega m\u00e1s largo que haya pedido.<\/p>\n<p>Si recoge la mercanc\u00eda usted mismo, le informaremos por correo electr\u00f3nico cuando la mercanc\u00eda est\u00e9 lista y pueda recogerla. En este caso, no se cobrar\u00e1n gastos de env\u00edo.<\/p>\n<p><strong>Formas de pago aceptadas<\/strong><\/p>\n<p><strong>-\u00a0 <\/strong>Pago al contado en el momento del cobro<br \/>\n<strong>-\u00a0 <\/strong>Pago por adelantado mediante transferencia bancaria (cancelaci\u00f3n despu\u00e9s de 7 d\u00edas laborables sin haber recibido el pago)<br \/>\n<strong>-\u00a0 <\/strong>Pago con tarjeta de cr\u00e9dito<br \/>\n<strong>-<\/strong>\u00a0 Pago mediante PayPal<br \/>\n<strong>-<\/strong>\u00a0 Pago mediante PayPal expr\u00e9s<br \/>\n- Pago mediante PayPal (tarjeta de cr\u00e9dito, domiciliaci\u00f3n bancaria, factura si procede)<br \/>\n<strong>-<\/strong><strong>\u00a0 <\/strong>Pago por transferencia bancaria instant\u00e1nea<\/p>\n<p><strong>M\u00e1s detalles sobre el pago<\/strong><\/p>\n<p>Si paga con tarjeta de cr\u00e9dito, el importe se cargar\u00e1 en la cuenta de su tarjeta de cr\u00e9dito cuando se formalice el contrato.<\/p>\n<p><strong>Nuestros datos bancarios:<\/strong><\/p>\n<p>Titular de la cuenta: Markus Steiner<br \/>\nN\u00famero de cuenta: 2782990711<br \/>\nC\u00f3digo bancario: 10011001<br \/>\nNombre del banco: N26 Bank GmbH<br \/>\nIBAN: DE28 1001 1001 2782 9907 11<br \/>\nSWIFT\/BIC: NTSBDEB1XXX<\/p>\n<p>(Despu\u00e9s de 7 d\u00edas h\u00e1biles cancelaci\u00f3n sin recibo de pago)<\/p>\n<p>Si tiene alguna pregunta, encontrar\u00e1 nuestros datos de contacto en el pie de imprenta.<\/p>\n<\/div>\n<\/div>\n<\/div>\n<\/div>\n<\/div>\n\n\t\t<\/div>\n\t<\/div>\n<\/div><\/div><\/div><\/div>\n<\/div>","protected":false},"excerpt":{"rendered":"Zahlung und Versand Es gelten folgende Bedingungen: Versandbedingungen Die Lieferung der Ware erfolgt weltweit. Keine Versendung erfolgt auf die nachstehenden","protected":false},"author":1,"featured_media":0,"parent":0,"menu_order":0,"comment_status":"closed","ping_status":"closed","template":"","meta":{"_acf_changed":false,"_relevanssi_hide_post":"","_relevanssi_hide_content":"","_relevanssi_pin_for_all":"","_relevanssi_pin_keywords":"","_relevanssi_unpin_keywords":"","_relevanssi_related_keywords":"","_relevanssi_related_include_ids":"","_relevanssi_related_exclude_ids":"","_relevanssi_related_no_append":"","_relevanssi_related_not_related":"","_relevanssi_related_posts":"","_relevanssi_noindex_reason":"","footnotes":""},"class_list":["post-151641","page","type-page","status-publish","hentry"],"acf":[],"_links":{"self":[{"href":"https:\/\/my-eliquid.de\/es\/wp-json\/wp\/v2\/pages\/151641","targetHints":{"allow":["GET"]}}],"collection":[{"href":"https:\/\/my-eliquid.de\/es\/wp-json\/wp\/v2\/pages"}],"about":[{"href":"https:\/\/my-eliquid.de\/es\/wp-json\/wp\/v2\/types\/page"}],"author":[{"embeddable":true,"href":"https:\/\/my-eliquid.de\/es\/wp-json\/wp\/v2\/users\/1"}],"replies":[{"embeddable":true,"href":"https:\/\/my-eliquid.de\/es\/wp-json\/wp\/v2\/comments?post=151641"}],"version-history":[{"count":0,"href":"https:\/\/my-eliquid.de\/es\/wp-json\/wp\/v2\/pages\/151641\/revisions"}],"wp:attachment":[{"href":"https:\/\/my-eliquid.de\/es\/wp-json\/wp\/v2\/media?parent=151641"}],"curies":[{"name":"wp","href":"https:\/\/api.w.org\/{rel}","templated":true}]}}