{"id":151643,"date":"2025-03-25T13:13:33","date_gmt":"2025-03-25T12:13:33","guid":{"rendered":"https:\/\/melvx.my-eliquid.de\/?page_id=151643"},"modified":"2025-04-08T00:09:24","modified_gmt":"2025-04-07T22:09:24","slug":"bestellvorgang","status":"publish","type":"page","link":"https:\/\/my-eliquid.de\/es\/bestellvorgang\/","title":{"rendered":"Proceso de pedido"},"content":{"rendered":"<div class=\"wpb-content-wrapper\"><div data-vc-full-width=\"true\" data-vc-full-width-temp=\"true\" data-vc-full-width-init=\"false\" class=\"vc_row wpb_row vc_row-fluid vc_custom_1744063763610 wd-rs-67f44d0f3b704\"><div class=\"wpb_column vc_column_container vc_col-sm-6 vc_col-sm-offset-3\"><div class=\"vc_column-inner vc_custom_1527239539599\"><div class=\"wpb_wrapper\">\n\t\t<div id=\"wd-67e29de018377\" class=\"title-wrapper wd-wpb wd-set-mb reset-last-child  wd-rs-67e29de018377 wd-title-color-default wd-title-style-default text-center vc_custom_1742904802028 wd-underline-colored\">\n\t\t\t\n\t\t\t<div class=\"liner-continer\">\n\t\t\t\t<h3 class=\"woodmart-title-container title  wd-font-weight- wd-fontsize-l\" >Proceso de pedido, f\u00e1cil y c\u00f3modo<\/h3>\n\t\t\t\t\t\t\t<\/div>\n\t\t\t\n\t\t\t\n\t\t\t\n\t\t<\/div>\n\t\t\n\t\t\n\t<div class=\"wpb_text_column wpb_content_element vc_custom_1742904810432 text-larger\" >\n\t\t<div class=\"wpb_wrapper\">\n\t\t\t<div class=\"main\">\n<div class=\"cols-outer\">\n<div class=\"cols\">\n<div class=\"col-main\">\n<div class=\"std\">\n<h2>\u00bfC\u00f3mo puedo realizar un pedido en my-eLiquid?<\/h2>\n<h4>1. Cesta de la compra<\/h4>\n<p>Seleccione los productos que desea pedir haciendo clic en el bot\u00f3n \u201cA\u00f1adir al carrito\u201d. De este modo, su selecci\u00f3n se a\u00f1adir\u00e1 al carrito. Puede modificar esta selecci\u00f3n en cualquier momento hasta que env\u00ede su pedido, cambiando la cantidad de productos, eliminando la selecci\u00f3n haciendo clic en la casilla \u201cEliminar\u201d o cancelando el proceso de pedido. Al hacer clic en el bot\u00f3n \u201cCaja\u201d, pasar\u00e1 al siguiente paso del pedido.<\/p>\n<h4>2. Caja<\/h4>\n<p>Si ya tiene una cuenta de cliente, inicie sesi\u00f3n con su direcci\u00f3n de correo electr\u00f3nico y contrase\u00f1a. Si es la primera vez que realiza un pedido, reg\u00edstrese como nuevo cliente. Sus datos se recopilar\u00e1n, procesar\u00e1n y utilizar\u00e1n de conformidad con las disposiciones legales en materia de protecci\u00f3n de datos (<a href=\"https:\/\/my-eliquid.de\/es\/datenschutz\/\">Aviso sobre protecci\u00f3n de datos<\/a>). No se realizar\u00e1 ning\u00fan otro uso ni se transmitir\u00e1n a terceros. Una vez que haya iniciado sesi\u00f3n, podr\u00e1 seleccionar el m\u00e9todo de env\u00edo. Al hacer clic en el bot\u00f3n \u201cContinuar\u201d, pasar\u00e1 al siguiente paso del pedido.<\/p>\n<h4>3. Comprueba la direcci\u00f3n de facturaci\u00f3n\/selecciona la forma de pago.<\/h4>\n<p>Ahora compruebe su direcci\u00f3n de facturaci\u00f3n e introduzca la direcci\u00f3n de entrega que desee. <a href=\"https:\/\/my-eliquid.de\/es\/zahlungsarten\/\">Forma de pago<\/a> . Al hacer clic en el bot\u00f3n \u201cContinuar\u201d, pasar\u00e1 al siguiente paso del proceso de pedido.<\/p>\n<h4>4. Comprueba la direcci\u00f3n de env\u00edo\/selecciona el m\u00e9todo de env\u00edo.<\/h4>\n<p>Ahora compruebe su direcci\u00f3n de env\u00edo e introduzca la direcci\u00f3n que desee. <a href=\"https:\/\/my-eliquid.de\/es\/bestellvorgang\/\">Modo de env\u00edo<\/a> . Al hacer clic en el bot\u00f3n \u201cContinuar\u201d, pasar\u00e1 al siguiente paso del proceso de pedido.<\/p>\n<h4>5. Finalizar el proceso de pedido\/Condiciones generales y protecci\u00f3n de datos<\/h4>\n<p>Recibir\u00e1 un resumen de su pedido: los productos seleccionados, la direcci\u00f3n de env\u00edo y de facturaci\u00f3n, y sus datos de contacto. Compruebe que todos los datos sean correctos y lea las <a href=\"https:\/\/my-eliquid.de\/es\/allgemeine-geschaftsbedingungen\/\">Condiciones generales de contrataci\u00f3n<\/a> y la <a href=\"https:\/\/my-eliquid.de\/es\/widerrufsbelehrung\/\">Pol\u00edtica de anulaci\u00f3n<\/a> atentamente. Solo podr\u00e1 continuar con el pedido si acepta los T\u00e9rminos y condiciones generales y la Pol\u00edtica de privacidad (marcando la casilla correspondiente). Al hacer clic en el bot\u00f3n \u201cEnviar pedido\u201d, nos enviar\u00e1 su pedido. Con ello, usted realiza una oferta legalmente vinculante.<\/p>\n<\/div>\n<\/div>\n<\/div>\n<\/div>\n<\/div>\n\n\t\t<\/div>\n\t<\/div>\n<\/div><\/div><\/div><\/div><div class=\"vc_row-full-width vc_clearfix\"><\/div>\n<\/div>","protected":false},"excerpt":{"rendered":"Bestellvorgang, einfach und bequem bestellen Wie kann ich bei my-eLiquid bestellen? 1. Warenkorb W\u00e4hlen Sie die Produkte aus, die Sie","protected":false},"author":1,"featured_media":0,"parent":0,"menu_order":0,"comment_status":"closed","ping_status":"closed","template":"","meta":{"_acf_changed":false,"_relevanssi_hide_post":"","_relevanssi_hide_content":"","_relevanssi_pin_for_all":"","_relevanssi_pin_keywords":"","_relevanssi_unpin_keywords":"","_relevanssi_related_keywords":"","_relevanssi_related_include_ids":"","_relevanssi_related_exclude_ids":"","_relevanssi_related_no_append":"","_relevanssi_related_not_related":"","_relevanssi_related_posts":"","_relevanssi_noindex_reason":"","footnotes":""},"class_list":["post-151643","page","type-page","status-publish","hentry"],"acf":[],"_links":{"self":[{"href":"https:\/\/my-eliquid.de\/es\/wp-json\/wp\/v2\/pages\/151643","targetHints":{"allow":["GET"]}}],"collection":[{"href":"https:\/\/my-eliquid.de\/es\/wp-json\/wp\/v2\/pages"}],"about":[{"href":"https:\/\/my-eliquid.de\/es\/wp-json\/wp\/v2\/types\/page"}],"author":[{"embeddable":true,"href":"https:\/\/my-eliquid.de\/es\/wp-json\/wp\/v2\/users\/1"}],"replies":[{"embeddable":true,"href":"https:\/\/my-eliquid.de\/es\/wp-json\/wp\/v2\/comments?post=151643"}],"version-history":[{"count":0,"href":"https:\/\/my-eliquid.de\/es\/wp-json\/wp\/v2\/pages\/151643\/revisions"}],"wp:attachment":[{"href":"https:\/\/my-eliquid.de\/es\/wp-json\/wp\/v2\/media?parent=151643"}],"curies":[{"name":"wp","href":"https:\/\/api.w.org\/{rel}","templated":true}]}}