{"id":154997,"date":"2014-09-17T00:00:00","date_gmt":"2014-09-16T22:00:00","guid":{"rendered":"https:\/\/melvx.my-eliquid.de\/shop\/my-eliquid-sortiment\/ezigaretten-zubehoer\/messbecher-und-zylinder\/messzylinder-polypropylen-100ml\/"},"modified":"2025-11-25T13:51:17","modified_gmt":"2025-11-25T12:51:17","slug":"messzylinder-polypropylen-100ml","status":"publish","type":"product","link":"https:\/\/my-eliquid.de\/es\/shop\/messzylinder-polypropylen-100ml\/","title":{"rendered":"Probetas graduadas de polipropileno (PP), 100 ml"},"content":{"rendered":"<p><strong>100 ml Messzylinder<\/strong> de polipropileno (<strong>PP<\/strong>), , Unterteilung: 1 ml, hohe Form, mit Achtkantfu\u00df und Ausgu\u00df, sehr gut durchscheinend, zum <strong>Medici\u00f3n<\/strong> de <strong>L\u00edquidos<\/strong> bei der Herstellung von eigenen Liquids f\u00fcr e-Zigaretten und <strong>Verdampfern<\/strong>.<\/p>\n<p>Zur besseren Reinigung ist der <strong>Fu\u00df abnehmbar<\/strong>. Justiert auf &#8220;In&#8221;. Toleranzen der Klasse B entsprechend <strong>DIN 12681 \/ ISO 6706<\/strong>. Thermische Belastungen bis 60 \u00b0C bewirken keine bleibende \u00dcberschreitung der Toleranzgrenze. Um die Graduierung zu schonen, wird die <span style=\"color: #ff0000;\">Reinigung bis max. 60 \u00b0C<\/span> empfohlen.<\/p>","protected":false},"excerpt":{"rendered":"<p><strong>Cilindro de medici\u00f3n<\/strong> de polipropileno (<strong>PP<\/strong>), <strong>100 ml<\/strong>, subdivisi\u00f3n: 1 ml, forma alta, con base octogonal y pico, muy buena translucidez, para <strong>Medici\u00f3n<\/strong> de <strong>L\u00edquidos<\/strong>.<\/p>","protected":false},"featured_media":319402,"comment_status":"open","ping_status":"closed","template":"","meta":{"_acf_changed":false,"_relevanssi_hide_post":"","_relevanssi_hide_content":"","_relevanssi_pin_for_all":"","_relevanssi_pin_keywords":"","_relevanssi_unpin_keywords":"","_relevanssi_related_keywords":"","_relevanssi_related_include_ids":"","_relevanssi_related_exclude_ids":"","_relevanssi_related_no_append":"","_relevanssi_related_not_related":"","_relevanssi_related_posts":"","_relevanssi_noindex_reason":""},"product_brand":[],"product_cat":[4796,4699],"product_tag":[7579,7541,7290,5261,7289,6732,7578,4982],"class_list":{"0":"post-154997","1":"product","2":"type-product","3":"status-publish","4":"has-post-thumbnail","6":"product_cat-messbecher-und-zylinder","7":"product_cat-ezigaretten-zubehoer","8":"product_tag-pp","9":"product_tag-7541","10":"product_tag-aus","11":"product_tag-liquidhandling","12":"product_tag-messzylinder","13":"product_tag-ml","14":"product_tag-polypropylen","15":"product_tag-zubehoer","16":"product_shipping_class-standard","17":"pa_ageverification-nein","18":"pa_filling_quantity-10ml","19":"pa_generate_meta-nein","20":"pa_mixture_ratio-pg50_vg50","21":"pa_nicotin-n_a","22":"pa_product_suggestion-nein","23":"pa_product_type-8_zubehor","24":"pa_product_weight-4218","25":"pa_weight-0_3","27":"first","28":"instock","29":"taxable","30":"shipping-taxable","31":"purchasable","32":"product-type-simple"},"acf":[],"_links":{"self":[{"href":"https:\/\/my-eliquid.de\/es\/wp-json\/wp\/v2\/product\/154997","targetHints":{"allow":["GET"]}}],"collection":[{"href":"https:\/\/my-eliquid.de\/es\/wp-json\/wp\/v2\/product"}],"about":[{"href":"https:\/\/my-eliquid.de\/es\/wp-json\/wp\/v2\/types\/product"}],"replies":[{"embeddable":true,"href":"https:\/\/my-eliquid.de\/es\/wp-json\/wp\/v2\/comments?post=154997"}],"wp:featuredmedia":[{"embeddable":true,"href":"https:\/\/my-eliquid.de\/es\/wp-json\/wp\/v2\/media\/319402"}],"wp:attachment":[{"href":"https:\/\/my-eliquid.de\/es\/wp-json\/wp\/v2\/media?parent=154997"}],"wp:term":[{"taxonomy":"product_brand","embeddable":true,"href":"https:\/\/my-eliquid.de\/es\/wp-json\/wp\/v2\/product_brand?post=154997"},{"taxonomy":"product_cat","embeddable":true,"href":"https:\/\/my-eliquid.de\/es\/wp-json\/wp\/v2\/product_cat?post=154997"},{"taxonomy":"product_tag","embeddable":true,"href":"https:\/\/my-eliquid.de\/es\/wp-json\/wp\/v2\/product_tag?post=154997"}],"curies":[{"name":"wp","href":"https:\/\/api.w.org\/{rel}","templated":true}]}}